{"id":2386,"date":"2024-04-05T20:57:21","date_gmt":"2024-04-05T20:57:21","guid":{"rendered":"https:\/\/tecnopacks.com.mx\/empaque\/?post_type=product&#038;p=2386"},"modified":"2026-03-25T18:44:38","modified_gmt":"2026-03-25T18:44:38","slug":"selladora-multifuncional-de-banda-de-codificacion-de-tinta-solida-vertical-frm-810ii-frd-1000","status":"publish","type":"product","link":"https:\/\/tecnopacks.com.mx\/empaque\/producto\/sellador-de-banda-de-codificacion-de-tinta-solida\/selladora-multifuncional-de-banda-de-codificacion-de-tinta-solida-vertical-frm-810ii-frd-1000\/","title":{"rendered":"Selladora Multifuncional  de banda de codificaci\u00f3n de tinta s\u00f3lida vertical FRM-810II\/FRD-1000"},"content":{"rendered":"\n<h1><a href=\"https:\/\/tecnopacks.com.mx\/empaque\/\">Selladora Multifuncional de banda de codificaci\u00f3n de tinta s\u00f3lida vertical FRM-810II\/FRD-1000<\/a><\/h1>\n<p>Adecuado para sellar todo tipo de bolsas y materiales pl\u00e1sticos. Uno de nuestros selladores de banda m\u00e1s populares con propuestas de gran valor. Puede sellar de 20 a 26 bolsas de polietileno de 6\u2033 de ancho por minuto.<\/p>\n<p>\u25cf Configuraci\u00f3n vertical con altura m\u00ednima y m\u00e1xima de la bolsa cuando la bolsa est\u00e1 llena: M\u00edn.: 6,0\u2033 \/ M\u00e1x.: 12,0\u2033<\/p>\n<p>\u25cf Acero inoxidable duradero<\/p>\n<p>\u25cf F\u00e1cil de operar: capacitaci\u00f3n m\u00ednima del operador<\/p>\n<p>\u25cf Tiempo de calentamiento r\u00e1pido<\/p>\n<p>\u25cf Sella cualquier material termopl\u00e1stico, incluidos PE, PP y laminados.<\/p>\n<p>\u25cf Controlador de temperatura de estado s\u00f3lido para mantener las barras de sellado a la temperatura adecuada para lograr una calidad de sellado uniforme<\/p>\n<p>\u25cf Transportador de caucho motorizado con control de velocidad<\/p>\n<p>\u25cf Rodillos moleteados de la rueda de presi\u00f3n con ajuste de presi\u00f3n variable<\/p>\n<p>\u25cf M\u00e9todo de sellado \u2013 calor directo constante<\/p>\n<p>\u25cf Sellado de izquierda a derecha.<\/p>\n<p>\u25cf Equipado con un bot\u00f3n de parada de emergencia<\/p>\n<p>\u25cf Enviado en configuraci\u00f3n horizontal; convi\u00e9rtalo a vertical con el kit incluido<\/p>\n<p><a href=\"https:\/\/impropack.com.mx\/contacto\/\"><strong>Par\u00e1metros:<\/strong><\/a><\/p>\n","protected":false},"excerpt":{"rendered":"<div class=\"pword\">\n<p>&nbsp;<\/p>\n<table class=\"table\" border=\"0\" width=\"100%\" cellspacing=\"0\" cellpadding=\"0\">\n<tbody>\n<tr class=\"firstRow\">\n<td align=\"center\" valign=\"middle\" width=\"317\"><\/td>\n<td align=\"center\" valign=\"middle\" width=\"235\">\n<p style=\"text-align: center;\">FRM-810II<\/p>\n<\/td>\n<\/tr>\n<tr>\n<td align=\"center\" valign=\"middle\" width=\"317\">Voltaje (V\/Hz)<\/td>\n<td align=\"center\" valign=\"middle\" width=\"235\">\n<p style=\"text-align: center;\">CA 220\/50 110\/60<\/p>\n<\/td>\n<\/tr>\n<tr>\n<td align=\"center\" valign=\"middle\" width=\"317\">Potencia del motor (W)<\/td>\n<td align=\"center\" valign=\"middle\" width=\"235\">\n<p style=\"text-align: center;\">50<\/p>\n<\/td>\n<\/tr>\n<tr>\n<td align=\"center\" valign=\"middle\" width=\"317\">Potencia de sellado (W)<\/td>\n<td align=\"center\" valign=\"middle\" width=\"235\">\n<p style=\"text-align: center;\">300\u00d72<\/p>\n<\/td>\n<\/tr>\n<tr>\n<td align=\"center\" valign=\"middle\" width=\"317\">Potencia de calentamiento de impresi\u00f3n (W)<\/td>\n<td align=\"center\" valign=\"middle\" width=\"235\">\n<p style=\"text-align: center;\">40\u00d72<\/p>\n<\/td>\n<\/tr>\n<tr>\n<td align=\"center\" valign=\"middle\" width=\"317\">Velocidad (m\/min)<\/td>\n<td align=\"center\" valign=\"middle\" width=\"235\">\n<p style=\"text-align: center;\">0-12 (0-16)<\/p>\n<\/td>\n<\/tr>\n<tr>\n<td align=\"center\" valign=\"middle\" width=\"317\">Ancho de sellado (mm)<\/td>\n<td align=\"center\" valign=\"middle\" width=\"235\">\n<p style=\"text-align: center;\">10<\/p>\n<\/td>\n<\/tr>\n<tr>\n<td align=\"center\" valign=\"middle\" width=\"317\">Rango de temperatura (\u2103)<\/td>\n<td align=\"center\" valign=\"middle\" width=\"235\">\n<p style=\"text-align: center;\">0-300<\/p>\n<\/td>\n<\/tr>\n<tr>\n<td align=\"center\" valign=\"middle\" width=\"317\">Tipo de impresi\u00f3n<\/td>\n<td align=\"center\" valign=\"middle\" width=\"235\">\n<p style=\"text-align: center;\">Rodillo de tinta s\u00f3lida<\/p>\n<\/td>\n<\/tr>\n<tr>\n<td align=\"center\" valign=\"middle\" width=\"317\">Distancia desde el centro de sellado hasta la mesa del transportador (mm)<\/td>\n<td align=\"center\" valign=\"middle\" width=\"235\">\n<p style=\"text-align: center;\">200-320<\/p>\n<\/td>\n<\/tr>\n<tr>\n<td align=\"center\" valign=\"middle\" width=\"317\">Tama\u00f1o de la mesa del transportador (L \u00d7 W) (mm)<\/td>\n<td align=\"center\" valign=\"middle\" width=\"235\">\n<p style=\"text-align: center;\">950\u00d7180<\/p>\n<\/td>\n<\/tr>\n<tr>\n<td align=\"center\" valign=\"middle\" width=\"317\">Carga total del transportador (kg)<\/td>\n<td align=\"center\" valign=\"middle\" width=\"235\">\n<p style=\"text-align: center;\">\u22643<\/p>\n<\/td>\n<\/tr>\n<tr>\n<td align=\"center\" valign=\"middle\" width=\"317\">Dimensiones externas (L \u00d7 W \u00d7 H) (mm)<\/td>\n<td align=\"center\" valign=\"middle\" width=\"235\">\n<p style=\"text-align: center;\">950\u00d7400\u00d7540<\/p>\n<\/td>\n<\/tr>\n<tr>\n<td align=\"center\" valign=\"middle\" width=\"317\">Peso neto \/ kg)<\/td>\n<td align=\"center\" valign=\"middle\" width=\"235\">\n<p style=\"text-align: center;\">35<\/p>\n<\/td>\n<\/tr>\n<\/tbody>\n<\/table>\n<p>Modelo: FRM-810II<\/p>\n<p>Selladora Multifuncional de banda de codificaci\u00f3n de tinta s\u00f3lida vertical FRM-810II\/FRD-1000<br \/>\nApto para sellar todo tipo de materiales pl\u00e1sticos y bolsas. Uno de nuestros selladores de banda m\u00e1s populares con propuestas de gran valor. Puede sellar de 20 a 26 bolsas de polietileno de 6&#8243; de ancho por minuto.<\/p>\n<\/div>\n<div>Sucursales : Guadalajara,Monterrey , Cuidad de Mexico y Tijuana<\/div>\n","protected":false},"featured_media":2438,"template":"","meta":[],"product_brand":[],"product_cat":[138,10736],"product_tag":[],"class_list":{"0":"post-2386","1":"product","2":"type-product","3":"status-publish","4":"has-post-thumbnail","6":"product_cat-sellador-de-banda-de-codificacion-de-tinta-solida","7":"product_cat-selladoras-3","9":"first","10":"instock","11":"shipping-taxable","12":"product-type-simple"},"_links":{"self":[{"href":"https:\/\/tecnopacks.com.mx\/empaque\/wp-json\/wp\/v2\/product\/2386","targetHints":{"allow":["GET"]}}],"collection":[{"href":"https:\/\/tecnopacks.com.mx\/empaque\/wp-json\/wp\/v2\/product"}],"about":[{"href":"https:\/\/tecnopacks.com.mx\/empaque\/wp-json\/wp\/v2\/types\/product"}],"wp:featuredmedia":[{"embeddable":true,"href":"https:\/\/tecnopacks.com.mx\/empaque\/wp-json\/wp\/v2\/media\/2438"}],"wp:attachment":[{"href":"https:\/\/tecnopacks.com.mx\/empaque\/wp-json\/wp\/v2\/media?parent=2386"}],"wp:term":[{"taxonomy":"product_brand","embeddable":true,"href":"https:\/\/tecnopacks.com.mx\/empaque\/wp-json\/wp\/v2\/product_brand?post=2386"},{"taxonomy":"product_cat","embeddable":true,"href":"https:\/\/tecnopacks.com.mx\/empaque\/wp-json\/wp\/v2\/product_cat?post=2386"},{"taxonomy":"product_tag","embeddable":true,"href":"https:\/\/tecnopacks.com.mx\/empaque\/wp-json\/wp\/v2\/product_tag?post=2386"}],"curies":[{"name":"wp","href":"https:\/\/api.w.org\/{rel}","templated":true}]}}