{"id":2389,"date":"2024-04-05T20:57:21","date_gmt":"2024-04-05T20:57:21","guid":{"rendered":"https:\/\/tecnopacks.com.mx\/empaque\/?post_type=product&#038;p=2389"},"modified":"2026-03-25T18:45:08","modified_gmt":"2026-03-25T18:45:08","slug":"selladora-vertical-para-bolsas-ziploc-con-codificacion-de-tinta-solida-frbm-810ii-frd-1000","status":"publish","type":"product","link":"https:\/\/tecnopacks.com.mx\/empaque\/producto\/sellador-de-banda-de-codificacion-de-tinta-solida\/selladora-vertical-para-bolsas-ziploc-con-codificacion-de-tinta-solida-frbm-810ii-frd-1000\/","title":{"rendered":"Selladora Vertical  para Bolsas Ziploc con codificaci\u00f3n de tinta s\u00f3lida FRBM-810II \/ FRD- 1000"},"content":{"rendered":"\n<h1><a href=\"https:\/\/tecnopacks.com.mx\/empaque\/\"><span style=\"text-decoration: underline;\"><em><strong>Selladora Vertical para Bolsas Ziploc con codificaci\u00f3n de tinta s\u00f3lida FRBM-810II \/ FRD- 1000<\/strong><\/em><\/span><\/a><\/h1>\n<p>FRBM-810II es un sellador de banda vertical de mesa. Las bolsas prefabricadas se sellan de pie, lo que es ideal para productos en polvo, l\u00edquidos o s\u00f3lidos que se derramar\u00edan si se sellaran en posici\u00f3n horizontal. La unidad de sellado se puede ajustar en altura para adaptarse a diferentes tama\u00f1os de paquetes. El FRBM-810II est\u00e1 equipado con cinturones de sellado de PTFE y puede ajustar la temperatura de 0 a 300 \u2103. Equipado con un sistema de codificaci\u00f3n de tinta s\u00f3lida para lograr diferentes requisitos de codificaci\u00f3n de contenido y color.<\/p>\n<p data-pm-slice=\"1 1 []\">Selladora Vertical para Bolsas Ziploc con Codificaci\u00f3n de Tinta S\u00f3lida FRBM-810II \/ FRD-1000 \u2013 Precisi\u00f3n y Versatilidad en un Solo Equipo<\/p>\n<p>En el mundo del empaque moderno, la eficiencia, la presentaci\u00f3n y la trazabilidad son factores clave para el \u00e9xito. Si est\u00e1s buscando una soluci\u00f3n profesional para el sellado herm\u00e9tico de productos en bolsas resellables, la Selladora Vertical para Bolsas Ziploc con codificaci\u00f3n de tinta s\u00f3lida FRBM-810II \/ FRD-1000 es la m\u00e1quina que elevar\u00e1 tu producci\u00f3n al siguiente nivel.<\/p>\n<p>\u00a0<\/p>\n<p>Esta Selladora Vertical para Bolsas Ziploc con codificaci\u00f3n de tinta s\u00f3lida FRBM-810II \/ FRD-1000 es ideal para industrias alimentarias, farmac\u00e9uticas, cosm\u00e9ticas y de productos qu\u00edmicos que requieren un empaque seguro, limpio y estandarizado. Gracias a su dise\u00f1o vertical, permite sellar bolsas Ziploc y otros empaques con cierre herm\u00e9tico sin necesidad de modificar su posici\u00f3n natural, lo que es especialmente \u00fatil para productos en polvo, granos, l\u00edquidos o art\u00edculos que deben mantenerse en posici\u00f3n vertical durante el proceso.<\/p>\n<p>\u00a0<\/p>\n<p>Tecnolog\u00eda y Funcionalidad Avanzada<\/p>\n<p>La Selladora Vertical para Bolsas Ziploc con codificaci\u00f3n de tinta s\u00f3lida FRBM-810II \/ FRD-1000 no solo realiza el sellado, sino que tambi\u00e9n incluye un sistema de codificaci\u00f3n de tinta s\u00f3lida que imprime informaci\u00f3n directamente en la bolsa, como fechas de vencimiento, lotes, c\u00f3digos o logos. Este sistema de codificaci\u00f3n en caliente permite una impresi\u00f3n clara, resistente y duradera, sin necesidad de etiquetas adicionales.<\/p>\n<p>\u00a0<\/p>\n<p>El modelo FRBM-810II es ideal para producciones medias a altas y trabaja con bolsas de diferentes materiales como PE, PP, laminados, celof\u00e1n, entre otros. Por su parte, el modelo FRD-1000 ofrece opciones adicionales como control digital de temperatura, velocidad ajustable, y mayor capacidad de carga, lo que lo hace ideal para l\u00edneas de producci\u00f3n m\u00e1s robustas.<\/p>\n<p>\u00a0<\/p>\n<p>Caracter\u00edsticas destacadas:<\/p>\n<p>Sistema de sellado continuo vertical<\/p>\n<p>\u00a0<\/p>\n<p>Velocidad ajustable para adaptarse a distintos ritmos de producci\u00f3n<\/p>\n<p>\u00a0<\/p>\n<p>Temperatura controlada digitalmente, ideal para m\u00faltiples tipos de materiales<\/p>\n<p>\u00a0<\/p>\n<p>Sistema de codificaci\u00f3n con tinta s\u00f3lida incluido<\/p>\n<p>\u00a0<\/p>\n<p>Estructura de acero inoxidable: robusta, duradera y f\u00e1cil de limpiar<\/p>\n<p>\u00a0<\/p>\n<p>Compatible con bolsas Ziploc, de polietileno, papel laminado y m\u00e1s<\/p>\n<p>\u00a0<\/p>\n<p>\u00bfPor qu\u00e9 elegirla con TecnoPacks?<\/p>\n<p>En TecnoPacks, somos especialistas en soluciones de empaque. Al adquirir tu Selladora Vertical para Bolsas Ziploc con codificaci\u00f3n de tinta s\u00f3lida FRBM-810II \/ FRD-1000 con nosotros, obtienes mucho m\u00e1s que un equipo: recibes asesor\u00eda t\u00e9cnica personalizada, soporte postventa, disponibilidad inmediata de repuestos y la posibilidad de programar mantenimientos preventivos.<\/p>\n<p>\u00a0<\/p>\n<p>Adem\u00e1s, ofrecemos capacitaci\u00f3n para que puedas sacar el m\u00e1ximo rendimiento a tu Selladora Vertical para Bolsas Ziploc con codificaci\u00f3n de tinta s\u00f3lida FRBM-810II \/ FRD-1000 desde el primer d\u00eda. Si ya cuentas con una unidad, tambi\u00e9n brindamos servicios de reparaci\u00f3n y ajustes t\u00e9cnicos especializados.<\/p>\n<p>\u00a0<\/p>\n<p>\u00a1Solicita una Cotizaci\u00f3n Hoy!<\/p>\n<p>Optimiza tu l\u00ednea de producci\u00f3n con una Selladora Vertical para Bolsas Ziploc con codificaci\u00f3n de tinta s\u00f3lida FRBM-810II \/ FRD-1000 y marca la diferencia en tu empaque. En TecnoPacks, estamos listos para ayudarte a llevar tu negocio al siguiente nivel<a href=\"https:\/\/www.youtube.com\/@tecno-pack765\">.<\/a><\/p>\n<p><strong>Par\u00e1metros:<\/strong><\/p>\n<table class=\"table\" border=\"0\" width=\"100%\" cellspacing=\"0\" cellpadding=\"0\">\n<tbody>\n<tr class=\"firstRow\">\n<td align=\"center\" valign=\"middle\" width=\"309\"><\/td>\n<td align=\"center\" valign=\"middle\" width=\"243\">\n<p style=\"text-align: center;\">FRBM-810II<\/p>\n<\/td>\n<\/tr>\n<tr>\n<td align=\"center\" valign=\"middle\" width=\"309\">Voltaje (V\/Hz)<\/td>\n<td align=\"center\" valign=\"middle\" width=\"243\">\n<p style=\"text-align: center;\">CA 220\/50 110\/60<\/p>\n<\/td>\n<\/tr>\n<tr>\n<td align=\"center\" valign=\"middle\" width=\"309\">Potencia del motor (W)<\/td>\n<td align=\"center\" valign=\"middle\" width=\"243\">\n<p style=\"text-align: center;\">50<\/p>\n<\/td>\n<\/tr>\n<tr>\n<td align=\"center\" valign=\"middle\" width=\"309\">Potencia de sellado (W)<\/td>\n<td align=\"center\" valign=\"middle\" width=\"243\">\n<p style=\"text-align: center;\">300\u00d72<\/p>\n<\/td>\n<\/tr>\n<tr>\n<td align=\"center\" valign=\"middle\" width=\"309\">Potencia de calentamiento de impresi\u00f3n (W)<\/td>\n<td align=\"center\" valign=\"middle\" width=\"243\">\n<p style=\"text-align: center;\">40\u00d72<\/p>\n<\/td>\n<\/tr>\n<tr>\n<td align=\"center\" valign=\"middle\" width=\"309\">Velocidad (m\/min)<\/td>\n<td align=\"center\" valign=\"middle\" width=\"243\">\n<p style=\"text-align: center;\">0-12 (0-16)<\/p>\n<\/td>\n<\/tr>\n<tr>\n<td align=\"center\" valign=\"middle\" width=\"309\">Ancho de sellado (mm)<\/td>\n<td align=\"center\" valign=\"middle\" width=\"243\">\n<p style=\"text-align: center;\">10<\/p>\n<\/td>\n<\/tr>\n<tr>\n<td align=\"center\" valign=\"middle\" width=\"309\">Rango de temperatura (\u2103)<\/td>\n<td align=\"center\" valign=\"middle\" width=\"243\">\n<p style=\"text-align: center;\">0-300<\/p>\n<\/td>\n<\/tr>\n<tr>\n<td align=\"center\" valign=\"middle\" width=\"309\">Tipo de impresi\u00f3n<\/td>\n<td align=\"center\" valign=\"middle\" width=\"243\">\n<p style=\"text-align: center;\">Rodillo de tinta s\u00f3lida<\/p>\n<\/td>\n<\/tr>\n<tr>\n<td align=\"center\" valign=\"middle\" width=\"309\">Distancia desde el centro de sellado hasta la mesa transportadora (mm)<\/td>\n<td align=\"center\" valign=\"middle\" width=\"243\">\n<p style=\"text-align: center;\">20-40\/200-320<\/p>\n<\/td>\n<\/tr>\n<tr>\n<td align=\"center\" valign=\"middle\" width=\"309\">Tama\u00f1o de la mesa del transportador (L \u00d7 W) (mm)<\/td>\n<td align=\"center\" valign=\"middle\" width=\"243\">\n<p style=\"text-align: center;\">954\u00d7153<\/p>\n<\/td>\n<\/tr>\n<tr>\n<td align=\"center\" valign=\"middle\" width=\"309\">Carga total del transportador (kg)<\/td>\n<td align=\"center\" valign=\"middle\" width=\"243\">\n<p style=\"text-align: center;\">\u22643<\/p>\n<\/td>\n<\/tr>\n<tr>\n<td align=\"center\" valign=\"middle\" width=\"309\">Dimensiones externas (L \u00d7 W \u00d7 H) (mm)<\/td>\n<td align=\"center\" valign=\"middle\" width=\"243\">\n<p style=\"text-align: center;\">950 \u00d7 420 \u00d7 315 (horizontales)<\/p>\n<p>955\u00d7345\u00d7625\uff08Verticales\uff09<\/p>\n<\/td>\n<\/tr>\n<tr>\n<td align=\"center\" valign=\"middle\" width=\"309\">Peso neto \/ kg)<\/td>\n<td align=\"center\" valign=\"middle\" width=\"243\">\n<p style=\"text-align: center;\">37.5<\/p>\n<\/td>\n<\/tr>\n<\/tbody>\n<\/table>\n","protected":false},"excerpt":{"rendered":"<div class=\"pword\">Modelo:FRBM-810II<br \/>\nSelladora Vertical para Bolsas Ziploc con codificaci\u00f3n de tinta s\u00f3lida FRBM-810II \/ FRD- 1000FRBM-810II es un sellador de banda vertical de mesa. Las bolsas prefabricadas se sellan de pie, lo que es ideal para productos en polvo, l\u00edquidos o s\u00f3lidos que se derramar\u00edan si se sellan de forma plana.<\/div>\n","protected":false},"featured_media":2441,"template":"","meta":[],"product_brand":[],"product_cat":[138,10736],"product_tag":[3178,3205,3167,3195,3173,3161,3187,3203,887,3183,3186,3160,3202,3168,3199,3181,3190,3174,3171,3175,3176,3191,3189,3200,3208,3204,3164,3172,3179,894,3184,3188,3170,3198,3158,3159,3177,3163,3197,3162,3207,3166,3193,3201,3182,3210,3185,3169,3165,3196,3206,3192,3209,3157,3180,3194,3156],"class_list":{"0":"post-2389","1":"product","2":"type-product","3":"status-publish","4":"has-post-thumbnail","6":"product_cat-sellador-de-banda-de-codificacion-de-tinta-solida","7":"product_cat-selladoras-3","8":"product_tag-maquina-de-sellado-con-codificacion","9":"product_tag-maquina-para-empaque-con-codificador","10":"product_tag-maquina-para-empaque-vertical","11":"product_tag-maquina-para-sellado-vertical-con-impresion","12":"product_tag-maquina-para-sellar-bolsas-con-tinta","13":"product_tag-maquina-para-sellar-bolsas-ziploc","14":"product_tag-maquina-selladora-con-tinta-solida","15":"product_tag-maquina-selladora-de-banda-continua","16":"product_tag-selladora-automatica-de-bolsas","17":"product_tag-selladora-automatica-para-negocios","18":"product_tag-selladora-con-banda-transportadora","19":"product_tag-selladora-con-codificacion-de-tinta-solida","20":"product_tag-selladora-con-codificador-de-tinta","21":"product_tag-selladora-con-codificador-integrado","22":"product_tag-selladora-con-codificador-termico","23":"product_tag-selladora-con-control-de-temperatura","24":"product_tag-selladora-con-impresion-termica","25":"product_tag-selladora-con-sistema-de-tinta-solida","26":"product_tag-selladora-con-temperatura-ajustable","27":"product_tag-selladora-continua-frbm-810ii","28":"product_tag-selladora-continua-frd-1000","29":"product_tag-selladora-continua-para-lineas-de-produccion","30":"product_tag-selladora-continua-para-productos-liquidos","31":"product_tag-selladora-de-alta-precision","32":"product_tag-selladora-de-bolsas-alimentarias","33":"product_tag-selladora-de-bolsas-automatica-vertical","34":"product_tag-selladora-de-bolsas-con-impresion","35":"product_tag-selladora-de-bolsas-con-impresion-de-fecha","36":"product_tag-selladora-de-bolsas-con-impresion-de-lote","37":"product_tag-selladora-de-bolsas-de-celofan","38":"product_tag-selladora-de-bolsas-para-granos","39":"product_tag-selladora-de-bolsas-plasticas","40":"product_tag-selladora-de-bolsas-vertical-profesional","41":"product_tag-selladora-de-uso-continuo","42":"product_tag-selladora-frbm-810ii","43":"product_tag-selladora-frd-1000","44":"product_tag-selladora-industrial-con-codificador","45":"product_tag-selladora-industrial-de-bolsas","46":"product_tag-selladora-industrial-para-bolsas-con-cierre","47":"product_tag-selladora-para-bolsas-con-cierre-hermetico","48":"product_tag-selladora-para-bolsas-doypack","49":"product_tag-selladora-para-bolsas-laminadas","50":"product_tag-selladora-para-bolsas-pe-y-pp","51":"product_tag-selladora-para-empaque-industrial","52":"product_tag-selladora-para-empaques-alimenticios","53":"product_tag-selladora-para-impresion-de-codigos-en-bolsas","54":"product_tag-selladora-para-liquidos-en-bolsa","55":"product_tag-selladora-para-polietileno","56":"product_tag-selladora-para-productos-alimenticios","57":"product_tag-selladora-para-productos-farmaceuticos","58":"product_tag-selladora-para-sellos-ziploc","59":"product_tag-selladora-profesional-para-empaque","60":"product_tag-selladora-vertical-con-sistema-de-impresion","61":"product_tag-selladora-vertical-continua","62":"product_tag-selladora-vertical-de-acero-inoxidable","63":"product_tag-selladora-vertical-para-bolsas-con-codificacion","64":"product_tag-selladora-vertical-para-bolsas-ziploc","66":"first","67":"instock","68":"shipping-taxable","69":"product-type-simple"},"_links":{"self":[{"href":"https:\/\/tecnopacks.com.mx\/empaque\/wp-json\/wp\/v2\/product\/2389","targetHints":{"allow":["GET"]}}],"collection":[{"href":"https:\/\/tecnopacks.com.mx\/empaque\/wp-json\/wp\/v2\/product"}],"about":[{"href":"https:\/\/tecnopacks.com.mx\/empaque\/wp-json\/wp\/v2\/types\/product"}],"wp:featuredmedia":[{"embeddable":true,"href":"https:\/\/tecnopacks.com.mx\/empaque\/wp-json\/wp\/v2\/media\/2441"}],"wp:attachment":[{"href":"https:\/\/tecnopacks.com.mx\/empaque\/wp-json\/wp\/v2\/media?parent=2389"}],"wp:term":[{"taxonomy":"product_brand","embeddable":true,"href":"https:\/\/tecnopacks.com.mx\/empaque\/wp-json\/wp\/v2\/product_brand?post=2389"},{"taxonomy":"product_cat","embeddable":true,"href":"https:\/\/tecnopacks.com.mx\/empaque\/wp-json\/wp\/v2\/product_cat?post=2389"},{"taxonomy":"product_tag","embeddable":true,"href":"https:\/\/tecnopacks.com.mx\/empaque\/wp-json\/wp\/v2\/product_tag?post=2389"}],"curies":[{"name":"wp","href":"https:\/\/api.w.org\/{rel}","templated":true}]}}