{"id":2403,"date":"2024-04-05T20:57:41","date_gmt":"2024-04-05T20:57:41","guid":{"rendered":"https:\/\/tecnopacks.com.mx\/empaque\/?post_type=product&#038;p=2403"},"modified":"2026-03-25T18:43:58","modified_gmt":"2026-03-25T18:43:58","slug":"sselladora-multifuncional-automatica-de-banda-frm-980ii-frd-1000-uso-rudo","status":"publish","type":"product","link":"https:\/\/tecnopacks.com.mx\/empaque\/producto\/sellador-de-banda-de-codificacion-de-tinta-solida\/sselladora-multifuncional-automatica-de-banda-frm-980ii-frd-1000-uso-rudo\/","title":{"rendered":"Selladora Multifuncional Automatica de Banda FRM-980II \/ FRD-1000 USO RUDO"},"content":{"rendered":"\n<h1><a href=\"https:\/\/tecnopacks.com.mx\/empaque\/tienda\/\">Selladora Multifuncional Automatica de Banda FRM-980II \/ FRD-1000 USO RUDO<\/a><\/h1>\n<p>FRM-980II es adecuado para tipos de materiales de sellado. Tiene algunas funciones como velocidad continua ajustable, control de temperatura constante y temperatura ajustable; por lo que es ampliamente utilizado en muchos campos.<\/p>\n<p>La m\u00e1quina puede imprimir la letra de dos l\u00edneas simult\u00e1neamente con el sellado.<\/p>\n<p>Con los personajes claros y conspicuos. Los colores son seleccionables y dif\u00edciles de decaer e inalterables, impresi\u00f3n instant\u00e1nea y secado instant\u00e1neo, con fuerte adherencia. Puede imprimir el modelo R dos l\u00edneas de caracteres No.4 (PT18). Tres l\u00edneas de caracteres No.5 (PT 10.5).<\/p>\n<p>FRM-980II es de tipo vertical que puede ser la elecci\u00f3n perfecta para bolsas con l\u00edquido en el interior.<\/p>\n<p><a href=\"https:\/\/impropack.com.mx\/contacto\/\"><strong>Par\u00e1metros:<\/strong><\/a><\/p>\n","protected":false},"excerpt":{"rendered":"<div class=\"pword\">\n<table class=\"table\" border=\"0\" width=\"100%\" cellspacing=\"0\" cellpadding=\"0\">\n<tbody>\n<tr class=\"firstRow\">\n<td align=\"center\" valign=\"middle\" width=\"320\"><\/td>\n<td align=\"center\" valign=\"middle\" width=\"232\">\n<p style=\"text-align: center;\">FRM-980II<\/p>\n<\/td>\n<\/tr>\n<tr>\n<td align=\"center\" valign=\"middle\" width=\"320\">Voltaje (V\/Hz)<\/td>\n<td align=\"center\" valign=\"middle\" width=\"232\">\n<p style=\"text-align: center;\">CA 220\/50 110\/60<\/p>\n<\/td>\n<\/tr>\n<tr>\n<td align=\"center\" valign=\"middle\" width=\"320\">Potencia del motor (W)<\/td>\n<td align=\"center\" valign=\"middle\" width=\"232\">\n<p style=\"text-align: center;\">50<\/p>\n<\/td>\n<\/tr>\n<tr>\n<td align=\"center\" valign=\"middle\" width=\"320\">Potencia de sellado (W)<\/td>\n<td align=\"center\" valign=\"middle\" width=\"232\">\n<p style=\"text-align: center;\">300\u00d72<\/p>\n<\/td>\n<\/tr>\n<tr>\n<td align=\"center\" valign=\"middle\" width=\"320\">Potencia de calentamiento de impresi\u00f3n (W)<\/td>\n<td align=\"center\" valign=\"middle\" width=\"232\">\n<p style=\"text-align: center;\">40\u00d72<\/p>\n<\/td>\n<\/tr>\n<tr>\n<td align=\"center\" valign=\"middle\" width=\"320\">Velocidad (m\/min)<\/td>\n<td align=\"center\" valign=\"middle\" width=\"232\">\n<p style=\"text-align: center;\">0-12 (0-16)<\/p>\n<\/td>\n<\/tr>\n<tr>\n<td align=\"center\" valign=\"middle\" width=\"320\">Ancho de sellado (mm)<\/td>\n<td align=\"center\" valign=\"middle\" width=\"232\">\n<p style=\"text-align: center;\">10<\/p>\n<\/td>\n<\/tr>\n<tr>\n<td align=\"center\" valign=\"middle\" width=\"320\">Rango de temperatura (\u2103)<\/td>\n<td align=\"center\" valign=\"middle\" width=\"232\">\n<p style=\"text-align: center;\">0-300<\/p>\n<\/td>\n<\/tr>\n<tr>\n<td align=\"center\" valign=\"middle\" width=\"320\">Tipo de impresi\u00f3n<\/td>\n<td align=\"center\" valign=\"middle\" width=\"232\">\n<p style=\"text-align: center;\">Rodillo de tinta s\u00f3lida<\/p>\n<\/td>\n<\/tr>\n<tr>\n<td align=\"center\" valign=\"middle\" width=\"320\">Distancia desde el centro de sellado hasta la mesa transportadora (mm)<\/td>\n<td align=\"center\" valign=\"middle\" width=\"232\">\n<p style=\"text-align: center;\">200-320<\/p>\n<\/td>\n<\/tr>\n<tr>\n<td align=\"center\" valign=\"middle\" width=\"320\">Tama\u00f1o de la mesa del transportador (L \u00d7 W) (mm)<\/td>\n<td align=\"center\" valign=\"middle\" width=\"232\">\n<p style=\"text-align: center;\">954\u00d7153<\/p>\n<\/td>\n<\/tr>\n<tr>\n<td align=\"center\" valign=\"middle\" width=\"320\">Carga total del transportador (kg)<\/td>\n<td align=\"center\" valign=\"middle\" width=\"232\">\n<p style=\"text-align: center;\">\u22643<\/p>\n<\/td>\n<\/tr>\n<tr>\n<td align=\"center\" valign=\"middle\" width=\"320\">Dimensiones externas (L \u00d7 W \u00d7 H) (mm)<\/td>\n<td align=\"center\" valign=\"middle\" width=\"232\">\n<p style=\"text-align: center;\">950\u00d7400\u00d7670<\/p>\n<\/td>\n<\/tr>\n<tr>\n<td align=\"center\" valign=\"middle\" width=\"320\">Peso neto \/ kg)<\/td>\n<td align=\"center\" valign=\"middle\" width=\"232\">\n<p style=\"text-align: center;\">35<\/p>\n<\/td>\n<\/tr>\n<\/tbody>\n<\/table>\n<p>Modelo: FRM-980II<\/p>\n<p>Selladora Multifuncional Automatica de Banda FRM-980II \/ FRD-1000 USO RUDO<\/p>\n<p>FRM-980II es adecuado para tipos de materiales de sellado. Tiene algunas funciones como velocidad continua ajustable, control de temperatura constante y temperatura ajustable; por lo que es ampliamente utilizado en muchos campos.<\/p>\n<\/div>\n<div><\/div>\n<div>Hacemos envios a nivel nacional<\/div>\n<div><\/div>\n<div>Sucursales: Guadalajara, Monterrey, Cuidad de Mexico y Tijuana<\/div>\n","protected":false},"featured_media":2444,"template":"","meta":[],"product_brand":[],"product_cat":[138,10736],"product_tag":[],"class_list":{"0":"post-2403","1":"product","2":"type-product","3":"status-publish","4":"has-post-thumbnail","6":"product_cat-sellador-de-banda-de-codificacion-de-tinta-solida","7":"product_cat-selladoras-3","9":"first","10":"instock","11":"shipping-taxable","12":"product-type-simple"},"_links":{"self":[{"href":"https:\/\/tecnopacks.com.mx\/empaque\/wp-json\/wp\/v2\/product\/2403","targetHints":{"allow":["GET"]}}],"collection":[{"href":"https:\/\/tecnopacks.com.mx\/empaque\/wp-json\/wp\/v2\/product"}],"about":[{"href":"https:\/\/tecnopacks.com.mx\/empaque\/wp-json\/wp\/v2\/types\/product"}],"wp:featuredmedia":[{"embeddable":true,"href":"https:\/\/tecnopacks.com.mx\/empaque\/wp-json\/wp\/v2\/media\/2444"}],"wp:attachment":[{"href":"https:\/\/tecnopacks.com.mx\/empaque\/wp-json\/wp\/v2\/media?parent=2403"}],"wp:term":[{"taxonomy":"product_brand","embeddable":true,"href":"https:\/\/tecnopacks.com.mx\/empaque\/wp-json\/wp\/v2\/product_brand?post=2403"},{"taxonomy":"product_cat","embeddable":true,"href":"https:\/\/tecnopacks.com.mx\/empaque\/wp-json\/wp\/v2\/product_cat?post=2403"},{"taxonomy":"product_tag","embeddable":true,"href":"https:\/\/tecnopacks.com.mx\/empaque\/wp-json\/wp\/v2\/product_tag?post=2403"}],"curies":[{"name":"wp","href":"https:\/\/api.w.org\/{rel}","templated":true}]}}