{"id":2425,"date":"2024-04-05T20:58:03","date_gmt":"2024-04-05T20:58:03","guid":{"rendered":"https:\/\/tecnopacks.com.mx\/empaque\/?post_type=product&#038;p=2425"},"modified":"2026-03-25T18:41:40","modified_gmt":"2026-03-25T18:41:40","slug":"selladora-de-banda-continua-c-codificador-incluido-infla-bolsas-celofan","status":"publish","type":"product","link":"https:\/\/tecnopacks.com.mx\/empaque\/producto\/sellador-de-impresion-de-cinta-de-color\/selladora-de-banda-continua-c-codificador-incluido-infla-bolsas-celofan\/","title":{"rendered":"Selladora de Banda Continua inyecta aire SF-150g"},"content":{"rendered":"\n<h1><a href=\"https:\/\/tecnopacks.com.mx\/empaque\/\"><span style=\"text-decoration: underline;\"><em><strong>Selladora de Banda Continua inyecta aire SF-150g<\/strong><\/em><\/span><\/a><\/h1>\n<p>Selladora de Banda Continua c\/ codificador incluido infla Bolsas Celofan<\/p>\n<p>Si tiene una operaci\u00f3n de embolsado en la que desea acelerar la producci\u00f3n, pero la automatizaci\u00f3n no es una opci\u00f3n, una selladora de banda continua puede ser para usted. Una m\u00e1quina de sellado de banda continua ofrece muchos beneficios. Estas m\u00e1quinas sellan de forma r\u00e1pida y segura una gran cantidad de diferentes materiales de bolsas, brindando una resistencia y un atractivo visual sobresalientes para una apariencia profesional y un rendimiento confiable. Pueden sellar cualquier material termopl\u00e1stico, incluido el polietileno, el polipropileno y las laminaciones con l\u00e1minas, como los paquetes que se usan para guardar caf\u00e9.<\/p>\n<p data-pm-slice=\"1 1 []\">Selladora de Banda Continua inyecta aire SF-150g \u2013 Potencia y eficiencia con Tecnopacks<\/p>\n<p>\u00a0<\/p>\n<p>En Tecnopacks, entendemos que cada segundo cuenta en las l\u00edneas de empaque industriales. Por eso, te presentamos la innovadora Selladora de Banda Continua inyecta aire SF-150g, una m\u00e1quina dise\u00f1ada para ofrecer resultados de alta calidad con velocidad, precisi\u00f3n y durabilidad. La Selladora de Banda Continua inyecta aire SF-150g es la soluci\u00f3n ideal para negocios que buscan sellados firmes, profesionales y consistentes en bolsas de diferentes materiales.<\/p>\n<p>\u00a0<\/p>\n<p>La Selladora de Banda Continua inyecta aire SF-150g combina el sellado continuo con un sistema de inyecci\u00f3n de aire, lo cual proporciona una excelente presentaci\u00f3n al empaque, evitando arrugas o deformaciones. Gracias a su tecnolog\u00eda avanzada, la Selladora de Banda Continua inyecta aire SF-150g mejora significativamente la eficiencia operativa y reduce tiempos de producci\u00f3n. En Tecnopacks, garantizamos que la Selladora de Banda Continua inyecta aire SF-150g cumple con los est\u00e1ndares m\u00e1s exigentes de calidad.<\/p>\n<p>\u00a0<\/p>\n<p>Una gran ventaja de la Selladora de Banda Continua inyecta aire SF-150g es su capacidad de trabajar con una amplia variedad de materiales, incluyendo polietileno, polipropileno, laminados y bolsas metalizadas. Esto hace que la Selladora de Banda Continua inyecta aire SF-150g sea ideal para industrias como alimentos, productos m\u00e9dicos, cosm\u00e9tica, ferreter\u00eda y muchas m\u00e1s.<\/p>\n<p>\u00a0<\/p>\n<p>La Selladora de Banda Continua inyecta aire SF-150g est\u00e1 equipada con control de temperatura y velocidad ajustables, lo que permite un sellado personalizado seg\u00fan el grosor y tipo de bolsa. Adem\u00e1s, la Selladora de Banda Continua inyecta aire SF-150g incluye una banda transportadora resistente y f\u00e1cil de ajustar, lo que facilita el trabajo continuo sin interrupciones.<\/p>\n<p>\u00a0<\/p>\n<p>En Tecnopacks, te ofrecemos la Selladora de Banda Continua inyecta aire SF-150g con soporte t\u00e9cnico especializado, repuestos disponibles y capacitaci\u00f3n para que puedas sacarle el m\u00e1ximo provecho desde el primer d\u00eda. Nuestro compromiso es que tu Selladora de Banda Continua inyecta aire SF-150g funcione con m\u00e1xima eficiencia.<\/p>\n<p>\u00a0<\/p>\n<p>Si est\u00e1s buscando mejorar la presentaci\u00f3n, el sellado y la velocidad en tus procesos de empaque, la Selladora de Banda Continua inyecta aire SF-150g es tu mejor aliada. Su robustez, tecnolog\u00eda y facilidad de uso hacen que la Selladora de Banda Continua inyecta aire SF-150g sea una inversi\u00f3n inteligente para empresas que buscan crecimiento y optimizaci\u00f3n.<\/p>\n<p>\u00a0<\/p>\n<p>Conf\u00eda en Tecnopacks y lleva tu l\u00ednea de producci\u00f3n al siguiente nivel con la Selladora de Banda Continua inyecta aire SF-150g. \u00a1Solicita tu cotizaci\u00f3n hoy mismo y conoce todos los beneficios de la Selladora de Banda Continua inyecta aire SF-150g!<\/p>\n<p>Estas m\u00e1quinas tambi\u00e9n son excelentes para sellar paquetes que reducen la carga electrost\u00e1tica para productos electr\u00f3nicos. Son perfectos para el sellado de volumen medio o alto. Cuando se trata de empaque, las selladoras de banda continua son tan vers\u00e1tiles y eficientes, de hecho, que bien podr\u00edan llamarse selladoras de bolsas continuas.<\/p>\n<p>Una m\u00e1quina selladora de banda es muy f\u00e1cil de operar. Todo lo que el operador debe hacer es introducir bolsas en la m\u00e1quina. Los sacos llenos se desplazan sobre una cinta transportadora motorizada. La m\u00e1quina gu\u00eda la parte superior de cada bolsa a trav\u00e9s del proceso de sellado mediante bandas de PTFE.<\/p>\n<p>Muchas selladoras est\u00e1n disponibles con codificadores de impresoras de estampado en caliente o rollo en caliente. Los materiales de construcci\u00f3n disponibles para estas m\u00e1quinas pueden incluir aleaciones de metal con recubrimiento en polvo, as\u00ed como acero inoxidable<a href=\"https:\/\/www.youtube.com\/@tecno-pack765\">.<\/a><\/p>\n<p>\u00a0<\/p>\n","protected":false},"excerpt":{"rendered":"<div>Selladora de Banda Continua c\/ codificador incluido infla Bolsas Celofan<\/div>\n<div class=\"pword\">Modelo:FRSC-1010III<br \/>\nSi tiene una operaci\u00f3n de embolsado en la que desea acelerar la producci\u00f3n, pero la automatizaci\u00f3n no es una opci\u00f3n, una selladora de banda continua puede ser para usted.<\/div>\n<div>\n<p><strong>Par\u00e1metros:<\/strong><\/p>\n<table class=\"table\" border=\"0\" width=\"100%\" cellspacing=\"0\" cellpadding=\"0\">\n<tbody>\n<tr class=\"firstRow\">\n<td align=\"center\" valign=\"middle\" width=\"319\"><\/td>\n<td align=\"center\" valign=\"middle\" width=\"99\">\n<p style=\"text-align: center;\">FRSC-1010III<\/p>\n<\/td>\n<td align=\"center\" valign=\"middle\" width=\"134\">\n<p style=\"text-align: center;\">FRSQ-1010III<\/p>\n<\/td>\n<\/tr>\n<tr>\n<td align=\"center\" valign=\"middle\" width=\"319\">Voltaje (V\/Hz)<\/td>\n<td colspan=\"2\" align=\"center\" valign=\"middle\" width=\"233\">\n<p style=\"text-align: center;\">CA 220\/50 110\/60<\/p>\n<\/td>\n<\/tr>\n<tr>\n<td align=\"center\" valign=\"middle\" width=\"319\">Potencia del motor (W)<\/td>\n<td colspan=\"2\" align=\"center\" valign=\"middle\" width=\"233\">\n<p style=\"text-align: center;\">100<\/p>\n<\/td>\n<\/tr>\n<tr>\n<td align=\"center\" valign=\"middle\" width=\"319\">Potencia de la bomba de succi\u00f3n (W)<\/td>\n<td align=\"center\" valign=\"middle\" width=\"99\">\n<p style=\"text-align: center;\">1200<\/p>\n<\/td>\n<td align=\"center\" valign=\"middle\" width=\"134\">\n<p style=\"text-align: center;\">180<\/p>\n<\/td>\n<\/tr>\n<tr>\n<td align=\"center\" valign=\"middle\" width=\"319\">Potencia de sellado (W)<\/td>\n<td colspan=\"2\" align=\"center\" valign=\"middle\" width=\"233\">\n<p style=\"text-align: center;\">400\u00d72<\/p>\n<\/td>\n<\/tr>\n<tr>\n<td align=\"center\" valign=\"middle\" width=\"319\">Potencia de calentamiento de impresi\u00f3n (W)<\/td>\n<td colspan=\"2\" align=\"center\" valign=\"middle\" width=\"233\">\n<p style=\"text-align: center;\">50\u00d72<\/p>\n<\/td>\n<\/tr>\n<tr>\n<td align=\"center\" valign=\"middle\" width=\"319\">Velocidad (m\/min)<\/td>\n<td colspan=\"2\" align=\"center\" valign=\"middle\" width=\"233\">\n<p style=\"text-align: center;\">0-12(0-16)<\/p>\n<\/td>\n<\/tr>\n<tr>\n<td align=\"center\" valign=\"middle\" width=\"319\">Ancho de sellado (mm)<\/td>\n<td colspan=\"2\" align=\"center\" valign=\"middle\" width=\"233\">\n<p style=\"text-align: center;\">10<\/p>\n<\/td>\n<\/tr>\n<tr>\n<td align=\"center\" valign=\"middle\" width=\"319\">Rango de temperatura (\u2103)<\/td>\n<td colspan=\"2\" align=\"center\" valign=\"middle\" width=\"233\">\n<p style=\"text-align: center;\">0-300<\/p>\n<\/td>\n<\/tr>\n<tr>\n<td align=\"center\" valign=\"middle\" width=\"319\">Tipo de impresi\u00f3n<\/td>\n<td colspan=\"2\" align=\"center\" valign=\"middle\" width=\"233\">\n<p style=\"text-align: center;\">cinta de colores<\/p>\n<\/td>\n<\/tr>\n<tr>\n<td align=\"center\" valign=\"middle\" width=\"319\">Distancia desde el centro de sellado hasta la mesa transportadora (mm)<\/td>\n<td colspan=\"2\" align=\"center\" valign=\"middle\" width=\"233\">\n<p style=\"text-align: center;\">10-40<\/p>\n<\/td>\n<\/tr>\n<tr>\n<td align=\"center\" valign=\"middle\" width=\"319\">Distancia desde la placa base hasta el transportador interior (mm)<\/td>\n<td colspan=\"2\" align=\"center\" valign=\"middle\" width=\"233\">\n<p style=\"text-align: center;\">85-115<\/p>\n<\/td>\n<\/tr>\n<tr>\n<td align=\"center\" valign=\"middle\" width=\"319\">Tama\u00f1o de la mesa del transportador (L \u00d7 W) (mm)<\/td>\n<td colspan=\"2\" align=\"center\" valign=\"middle\" width=\"233\">\n<p style=\"text-align: center;\">1065\u00d7205<\/p>\n<\/td>\n<\/tr>\n<tr>\n<td align=\"center\" valign=\"middle\" width=\"319\">Carga total del transportador (kg)<\/td>\n<td colspan=\"2\" align=\"center\" valign=\"middle\" width=\"233\">\n<p style=\"text-align: center;\">\u22643<\/p>\n<\/td>\n<\/tr>\n<tr>\n<td align=\"center\" valign=\"middle\" width=\"319\">Dimensiones externas (L \u00d7 W \u00d7 H) (mm)<\/td>\n<td colspan=\"2\" align=\"center\" valign=\"middle\" width=\"233\">\n<p style=\"text-align: center;\">1065\u00d7540\u00d71020<\/p>\n<\/td>\n<\/tr>\n<tr>\n<td align=\"center\" valign=\"middle\" width=\"319\">Peso neto \/ kg)<\/td>\n<td align=\"center\" valign=\"middle\" width=\"99\">\n<p style=\"text-align: center;\">73<\/p>\n<\/td>\n<td align=\"center\" valign=\"middle\" width=\"134\">\n<p style=\"text-align: center;\">73<\/p>\n<\/td>\n<\/tr>\n<\/tbody>\n<\/table>\n<\/div>\n<div>Sucursales: Guadalajara, Monterrey , Cuidad de Mexico y Tijuana<\/div>\n","protected":false},"featured_media":2466,"template":"","meta":[],"product_brand":[],"product_cat":[139,10736],"product_tag":[4321,4333,4021,4342,4309,4354,4336,4346,3186,4335,4320,4323,4318,4338,4168,4314,4329,4332,4330,4319,4349,4316,4344,4312,4327,729,4351,4325,4322,4191,4331,4340,4353,4334,4328,4337,4308,3693,4317,4310,4341,4326,4315,4343,4313,4347,3166,4273,4352,4348,3169,4274,4345,4311,4307,4339,4324,4350],"class_list":{"0":"post-2425","1":"product","2":"type-product","3":"status-publish","4":"has-post-thumbnail","6":"product_cat-sellador-de-impresion-de-cinta-de-color","7":"product_cat-selladoras-3","8":"product_tag-maquina-de-sellado-por-calor","9":"product_tag-maquina-industrial-para-bolsas","10":"product_tag-maquina-para-cerrar-bolsas","11":"product_tag-maquina-para-sellar-empaques","12":"product_tag-maquina-selladora-con-aire","13":"product_tag-maquina-selladora-eficiente","14":"product_tag-selladora-con-aire-integrado","15":"product_tag-selladora-con-ajuste-de-altura","16":"product_tag-selladora-con-banda-transportadora","17":"product_tag-selladora-con-banda-y-calor","18":"product_tag-selladora-con-sistema-de-aire","19":"product_tag-selladora-con-sistema-neumatico","20":"product_tag-selladora-con-temperatura-regulable","21":"product_tag-selladora-continua-con-temperatura-digital","22":"product_tag-selladora-continua-de-alta-velocidad","23":"product_tag-selladora-continua-para-bolsas","24":"product_tag-selladora-continua-para-cafe","25":"product_tag-selladora-continua-para-linea-de-produccion","26":"product_tag-selladora-continua-para-snacks","27":"product_tag-selladora-continua-profesional","28":"product_tag-selladora-continua-resistente","29":"product_tag-selladora-de-banda-automatica","30":"product_tag-selladora-de-banda-compacta","31":"product_tag-selladora-de-banda-con-aire","32":"product_tag-selladora-de-banda-con-inyeccion-de-aire","33":"product_tag-selladora-de-banda-continua","34":"product_tag-selladora-de-banda-continua-tecnopacks","35":"product_tag-selladora-de-banda-economica","36":"product_tag-selladora-de-banda-horizontal","37":"product_tag-selladora-de-banda-para-alimentos","38":"product_tag-selladora-de-banda-para-cosmeticos","39":"product_tag-selladora-de-banda-para-envases","40":"product_tag-selladora-de-banda-para-industria-alimentaria","41":"product_tag-selladora-de-banda-para-plasticos","42":"product_tag-selladora-de-banda-para-productos-secos","43":"product_tag-selladora-de-banda-profesional","44":"product_tag-selladora-de-banda-sf-150g","45":"product_tag-selladora-de-bolsas-automatica","46":"product_tag-selladora-de-bolsas-con-calor","47":"product_tag-selladora-de-bolsas-continua","48":"product_tag-selladora-de-bolsas-tipo-sobre","49":"product_tag-selladora-de-empaque-continuo","50":"product_tag-selladora-de-empaque-industrial","51":"product_tag-selladora-horizontal-de-banda","52":"product_tag-selladora-industrial-sf-150g","53":"product_tag-selladora-para-bolsas-de-gran-tamano","54":"product_tag-selladora-para-bolsas-laminadas","55":"product_tag-selladora-para-bolsas-metalizadas","56":"product_tag-selladora-para-empaque-hermetico","57":"product_tag-selladora-para-empaques-industriales","58":"product_tag-selladora-para-polietileno","59":"product_tag-selladora-para-polipropileno","60":"product_tag-selladora-para-productos-empacados","61":"product_tag-selladora-que-inyecta-aire","62":"product_tag-selladora-sf-150g","63":"product_tag-selladora-sf-150g-banda-continua","64":"product_tag-selladora-sf-150g-con-aire","65":"product_tag-selladora-sf-150g-tecnopacks","67":"first","68":"instock","69":"shipping-taxable","70":"product-type-simple"},"_links":{"self":[{"href":"https:\/\/tecnopacks.com.mx\/empaque\/wp-json\/wp\/v2\/product\/2425","targetHints":{"allow":["GET"]}}],"collection":[{"href":"https:\/\/tecnopacks.com.mx\/empaque\/wp-json\/wp\/v2\/product"}],"about":[{"href":"https:\/\/tecnopacks.com.mx\/empaque\/wp-json\/wp\/v2\/types\/product"}],"wp:featuredmedia":[{"embeddable":true,"href":"https:\/\/tecnopacks.com.mx\/empaque\/wp-json\/wp\/v2\/media\/2466"}],"wp:attachment":[{"href":"https:\/\/tecnopacks.com.mx\/empaque\/wp-json\/wp\/v2\/media?parent=2425"}],"wp:term":[{"taxonomy":"product_brand","embeddable":true,"href":"https:\/\/tecnopacks.com.mx\/empaque\/wp-json\/wp\/v2\/product_brand?post=2425"},{"taxonomy":"product_cat","embeddable":true,"href":"https:\/\/tecnopacks.com.mx\/empaque\/wp-json\/wp\/v2\/product_cat?post=2425"},{"taxonomy":"product_tag","embeddable":true,"href":"https:\/\/tecnopacks.com.mx\/empaque\/wp-json\/wp\/v2\/product_tag?post=2425"}],"curies":[{"name":"wp","href":"https:\/\/api.w.org\/{rel}","templated":true}]}}