{"id":2476,"date":"2024-04-05T20:58:47","date_gmt":"2024-04-05T20:58:47","guid":{"rendered":"https:\/\/tecnopacks.com.mx\/empaque\/?post_type=product&#038;p=2476"},"modified":"2026-03-24T04:35:53","modified_gmt":"2026-03-24T04:35:53","slug":"selladora-de-cizalla-manual-para-bolsas-de-plastico","status":"publish","type":"product","link":"https:\/\/tecnopacks.com.mx\/empaque\/producto\/selladora-de-bolsas-manual\/selladora-de-cizalla-manual-para-bolsas-de-plastico\/","title":{"rendered":"Selladora de cizalla manual para bolsas de pl\u00e1stico"},"content":{"rendered":"\n<h1>Selladora de cizalla manual para bolsas de pl\u00e1stico<\/h1>\n<p><a href=\"https:\/\/tecnopacks.com.mx\/\">El sellador<\/a> de impulso de mano larga de la serie FS-H ofrece una longitud de sellado m\u00e1s larga para aplicaciones de sellado m\u00e1s amplias. Los selladores est\u00e1n disponibles de 500 a 1000 mm con un ancho de sellado de 3 mm.<\/p>\n<p><em><strong>La Selladora de cizalla<\/strong> manual para bolsas de pl\u00e1stico<\/em> es una herramienta indispensable para aquellas empresas o individuos que buscan una soluci\u00f3n econ\u00f3mica y eficiente para el sellado de bolsas de pl\u00e1stico. Este equipo, ideal para peque\u00f1as y medianas producciones, permite un sellado firme y duradero de una amplia gama de materiales, incluyendo polietileno, polipropileno y otros tipos de pl\u00e1sticos.<\/p>\n<p>Una de las principales ventajas de la <em>Selladora de cizalla manual para bolsas de pl\u00e1stico<\/em> es su facilidad de uso. Al ser manual, no requiere de conexi\u00f3n el\u00e9ctrica, lo que la convierte en una opci\u00f3n ideal para ambientes de trabajo sin acceso a electricidad o para aquellos que buscan reducir el consumo energ\u00e9tico. Su dise\u00f1o compacto y ligero permite que sea transportada y utilizada en diferentes \u00e1reas de trabajo, lo que ofrece una gran flexibilidad a los usuarios.<\/p>\n<p>El sellado es preciso y r\u00e1pido, gracias a la acci\u00f3n de corte de la cizalla, que garantiza un acabado limpio en cada bolsa. Esto no solo mejora la presentaci\u00f3n del producto, sino que tambi\u00e9n asegura la protecci\u00f3n del contenido contra factores externos como la humedad, el polvo o la contaminaci\u00f3n.<\/p>\n<p><strong><span style=\"text-decoration: underline;\">La <\/span><\/strong><em><strong><span style=\"text-decoration: underline;\">Selladora de cizalla manual<\/span><\/strong> para bolsas de pl\u00e1stico<\/em> es duradera, fabricada con materiales de alta calidad que garantizan un uso prolongado sin necesidad de mantenimientos frecuentes. Es ideal para industrias como la alimentaria, farmac\u00e9utica o de productos de consumo que requieren un empaque seguro y de calidad.<\/p>\n<p>En resumen, la <em>Selladora de cizalla manual para bolsas de pl\u00e1stico<\/em> es una soluci\u00f3n eficaz y confiable para quienes necesitan una herramienta de sellado flexible y f\u00e1cil de opera<\/p>\n<p>Solicitud:<\/p>\n<article class=\"w-full text-token-text-primary focus-visible:outline-2 focus-visible:outline-offset-[-4px]\" dir=\"auto\" data-testid=\"conversation-turn-16\" data-scroll-anchor=\"false\">\n<h5 class=\"sr-only\"><span style=\"font-size: 16px;\">Selladora de cizalla manual para bolsas de pl\u00e1stico<\/span><\/h5>\n<div class=\"text-base py-[18px] px-3 md:px-4 m-auto w-full md:px-5 lg:px-4 xl:px-5\">\n<div class=\"mx-auto flex flex-1 gap-4 text-base md:gap-5 lg:gap-6 md:max-w-3xl lg:max-w-[40rem] xl:max-w-[48rem]\">\n<div class=\"group\/conversation-turn relative flex w-full min-w-0 flex-col\">\n<div class=\"flex-col gap-1 md:gap-3\">\n<div class=\"flex max-w-full flex-col flex-grow\">\n<div class=\"min-h-8 text-message flex w-full flex-col items-end gap-2 whitespace-normal break-words [.text-message+&amp;]:mt-5\" dir=\"auto\" data-message-author-role=\"user\" data-message-id=\"aaa2d213-d52d-4a25-8360-9504077957ce\">\n<div class=\"flex w-full flex-col gap-1 empty:hidden items-end rtl:items-start\">\n<div class=\"relative max-w-[70%] rounded-3xl px-5 py-2.5 bg-[#f4f4f4] dark:bg-token-main-surface-secondary\">\n<div class=\"absolute bottom-0 right-full top-0 -mr-3.5 hidden pr-5 pt-1 [.group\\\/conversation-turn:hover_&amp;]:block\"><\/div>\n<\/div>\n<\/div>\n<\/div>\n<\/div>\n<\/div>\n<\/div>\n<\/div>\n<\/div>\n<\/article>\n<article class=\"w-full text-token-text-primary focus-visible:outline-2 focus-visible:outline-offset-[-4px]\" dir=\"auto\" data-testid=\"conversation-turn-17\" data-scroll-anchor=\"false\">\n<div class=\"text-base py-[18px] px-3 md:px-4 m-auto w-full md:px-5 lg:px-4 xl:px-5\">\n<div class=\"mx-auto flex flex-1 gap-4 text-base md:gap-5 lg:gap-6 md:max-w-3xl lg:max-w-[40rem] xl:max-w-[48rem]\">\n<div class=\"group\/conversation-turn relative flex w-full min-w-0 flex-col agent-turn\">\n<div class=\"flex-col gap-1 md:gap-3\">\n<div class=\"flex max-w-full flex-col flex-grow\">\n<div class=\"min-h-8 text-message flex w-full flex-col items-end gap-2 whitespace-normal break-words [.text-message+&amp;]:mt-5\" dir=\"auto\" data-message-author-role=\"assistant\" data-message-id=\"9a4386c2-bd3a-49f2-85e3-2ef07d024f73\">\n<div class=\"flex w-full flex-col gap-1 empty:hidden first:pt-[3px]\">\n<div class=\"markdown prose w-full break-words dark:prose-invert light\">\n<p>La <em>Selladora de cizalla manual para bolsas de pl\u00e1stico<\/em> es una herramienta sencilla y eficiente dise\u00f1ada para sellar bolsas de pl\u00e1stico de diversos materiales, como polietileno y polipropileno. Esta m\u00e1quina es ideal para peque\u00f1as y medianas empresas, o para aquellos que necesitan un equipo compacto y f\u00e1cil de usar para tareas de sellado manual.<\/p>\n<p>La <em>Selladora de cizalla manual para bolsas de pl\u00e1stico<\/em> permite un sellado r\u00e1pido y seguro, lo que asegura que los productos queden bien empaquetados y protegidos contra la humedad, el polvo y otros factores externos. Su operaci\u00f3n manual la hace altamente flexible y econ\u00f3mica, ya que no requiere energ\u00eda el\u00e9ctrica para funcionar, lo que reduce los costos de operaci\u00f3n.<\/p>\n<p>Entre sus principales beneficios, destaca su durabilidad, ya que est\u00e1 construida con materiales resistentes que garantizan un rendimiento prolongado. Adem\u00e1s, la <em>Selladora de cizalla manual para bolsas de pl\u00e1stico<\/em> es ligera y f\u00e1cil de transportar, lo que facilita su uso en diferentes \u00e1reas de trabajo o incluso en operaciones m\u00f3viles.<\/p>\n<\/div>\n<\/div>\n<\/div>\n<\/div>\n<\/div>\n<\/div>\n<\/div>\n<\/div>\n<\/article>\n<p>Las selladoras de impulso manual de la serie FS-H son ampliamente utilizadas en industrias tales como alimentos, productos locales especiales, t\u00e9, medicina, ferreter\u00eda, etc.<\/p>\n<p><a href=\"https:\/\/impropack.com.mx\/\"><strong>Par\u00e1metros:<\/strong><\/a><\/p>\n","protected":false},"excerpt":{"rendered":"<div>\n<table class=\"table\" border=\"0\" width=\"100%\" cellspacing=\"0\" cellpadding=\"0\">\n<tbody>\n<tr class=\"firstRow\">\n<td align=\"center\" valign=\"middle\" width=\"217\"><\/td>\n<td align=\"center\" valign=\"middle\" width=\"111\">\n<p style=\"text-align: center;\">FS-500H<\/p>\n<\/td>\n<td align=\"center\" valign=\"middle\" width=\"110\">\n<p style=\"text-align: center;\">FS-600H<\/p>\n<\/td>\n<td align=\"center\" valign=\"middle\" width=\"112\">\n<p style=\"text-align: center;\">FS-700H<\/p>\n<\/td>\n<\/tr>\n<tr>\n<td align=\"center\" valign=\"middle\" width=\"217\">Voltaje (V\/Hz)<\/td>\n<td colspan=\"3\" align=\"center\" valign=\"middle\" width=\"335\">\n<p style=\"text-align: center;\">CA 220\/50 10\/60<\/p>\n<\/td>\n<\/tr>\n<tr>\n<td align=\"center\" valign=\"middle\" width=\"217\">Potencia (W)<\/td>\n<td align=\"center\" valign=\"middle\" width=\"111\">\n<p style=\"text-align: center;\">650<\/p>\n<\/td>\n<td align=\"center\" valign=\"middle\" width=\"110\">\n<p style=\"text-align: center;\">780<\/p>\n<\/td>\n<td align=\"center\" valign=\"middle\" width=\"112\">\n<p style=\"text-align: center;\">910<\/p>\n<\/td>\n<\/tr>\n<tr>\n<td align=\"center\" valign=\"middle\" width=\"217\">Longitud de sellado (mm)<\/td>\n<td align=\"center\" valign=\"middle\" width=\"111\">\n<p style=\"text-align: center;\">500<\/p>\n<\/td>\n<td align=\"center\" valign=\"middle\" width=\"110\">\n<p style=\"text-align: center;\">600<\/p>\n<\/td>\n<td align=\"center\" valign=\"middle\" width=\"112\">\n<p style=\"text-align: center;\">700<\/p>\n<\/td>\n<\/tr>\n<tr>\n<td align=\"center\" valign=\"middle\" width=\"217\">m\u00e1x. Espesor del sello (mm)<\/td>\n<td colspan=\"3\" align=\"center\" valign=\"middle\" width=\"335\">0.01-0.4<\/td>\n<\/tr>\n<tr>\n<td align=\"center\" valign=\"middle\" width=\"217\">Ancho de sellado (mm)<\/td>\n<td colspan=\"3\" align=\"center\" valign=\"middle\" width=\"335\">\n<p style=\"text-align: center;\">2.8<\/p>\n<\/td>\n<\/tr>\n<tr>\n<td align=\"center\" valign=\"middle\" width=\"217\">Tiempo de calentamiento (seg)<\/td>\n<td colspan=\"3\" align=\"center\" valign=\"middle\" width=\"335\">\n<p style=\"text-align: center;\">0.2-3<\/p>\n<\/td>\n<\/tr>\n<tr>\n<td align=\"center\" valign=\"middle\" width=\"217\">Dimensiones externas (L\u00d7W\u00d7H) (mm)<\/td>\n<td align=\"center\" valign=\"middle\" width=\"111\">\n<p style=\"text-align: center;\">700.5\u00d7350\u00d7245<\/p>\n<\/td>\n<td align=\"center\" valign=\"middle\" width=\"110\">\n<p style=\"text-align: center;\">800.5\u00d7350\u00d7245<\/p>\n<\/td>\n<td align=\"center\" valign=\"middle\" width=\"112\">\n<p style=\"text-align: center;\">900.5\u00d7350\u00d7245<\/p>\n<\/td>\n<\/tr>\n<tr>\n<td align=\"center\" valign=\"middle\" width=\"217\">Peso neto \/ kg)<\/td>\n<td align=\"center\" valign=\"middle\" width=\"111\">\n<p style=\"text-align: center;\">5<\/p>\n<\/td>\n<td align=\"center\" valign=\"middle\" width=\"110\">\n<p style=\"text-align: center;\">5.5<\/p>\n<\/td>\n<td align=\"center\" valign=\"middle\" width=\"112\">\n<p style=\"text-align: center;\">6<\/p>\n<\/td>\n<\/tr>\n<\/tbody>\n<\/table>\n<\/div>\n<div class=\"pword\">Modelo:FS-600H\/700H\/800H\/900H\/1000H<br \/>\nEl sellador de impulso de mano larga de la serie FS-H ofrece una longitud de sellado m\u00e1s larga para aplicaciones de sellado m\u00e1s amplias. Los selladores est\u00e1n disponibles de 500 a 1000 mm con un ancho de sellado de 3 mm.<\/div>\n","protected":false},"featured_media":2528,"template":"","meta":[],"product_brand":[],"product_cat":[146,10736,542],"product_tag":[735,804,889,771,894,902],"class_list":{"0":"post-2476","1":"product","2":"type-product","3":"status-publish","4":"has-post-thumbnail","6":"product_cat-selladora-de-bolsas-manual","7":"product_cat-selladoras-3","8":"product_cat-selladoras-2","9":"product_tag-maquina-selladora","10":"product_tag-selladora","11":"product_tag-selladora-de-bolsa-metalizada","12":"product_tag-selladora-de-bolsas","13":"product_tag-selladora-de-bolsas-de-celofan","14":"product_tag-selladora-manual","16":"first","17":"instock","18":"shipping-taxable","19":"product-type-simple"},"_links":{"self":[{"href":"https:\/\/tecnopacks.com.mx\/empaque\/wp-json\/wp\/v2\/product\/2476","targetHints":{"allow":["GET"]}}],"collection":[{"href":"https:\/\/tecnopacks.com.mx\/empaque\/wp-json\/wp\/v2\/product"}],"about":[{"href":"https:\/\/tecnopacks.com.mx\/empaque\/wp-json\/wp\/v2\/types\/product"}],"wp:featuredmedia":[{"embeddable":true,"href":"https:\/\/tecnopacks.com.mx\/empaque\/wp-json\/wp\/v2\/media\/2528"}],"wp:attachment":[{"href":"https:\/\/tecnopacks.com.mx\/empaque\/wp-json\/wp\/v2\/media?parent=2476"}],"wp:term":[{"taxonomy":"product_brand","embeddable":true,"href":"https:\/\/tecnopacks.com.mx\/empaque\/wp-json\/wp\/v2\/product_brand?post=2476"},{"taxonomy":"product_cat","embeddable":true,"href":"https:\/\/tecnopacks.com.mx\/empaque\/wp-json\/wp\/v2\/product_cat?post=2476"},{"taxonomy":"product_tag","embeddable":true,"href":"https:\/\/tecnopacks.com.mx\/empaque\/wp-json\/wp\/v2\/product_tag?post=2476"}],"curies":[{"name":"wp","href":"https:\/\/api.w.org\/{rel}","templated":true}]}}