{"id":2515,"date":"2024-04-05T20:59:28","date_gmt":"2024-04-05T20:59:28","guid":{"rendered":"https:\/\/tecnopacks.com.mx\/empaque\/?post_type=product&#038;p=2515"},"modified":"2026-03-23T04:36:43","modified_gmt":"2026-03-23T04:36:43","slug":"maquina-tapadora-semiautomatica-para-tapa-de-plastico-dk-50-z","status":"publish","type":"product","link":"https:\/\/tecnopacks.com.mx\/empaque\/producto\/maquina-taponadora-de-botellas\/maquina-tapadora-semiautomatica-para-tapa-de-plastico-dk-50-z\/","title":{"rendered":"M\u00e1quina tapadora Semiautomatica para Tapa de Plastico DK-50\/Z"},"content":{"rendered":"\n<h1><a href=\"https:\/\/tecnopacks.com.mx\/empaque\/\">M\u00e1quina tapadora Semiautomatica para Tapa de Plastico DK-50\/Z<\/a><\/h1>\n<p>\u00a0<\/p>\n<p>DK-50Z es adecuado para la producci\u00f3n de tapas roscadas de varias tapas de pl\u00e1stico antirrobo, que se usa ampliamente en plantas de bebidas, vino, industria qu\u00edmica y medicina.<\/p>\n<p>Solicitud:<\/p>\n<p>Esta m\u00e1quina se utiliza principalmente para todo tipo de metal, tapa de rosca de pl\u00e1stico, aluminio, tornillo de bloqueo,<\/p>\n<p>trabajo de sellado, tapado, la m\u00e1quina es adecuada para el tap\u00f3n de rosca de tapa de pl\u00e1stico.<\/p>\n<p><a href=\"https:\/\/impropack.com.mx\/contacto\/\"><strong>Par\u00e1metros:<\/strong><\/a><\/p>\n","protected":false},"excerpt":{"rendered":"<div>\n<p>&nbsp;<\/p>\n<table class=\"table\" border=\"0\" width=\"100%\" cellspacing=\"0\" cellpadding=\"0\">\n<tbody>\n<tr class=\"firstRow\">\n<td align=\"center\" valign=\"middle\" width=\"260\">Modelo<\/td>\n<td align=\"center\" valign=\"middle\" width=\"292\">\n<p style=\"text-align: center;\">DK-50\/Z<\/p>\n<\/td>\n<\/tr>\n<tr>\n<td align=\"center\" valign=\"middle\" width=\"260\">Fuente de alimentaci\u00f3n (V\/Hz)<\/td>\n<td align=\"center\" valign=\"middle\" width=\"292\">\n<p style=\"text-align: center;\">220 \/50<\/p>\n<\/td>\n<\/tr>\n<tr>\n<td align=\"center\" valign=\"middle\" width=\"260\">Potencia (kilovatios)<\/td>\n<td align=\"center\" valign=\"middle\" width=\"292\">\n<p style=\"text-align: center;\">0.37<\/p>\n<\/td>\n<\/tr>\n<tr>\n<td align=\"center\" valign=\"middle\" width=\"260\">Tipo de operaci\u00f3n<\/td>\n<td align=\"center\" valign=\"middle\" width=\"292\">\n<p style=\"text-align: center;\">El\u00e9ctrico<\/p>\n<\/td>\n<\/tr>\n<tr>\n<td align=\"center\" valign=\"middle\" width=\"260\">Di\u00e1metro de la tapa (mm)<\/td>\n<td align=\"center\" valign=\"middle\" width=\"292\">\n<p style=\"text-align: center;\">\u03c625\uff5e\u03c640<\/p>\n<\/td>\n<\/tr>\n<tr>\n<td align=\"center\" valign=\"middle\" width=\"260\">Altura de la botella aplicable (mm)<\/td>\n<td align=\"center\" valign=\"middle\" width=\"292\">\n<p style=\"text-align: center;\">50-320<\/p>\n<\/td>\n<\/tr>\n<tr>\n<td align=\"center\" valign=\"middle\" width=\"260\">Capacidad (botellas\/h)<\/td>\n<td align=\"center\" valign=\"middle\" width=\"292\">\n<p style=\"text-align: center;\">\u22641200<\/p>\n<\/td>\n<\/tr>\n<tr>\n<td align=\"center\" valign=\"middle\" width=\"260\">tipo de gorra<\/td>\n<td align=\"center\" valign=\"middle\" width=\"292\">\n<p style=\"text-align: center;\">Tapa de pl\u00e1stico<\/p>\n<\/td>\n<\/tr>\n<tr>\n<td align=\"center\" valign=\"middle\" width=\"260\">Dimensiones externas (mm)<\/td>\n<td align=\"center\" valign=\"middle\" width=\"292\">\n<p style=\"text-align: center;\">650\u00d7200\u00d7920<\/p>\n<\/td>\n<\/tr>\n<tr>\n<td align=\"center\" valign=\"middle\" width=\"260\">Peso neto \/ kg)<\/td>\n<td align=\"center\" valign=\"middle\" width=\"292\">\n<p style=\"text-align: center;\">sesenta y cinco<\/p>\n<\/td>\n<\/tr>\n<\/tbody>\n<\/table>\n<\/div>\n<div>M\u00e1quina tapadora Semiautomatica para Tapa de Plastico DK-50\/Z<\/div>\n<div class=\"pword\">Modelo:DK-50Z<br \/>\nDK-50Z es adecuado para la producci\u00f3n de tapas roscadas de varias tapas de pl\u00e1stico antirrobo, que se usa ampliamente en plantas de bebidas, vino, industria qu\u00edmica y medicina.<\/div>\n<div><\/div>\n<div>Sucursales: Guadalajara, Monterrey, Cuidad de Mexico y Tijuana<\/div>\n","protected":false},"featured_media":2557,"template":"","meta":[],"product_brand":[],"product_cat":[152,10739],"product_tag":[],"class_list":{"0":"post-2515","1":"product","2":"type-product","3":"status-publish","4":"has-post-thumbnail","6":"product_cat-maquina-taponadora-de-botellas","7":"product_cat-taponadoras-de-botellas","9":"first","10":"instock","11":"shipping-taxable","12":"product-type-simple"},"_links":{"self":[{"href":"https:\/\/tecnopacks.com.mx\/empaque\/wp-json\/wp\/v2\/product\/2515","targetHints":{"allow":["GET"]}}],"collection":[{"href":"https:\/\/tecnopacks.com.mx\/empaque\/wp-json\/wp\/v2\/product"}],"about":[{"href":"https:\/\/tecnopacks.com.mx\/empaque\/wp-json\/wp\/v2\/types\/product"}],"wp:featuredmedia":[{"embeddable":true,"href":"https:\/\/tecnopacks.com.mx\/empaque\/wp-json\/wp\/v2\/media\/2557"}],"wp:attachment":[{"href":"https:\/\/tecnopacks.com.mx\/empaque\/wp-json\/wp\/v2\/media?parent=2515"}],"wp:term":[{"taxonomy":"product_brand","embeddable":true,"href":"https:\/\/tecnopacks.com.mx\/empaque\/wp-json\/wp\/v2\/product_brand?post=2515"},{"taxonomy":"product_cat","embeddable":true,"href":"https:\/\/tecnopacks.com.mx\/empaque\/wp-json\/wp\/v2\/product_cat?post=2515"},{"taxonomy":"product_tag","embeddable":true,"href":"https:\/\/tecnopacks.com.mx\/empaque\/wp-json\/wp\/v2\/product_tag?post=2515"}],"curies":[{"name":"wp","href":"https:\/\/api.w.org\/{rel}","templated":true}]}}