{"id":2517,"date":"2024-04-05T20:59:28","date_gmt":"2024-04-05T20:59:28","guid":{"rendered":"https:\/\/tecnopacks.com.mx\/empaque\/?post_type=product&#038;p=2517"},"modified":"2026-03-24T04:31:57","modified_gmt":"2026-03-24T04:31:57","slug":"maquina-de-sellado-al-vacio-para-el-hogar-dz-300a","status":"publish","type":"product","link":"https:\/\/tecnopacks.com.mx\/empaque\/producto\/empacadoras-al-vacio\/maquina-de-sellado-al-vacio-para-el-hogar-dz-300a\/","title":{"rendered":"Selladora al Vacio casera DZ-300A"},"content":{"rendered":"\n<h1><a href=\"https:\/\/tecnopacks.com.mx\/empaque\/\"><span style=\"text-decoration: underline;\"><em><strong>Selladora al Vacio casera DZ-300A<\/strong><\/em><\/span><\/a><\/h1>\n<p>M\u00e1quina de sellado al vac\u00edo para el hogar DZ-300A<\/p>\n<p>Resuelva el problema del deterioro de los alimentos desde m\u00faltiples aspectos, para prolongar la vida \u00fatil, fresca y saludable.<\/p>\n<p>\u25cf Los botones t\u00e1ctiles inteligentes de la PC mejoran la experiencia de operaci\u00f3n.<\/p>\n<p>\u25cf Funci\u00f3n de sellado r\u00e1pido y \u00fanico sin fallas, puede sellar la bolsa durante mucho tiempo y evitar fugas de aire, para un uso m\u00e1s amplio.<\/p>\n<p>\u25cf Tres modos de presi\u00f3n de aire: fuerte, medio y d\u00e9bil, el grado de vac\u00edo se controla en cualquier momento.<\/p>\n<p>\u25cf Se puede controlar el vac\u00edo inteligente con un solo clic, seco, h\u00famedo y suave.<\/p>\n<p>\u25cf Controle libremente la longitud de la bolsa de la aspiradora con una funci\u00f3n de rollo de pel\u00edcula.<\/p>\n<p>\u25cf Aplicado al voltaje mundial universal de 110V a 240V<a href=\"https:\/\/www.youtube.com\/@tecno-pack765\">.<\/a><\/p>\n<p data-pm-slice=\"1 1 []\">Selladora al Vac\u00edo casera DZ-300A \u2013 Conserva m\u00e1s, desperdicia menos con Tecnopacks<\/p>\n<p>\u00a0<\/p>\n<p>En Tecnopacks, sabemos que la frescura y durabilidad de los alimentos es una prioridad en cualquier cocina. Por eso, te presentamos la Selladora al Vac\u00edo casera DZ-300A, una herramienta pr\u00e1ctica, eficiente y econ\u00f3mica que se convertir\u00e1 en tu aliada diaria. La Selladora al Vac\u00edo casera DZ-300A est\u00e1 dise\u00f1ada para quienes desean conservar alimentos en perfectas condiciones sin complicaciones ni instalaciones industriales.<\/p>\n<p>\u00a0<\/p>\n<p>La Selladora al Vac\u00edo casera DZ-300A es perfecta para uso dom\u00e9stico, ya que combina facilidad de uso con resultados profesionales. Gracias a su dise\u00f1o compacto, la Selladora al Vac\u00edo casera DZ-300A se adapta a cualquier cocina, sin ocupar demasiado espacio. En Tecnopacks, te garantizamos que la Selladora al Vac\u00edo casera DZ-300A es una inversi\u00f3n inteligente para reducir el desperdicio de alimentos y mejorar la organizaci\u00f3n en refrigeradores y congeladores.<\/p>\n<p>\u00a0<\/p>\n<p>La Selladora al Vac\u00edo casera DZ-300A funciona eliminando el aire del empaque antes de sellarlo herm\u00e9ticamente, prolongando as\u00ed la vida \u00fatil de carnes, frutas, verduras, quesos, embutidos, e incluso alimentos cocinados. La tecnolog\u00eda de la Selladora al Vac\u00edo casera DZ-300A ayuda a prevenir la formaci\u00f3n de bacterias y hongos, lo que permite conservar mejor sabor, textura y nutrientes.<\/p>\n<p>\u00a0<\/p>\n<p>Otra ventaja destacada de la Selladora al Vac\u00edo casera DZ-300A es su bajo consumo energ\u00e9tico, lo que la hace ideal para uso frecuente sin preocuparte por tu factura de electricidad. Adem\u00e1s, la Selladora al Vac\u00edo casera DZ-300A es compatible con bolsas gofradas o estriadas, ampliamente disponibles en el mercado.<\/p>\n<p>\u00a0<\/p>\n<p>En Tecnopacks, te ofrecemos la Selladora al Vac\u00edo casera DZ-300A con garant\u00eda, asesor\u00eda personalizada y env\u00edo r\u00e1pido. Nos comprometemos a que la experiencia con tu Selladora al Vac\u00edo casera DZ-300A sea satisfactoria desde el primer uso. Ya sea que quieras almacenar carnes, dividir porciones para la semana o preparar alimentos para sous-vide, la Selladora al Vac\u00edo casera DZ-300A es la soluci\u00f3n perfecta.<\/p>\n<p>\u00a0<\/p>\n<p>No esperes m\u00e1s para aprovechar todos los beneficios de la Selladora al Vac\u00edo casera DZ-300A. Con Tecnopacks, obtienes calidad, soporte y confianza. Compra hoy tu Selladora al Vac\u00edo casera DZ-300A y transforma la manera en que almacenas alimentos. Descubre por qu\u00e9 miles de hogares en M\u00e9xico ya conf\u00edan en la Selladora al Vac\u00edo casera DZ-300A de Tecnopacks.<\/p>\n","protected":false},"excerpt":{"rendered":"<div class=\"pword\">Modelo:DZ-300A<br \/>\nResuelva el problema del deterioro de los alimentos desde m\u00faltiples aspectos, para prolongar la vida \u00fatil, fresca y saludable.<\/div>\n<div>M\u00e1quina de sellado al vac\u00edo para el hogar DZ-300A<\/div>\n<div>\n<p><strong>Par\u00e1metros:<\/strong><\/p>\n<table class=\"table\" border=\"0\" width=\"100%\" cellspacing=\"0\" cellpadding=\"0\">\n<tbody>\n<tr class=\"firstRow\">\n<td align=\"center\" valign=\"middle\" width=\"278\"><\/td>\n<td align=\"center\" valign=\"middle\" width=\"269\">\n<p style=\"text-align: center;\">DZ-300A<\/p>\n<\/td>\n<\/tr>\n<tr>\n<td align=\"center\" valign=\"middle\" width=\"278\">Voltaje (V\/Hz)<\/td>\n<td align=\"center\" valign=\"middle\" width=\"269\">\n<p style=\"text-align: center;\">110-240 50\/60<\/p>\n<\/td>\n<\/tr>\n<tr>\n<td align=\"center\" valign=\"middle\" width=\"278\">Potencia de sellado (W)<\/td>\n<td align=\"center\" valign=\"middle\" width=\"269\">\n<p style=\"text-align: center;\">100<\/p>\n<\/td>\n<\/tr>\n<tr>\n<td align=\"center\" valign=\"middle\" width=\"278\">Modo de trabajo<\/td>\n<td align=\"center\" valign=\"middle\" width=\"269\">\n<p style=\"text-align: center;\">autom\u00e1tico \/ manual<\/p>\n<\/td>\n<\/tr>\n<tr>\n<td align=\"center\" valign=\"middle\" width=\"278\">Grado de vac\u00edo<\/td>\n<td align=\"center\" valign=\"middle\" width=\"269\">\n<p style=\"text-align: center;\">ajustable, m\u00e1x. grado-80kpa\u00b13%<\/p>\n<\/td>\n<\/tr>\n<tr>\n<td align=\"center\" valign=\"middle\" width=\"278\">Longitud de sellado (mm)<\/td>\n<td align=\"center\" valign=\"middle\" width=\"269\">\n<p style=\"text-align: center;\">\u2264300<\/p>\n<\/td>\n<\/tr>\n<tr>\n<td align=\"center\" valign=\"middle\" width=\"278\">Ancho de sellado (mm)<\/td>\n<td align=\"center\" valign=\"middle\" width=\"269\">\n<p style=\"text-align: center;\">2.5<\/p>\n<\/td>\n<\/tr>\n<tr>\n<td align=\"center\" valign=\"middle\" width=\"278\">Dimensiones externas (L*W*H)(mm)<\/td>\n<td align=\"center\" valign=\"middle\" width=\"269\">\n<p style=\"text-align: center;\">405*190*100<\/p>\n<\/td>\n<\/tr>\n<tr>\n<td align=\"center\" valign=\"middle\" width=\"278\">Peso neto \/ kg)<\/td>\n<td align=\"center\" valign=\"middle\" width=\"269\">\n<p style=\"text-align: center;\">2<\/p>\n<\/td>\n<\/tr>\n<\/tbody>\n<\/table>\n<\/div>\n<div>Sucursales: Guadalajara, Monterrey, Cuidad de Mexico y Tijuana<\/div>\n","protected":false},"featured_media":2559,"template":"","meta":[],"product_brand":[],"product_cat":[10737,153],"product_tag":[4549,4540,4512,4525,4538,4531,4551,4516,4550,4533,4528,4546,4511,760,4522,4537,4504,4539,4506,4542,4519,4510,4541,4534,4521,4526,4548,4520,4513,4532,4518,4524,4507,4544,4529,4508,4547,4527,4535,4530,4303,4523,4536,4545,4509,4505,4517,4543,4515,4514],"class_list":{"0":"post-2517","1":"product","2":"type-product","3":"status-publish","4":"has-post-thumbnail","6":"product_cat-empacadoras-al-vacio","7":"product_cat-sellador-de-vacio-domestico","8":"product_tag-dz-300a-sellado-domestico","9":"product_tag-dz-300a-selladora-compacta","10":"product_tag-envasadora-al-vacio-casera","11":"product_tag-envasadora-al-vacio-domestica","12":"product_tag-envasadora-de-alimentos-al-vacio","13":"product_tag-equipo-al-vacio-para-casa","14":"product_tag-equipo-casero-de-conservacion-al-vacio","15":"product_tag-maquina-al-vacio-para-alimentos","16":"product_tag-maquina-al-vacio-para-diario","17":"product_tag-maquina-dz-300a-para-alimentos","18":"product_tag-maquina-para-conservar-alimentos-al-vacio","19":"product_tag-maquina-para-empacado-al-vacio-casero","20":"product_tag-maquina-para-empacar-al-vacio","21":"product_tag-maquina-selladora-al-vacio","22":"product_tag-maquina-selladora-al-vacio-casera","23":"product_tag-maquina-selladora-para-refrigerar-alimentos","24":"product_tag-selladora-al-vacio-casera","25":"product_tag-selladora-al-vacio-con-bolsas-gofradas","26":"product_tag-selladora-al-vacio-dz-300a","27":"product_tag-selladora-al-vacio-ideal-para-hogar","28":"product_tag-selladora-al-vacio-para-carne","29":"product_tag-selladora-al-vacio-para-cocina","30":"product_tag-selladora-al-vacio-para-cocina-pequena","31":"product_tag-selladora-al-vacio-para-congelar","32":"product_tag-selladora-al-vacio-para-frutas","33":"product_tag-selladora-al-vacio-para-hogar","34":"product_tag-selladora-al-vacio-para-porciones","35":"product_tag-selladora-al-vacio-para-verduras","36":"product_tag-selladora-al-vacio-pequena","37":"product_tag-selladora-al-vacio-sin-camara","38":"product_tag-selladora-al-vacio-uso-domestico","39":"product_tag-selladora-casera-de-alimentos","40":"product_tag-selladora-casera-dz-300a","41":"product_tag-selladora-con-funcion-de-vacio","42":"product_tag-selladora-con-vacio-manual","43":"product_tag-selladora-de-alimentos-al-vacio","44":"product_tag-selladora-de-alimentos-con-vacio","45":"product_tag-selladora-de-alimentos-dz-300a","46":"product_tag-selladora-de-alimentos-en-casa","47":"product_tag-selladora-de-bajo-consumo","48":"product_tag-selladora-de-bolsas-al-vacio","49":"product_tag-selladora-de-cocina-dz-300a","50":"product_tag-selladora-de-cocina-para-vacio","51":"product_tag-selladora-de-sellado-hermetico","52":"product_tag-selladora-domestica","53":"product_tag-selladora-dz-300a","54":"product_tag-selladora-economica-al-vacio","55":"product_tag-selladora-facil-de-usar","56":"product_tag-selladora-para-sous-vide","57":"product_tag-selladora-portatil-al-vacio","59":"first","60":"instock","61":"shipping-taxable","62":"product-type-simple"},"_links":{"self":[{"href":"https:\/\/tecnopacks.com.mx\/empaque\/wp-json\/wp\/v2\/product\/2517","targetHints":{"allow":["GET"]}}],"collection":[{"href":"https:\/\/tecnopacks.com.mx\/empaque\/wp-json\/wp\/v2\/product"}],"about":[{"href":"https:\/\/tecnopacks.com.mx\/empaque\/wp-json\/wp\/v2\/types\/product"}],"wp:featuredmedia":[{"embeddable":true,"href":"https:\/\/tecnopacks.com.mx\/empaque\/wp-json\/wp\/v2\/media\/2559"}],"wp:attachment":[{"href":"https:\/\/tecnopacks.com.mx\/empaque\/wp-json\/wp\/v2\/media?parent=2517"}],"wp:term":[{"taxonomy":"product_brand","embeddable":true,"href":"https:\/\/tecnopacks.com.mx\/empaque\/wp-json\/wp\/v2\/product_brand?post=2517"},{"taxonomy":"product_cat","embeddable":true,"href":"https:\/\/tecnopacks.com.mx\/empaque\/wp-json\/wp\/v2\/product_cat?post=2517"},{"taxonomy":"product_tag","embeddable":true,"href":"https:\/\/tecnopacks.com.mx\/empaque\/wp-json\/wp\/v2\/product_tag?post=2517"}],"curies":[{"name":"wp","href":"https:\/\/api.w.org\/{rel}","templated":true}]}}