{"id":2541,"date":"2024-04-05T20:59:51","date_gmt":"2024-04-05T20:59:51","guid":{"rendered":"https:\/\/tecnopacks.com.mx\/empaque\/?post_type=product&#038;p=2541"},"modified":"2026-03-24T04:27:04","modified_gmt":"2026-03-24T04:27:04","slug":"maquina-envasadora-al-vacio-de-alimentos-de-doble-barra","status":"publish","type":"product","link":"https:\/\/tecnopacks.com.mx\/empaque\/producto\/empacadoras-al-vacio\/maquina-envasadora-al-vacio-de-alimentos-de-doble-barra\/","title":{"rendered":"Envasadora al vac\u00edo de alimentos de doble barra"},"content":{"rendered":"\n<h3><strong><em><a href=\"https:\/\/tecnopacks.com.mx\/empaque\/inicio\/\">Venta de M\u00e1quinas Industriales Tecno Packs<\/a><\/em><\/strong><\/h3>\n<p>La <strong><em>envasadora al vac\u00edo de alimentos de doble barra<\/em><\/strong> es una soluci\u00f3n innovadora para quienes buscan un sistema eficiente y r\u00e1pido para el sellado al vac\u00edo de productos alimenticios. Gracias a su tecnolog\u00eda avanzada y la inclusi\u00f3n de dos barras de sellado de 40 cm de largo cada una, esta m\u00e1quina se destaca en el mercado.<\/p>\n<h4>Beneficios de la<\/h4>\n<h3><strong><em>Envasadora al vac\u00edo de alimentos de doble barra<\/em><\/strong><\/h3>\n<p>La <strong><em>envasadora al vac\u00edo de alimentos de doble barra<\/em><\/strong> es una soluci\u00f3n innovadora para quienes buscan un sistema eficiente y r\u00e1pido para el sellado al vac\u00edo de productos alimenticios. Gracias a su tecnolog\u00eda avanzada y la inclusi\u00f3n de dos barras de sellado de 40 cm de largo cada una, esta m\u00e1quina se destaca en el mercado.<\/p>\n<h4>Beneficios de la <span style=\"text-decoration: underline;\"><strong><em>envasadora al vac\u00edo de alimentos de doble barra<\/em><\/strong><\/span>:<\/h4>\n<ol>\n<li>\n<strong>Mayor productividad<\/strong>: Al contar con dos barras de sellado, la <span style=\"text-decoration: underline;\"><strong><em>envasadora al vac\u00edo de alimentos de doble barra<\/em><\/strong><\/span> permite trabajar con m\u00e1s productos al mismo tiempo, lo que aumenta la velocidad de envasado.<\/li>\n<li>\n<strong>Sellado perfecto<\/strong>: Las barras de 40 cm garantizan un sellado uniforme y resistente, ideal para mantener los alimentos frescos por m\u00e1s tiempo. La <span style=\"text-decoration: underline;\"><strong><em>envasadora al vac\u00edo de alimentos de doble barra<\/em><\/strong> <\/span>asegura que los alimentos se mantengan sin contacto con el aire, prolongando su vida \u00fatil.<\/li>\n<li>\n<strong>Versatilidad<\/strong>: Esta <span style=\"text-decoration: underline;\"><strong><em>envasadora al vac\u00edo de alimentos de doble barra<\/em><\/strong><\/span> es perfecta para envasar una amplia variedad de productos, desde carnes y pescados hasta frutas y verduras, gracias a su capacidad para manejar diferentes tama\u00f1os de bolsas.<\/li>\n<li>\n<strong>Facilidad de uso<\/strong>: Con un dise\u00f1o intuitivo y funciones autom\u00e1ticas, la <span style=\"text-decoration: underline;\"><strong><em>envasadora al vac\u00edo de alimentos de doble barra<\/em><\/strong><\/span> permite que cualquier persona, incluso sin experiencia, pueda operarla f\u00e1cilmente.<\/li>\n<li>\n<strong>Ahorro en costos<\/strong>: Al mantener los alimentos frescos por m\u00e1s tiempo, la <strong><em><span style=\"text-decoration: underline;\">envasadora al vac\u00edo de alimentos de doble<\/span> barra<\/em><\/strong> ayuda a reducir el desperdicio y a maximizar la inversi\u00f3n en productos perecederos.<\/li>\n<\/ol>\n<p>En resumen, la <span style=\"text-decoration: underline;\"><strong><em>envasadora al vac\u00edo de alimentos de doble barra<\/em><\/strong><\/span> es una excelente opci\u00f3n para quienes buscan mejorar su proceso de almacenamiento de alimentos, ofreciendo eficiencia, seguridad y durabilidad en cada uso.<\/p>\n<h4>:<\/h4>\n<ol>\n<li>\n<strong>Mayor productividad<\/strong>: Al contar con dos barras de sellado, la<span style=\"text-decoration: underline;\"> <strong><em>envasadora al vac\u00edo de alimentos de doble barra<\/em><\/strong><\/span> permite trabajar con m\u00e1s productos al mismo tiempo, lo que aumenta la velocidad de envasado.<\/li>\n<li>\n<strong>Sellado perfecto<\/strong>: Las barras de 40 cm garantizan un sellado uniforme y resistente, ideal para mantener los alimentos frescos por m\u00e1s tiempo. La <span style=\"text-decoration: underline;\"><strong><em>envasadora al vac\u00edo de alimentos de doble barra<\/em><\/strong> <\/span>asegura que los alimentos se mantengan sin contacto con el aire, prolongando su vida \u00fatil.<\/li>\n<li>\n<strong>Versatilidad<\/strong>: Esta<span style=\"text-decoration: underline;\"> <strong><em>envasadora al vac\u00edo de alimentos de doble barra<\/em><\/strong><\/span> es perfecta para envasar una amplia variedad de productos, desde carnes y pescados hasta frutas y verduras, gracias a su capacidad para manejar diferentes tama\u00f1os de bolsas.<\/li>\n<li>\n<strong>Facilidad de uso<\/strong>: Con un dise\u00f1o intuitivo y funciones autom\u00e1ticas, la <span style=\"text-decoration: underline;\"><strong><em>envasadora al vac\u00edo de alimentos de doble barra<\/em><\/strong><\/span> permite que cualquier persona, incluso sin experiencia, pueda operarla f\u00e1cilmente.<\/li>\n<li>\n<strong>Ahorro en costos<\/strong>: Al mantener los alimentos frescos por m\u00e1s tiempo, la <strong><em>envasadora al vac\u00edo de alimentos de doble barra<\/em><\/strong> ayuda a reducir el desperdicio y a maximizar la inversi\u00f3n en productos perecederos.<\/li>\n<\/ol>\n<p>En resumen, la <span style=\"text-decoration: underline;\"><strong><em>envasadora al vac\u00edo de alimentos de doble barra<\/em><\/strong><\/span> es una excelente opci\u00f3n para quienes buscan mejorar su proceso de almacenamiento de alimentos, ofreciendo eficiencia, seguridad y durabilidad en cada uso.<\/p>\n<p>envasadora al vac\u00edo de alimentos<\/p>\n<p>Aqu\u00ed todo est\u00e1 incluido: un alto rendimiento de producci\u00f3n y dos barras de sellado son las caracter\u00edsticas principales de la m\u00e1quina de mesa. Como las barras de sellado est\u00e1n alineadas a lo largo de los lados longitudinales de la c\u00e1mara, esta m\u00e1quina empacadora es m\u00e1s adecuada para empacar productos peque\u00f1os.<\/p>\n<p>Cuando un producto se envasa al vac\u00edo con una m\u00e1quina de envasado al vac\u00edo, puede estar seguro de que est\u00e1 protegido de los efectos da\u00f1inos del entorno exterior. Estas m\u00e1quinas de envasado al vac\u00edo de grado industrial est\u00e1n construidas para un uso diario riguroso y est\u00e1n dise\u00f1adas para producir resultados profesionales mientras aceleran su l\u00ednea de producci\u00f3n.<\/p>\n<p><a href=\"https:\/\/impropack.com.mx\/\">Impro Pack<\/a><\/p>\n","protected":false},"excerpt":{"rendered":"<div>\n<p><strong>Par\u00e1metros:<\/strong><\/p>\n<table class=\"table\" border=\"0\" width=\"100%\" cellspacing=\"0\" cellpadding=\"0\">\n<tbody>\n<tr class=\"firstRow\">\n<td align=\"center\" valign=\"middle\" width=\"293\"><\/td>\n<td align=\"center\" valign=\"middle\" width=\"270\">\n<p style=\"text-align: center;\">HVC-410T\/2A<\/p>\n<\/td>\n<\/tr>\n<tr>\n<td align=\"center\" valign=\"middle\" width=\"293\">Voltaje (V\/Hz)<\/td>\n<td align=\"center\" valign=\"middle\" width=\"270\">\n<p style=\"text-align: center;\">CA 380\/50 220\/50 110\/60<\/p>\n<\/td>\n<\/tr>\n<tr>\n<td align=\"center\" valign=\"middle\" width=\"293\">Potencia del motor (W)<\/td>\n<td align=\"center\" valign=\"middle\" width=\"270\">\n<p style=\"text-align: center;\">900<\/p>\n<\/td>\n<\/tr>\n<tr>\n<td align=\"center\" valign=\"middle\" width=\"293\">Potencia de sellado (W)<\/td>\n<td align=\"center\" valign=\"middle\" width=\"270\">\n<p style=\"text-align: center;\">500<\/p>\n<\/td>\n<\/tr>\n<tr>\n<td align=\"center\" valign=\"middle\" width=\"293\">Presi\u00f3n de vac\u00edo final (Kpa)<\/td>\n<td align=\"center\" valign=\"middle\" width=\"270\">\n<p style=\"text-align: center;\">1<\/p>\n<\/td>\n<\/tr>\n<tr>\n<td align=\"center\" valign=\"middle\" width=\"293\">Ancho de sellado (mm)<\/td>\n<td align=\"center\" valign=\"middle\" width=\"270\">\n<p style=\"text-align: center;\">10 o 2\u00d73<\/p>\n<\/td>\n<\/tr>\n<tr>\n<td align=\"center\" valign=\"middle\" width=\"293\">Dimensi\u00f3n de la c\u00e1mara (L\u00d7W\u00d7H) (mm)<\/td>\n<td align=\"center\" valign=\"middle\" width=\"270\">\n<p style=\"text-align: center;\">450\u00d7450\u00d7140<\/p>\n<\/td>\n<\/tr>\n<tr>\n<td align=\"center\" valign=\"middle\" width=\"293\">Capacidad de la bomba de vac\u00edo (m3\/h)<\/td>\n<td align=\"center\" valign=\"middle\" width=\"270\">\n<p style=\"text-align: center;\">20<\/p>\n<\/td>\n<\/tr>\n<tr>\n<td align=\"center\" valign=\"middle\" width=\"293\">Material para C\u00e1mara de Vac\u00edo<\/td>\n<td align=\"center\" valign=\"middle\" width=\"270\">\n<p style=\"text-align: center;\">SUS304<\/p>\n<\/td>\n<\/tr>\n<tr>\n<td align=\"center\" valign=\"middle\" width=\"293\">Dimensiones externas (L\u00d7W\u00d7H) (mm)<\/td>\n<td align=\"center\" valign=\"middle\" width=\"270\">\n<p style=\"text-align: center;\">500\u00d7550\u00d7500<\/p>\n<\/td>\n<\/tr>\n<tr>\n<td align=\"center\" valign=\"middle\" width=\"293\">Peso neto \/ kg)<\/td>\n<td align=\"center\" valign=\"middle\" width=\"270\">\n<p style=\"text-align: center;\">Aprox.74<\/p>\n<\/td>\n<\/tr>\n<\/tbody>\n<\/table>\n<\/div>\n<div>M\u00e1quina envasadora al vac\u00edo de alimentos de doble barra HVC-410T\/2A DZQ-400\/2a<\/div>\n<div class=\"pword\">Modelo:HVC-410T\/2A<br \/>\nAqu\u00ed todo est\u00e1 incluido: un alto rendimiento de producci\u00f3n y dos barras de sellado son las caracter\u00edsticas principales de la m\u00e1quina de mesa. Como las barras de sellado est\u00e1n alineadas a lo largo de los lados longitudinales de la c\u00e1mara, esta m\u00e1quina empacadora es m\u00e1s adecuada para empacar productos peque\u00f1os.<\/div>\n<div>Sucursales: Guadalajara, Monterrey, Cuidad de Mexico y Tijuana<\/div>\n","protected":false},"featured_media":2582,"template":"","meta":[],"product_brand":[],"product_cat":[10737,155],"product_tag":[841,840,760,758],"class_list":{"0":"post-2541","1":"product","2":"type-product","3":"status-publish","4":"has-post-thumbnail","6":"product_cat-empacadoras-al-vacio","7":"product_cat-maquina-de-envasado-al-vacio-de-una-sola-camara","8":"product_tag-empacado-de-alimentos-al-vacio","9":"product_tag-empacadora-alto-vacio","10":"product_tag-maquina-selladora-al-vacio","11":"product_tag-selladora-al-vacio","13":"first","14":"instock","15":"shipping-taxable","16":"product-type-simple"},"_links":{"self":[{"href":"https:\/\/tecnopacks.com.mx\/empaque\/wp-json\/wp\/v2\/product\/2541","targetHints":{"allow":["GET"]}}],"collection":[{"href":"https:\/\/tecnopacks.com.mx\/empaque\/wp-json\/wp\/v2\/product"}],"about":[{"href":"https:\/\/tecnopacks.com.mx\/empaque\/wp-json\/wp\/v2\/types\/product"}],"wp:featuredmedia":[{"embeddable":true,"href":"https:\/\/tecnopacks.com.mx\/empaque\/wp-json\/wp\/v2\/media\/2582"}],"wp:attachment":[{"href":"https:\/\/tecnopacks.com.mx\/empaque\/wp-json\/wp\/v2\/media?parent=2541"}],"wp:term":[{"taxonomy":"product_brand","embeddable":true,"href":"https:\/\/tecnopacks.com.mx\/empaque\/wp-json\/wp\/v2\/product_brand?post=2541"},{"taxonomy":"product_cat","embeddable":true,"href":"https:\/\/tecnopacks.com.mx\/empaque\/wp-json\/wp\/v2\/product_cat?post=2541"},{"taxonomy":"product_tag","embeddable":true,"href":"https:\/\/tecnopacks.com.mx\/empaque\/wp-json\/wp\/v2\/product_tag?post=2541"}],"curies":[{"name":"wp","href":"https:\/\/api.w.org\/{rel}","templated":true}]}}