{"id":2545,"date":"2024-04-05T20:59:51","date_gmt":"2024-04-05T20:59:51","guid":{"rendered":"https:\/\/tecnopacks.com.mx\/empaque\/?post_type=product&#038;p=2545"},"modified":"2026-03-24T04:27:46","modified_gmt":"2026-03-24T04:27:46","slug":"empacadora-alto-vacio-camara-externa-envasado-vertical-hvv-410t-1a-dzq-400","status":"publish","type":"product","link":"https:\/\/tecnopacks.com.mx\/empaque\/producto\/empacadoras-al-vacio\/empacadora-alto-vacio-camara-externa-envasado-vertical-hvv-410t-1a-dzq-400\/","title":{"rendered":"Empacadora Alto vacio Camara Externa  envasado Vertical  HVV-410T\/1A \/ DZQ-400"},"content":{"rendered":"\n<h1><a href=\"https:\/\/tecnopacks.com.mx\/empaque\/\">Empacadora Alto vacio Camara Externa envasado Vertical HVV-410T\/1A \/ DZQ-400<\/a><\/h1>\n<p>M\u00e1quina de envasado al vac\u00edo de una sola c\u00e1mara<\/p>\n<p>HVV-410T\/1A Envasadora al vac\u00edo para el envasado en sobres verticales de caf\u00e9, arroz, t\u00e9, productos en polvo, productos fluidos, etc. La m\u00e1quina est\u00e1 construida en acero inoxidable (AISI 304) y equipada con sensor volum\u00e9trico electr\u00f3nico con 5 programas digitales panel. La c\u00e1mara de tama\u00f1o compacto y la bomba de vac\u00edo con una capacidad de 20 m3\/h. garantizar una alta productividad.<\/p>\n<p>Tambi\u00e9n disponible con filtro para envasar productos en polvo como harina de avellanas, leche en polvo y productos de similares caracter\u00edsticas. El filtro debe solicitarse en el momento del pedido.<\/p>\n<p>Equipando la m\u00e1quina con plantillas realizadas seg\u00fan las dimensiones espec\u00edficas del producto a envasar, es posible obtener paquetes cuadrados. Las plantillas no se incluyen con la m\u00e1quina. Puede combinarse con un molde para cuadrar el paquete del producto para facilitar el almacenamiento.<\/p>\n<p><a href=\"https:\/\/impropack.com.mx\/contacto\/\"><strong>Par\u00e1metros:<\/strong><\/a><\/p>\n","protected":false},"excerpt":{"rendered":"<div>\n<p>&nbsp;<\/p>\n<table class=\"table\" border=\"0\" width=\"100%\" cellspacing=\"0\" cellpadding=\"0\">\n<tbody>\n<tr class=\"firstRow\">\n<td align=\"center\" valign=\"middle\" width=\"265\"><\/td>\n<td align=\"center\" valign=\"middle\" width=\"299\">\n<p style=\"text-align: center;\">HVV-410T\/1A<\/p>\n<\/td>\n<\/tr>\n<tr>\n<td align=\"center\" valign=\"middle\" width=\"265\">Voltaje (V\/Hz)<\/td>\n<td align=\"center\" valign=\"middle\" width=\"299\">\n<p style=\"text-align: center;\">CA 380\/50 220\/50 110\/60<\/p>\n<\/td>\n<\/tr>\n<tr>\n<td align=\"center\" valign=\"middle\" width=\"265\">Potencia del motor (W)<\/td>\n<td align=\"center\" valign=\"middle\" width=\"299\">\n<p style=\"text-align: center;\">900<\/p>\n<\/td>\n<\/tr>\n<tr>\n<td align=\"center\" valign=\"middle\" width=\"265\">Potencia de sellado (W)<\/td>\n<td align=\"center\" valign=\"middle\" width=\"299\">\n<p style=\"text-align: center;\">450<\/p>\n<\/td>\n<\/tr>\n<tr>\n<td align=\"center\" valign=\"middle\" width=\"265\">Presi\u00f3n de vac\u00edo final (Kpa)<\/td>\n<td align=\"center\" valign=\"middle\" width=\"299\">\n<p style=\"text-align: center;\">1<\/p>\n<\/td>\n<\/tr>\n<tr>\n<td align=\"center\" valign=\"middle\" width=\"265\">Ancho de sellado (mm)<\/td>\n<td align=\"center\" valign=\"middle\" width=\"299\">\n<p style=\"text-align: center;\">10<\/p>\n<\/td>\n<\/tr>\n<tr>\n<td align=\"center\" valign=\"middle\" width=\"265\">Capacidad de la bomba de vac\u00edo (m3\/h)<\/td>\n<td align=\"center\" valign=\"middle\" width=\"299\">\n<p style=\"text-align: center;\">20<\/p>\n<\/td>\n<\/tr>\n<tr>\n<td align=\"center\" valign=\"middle\" width=\"265\">Material para C\u00e1mara de Vac\u00edo<\/td>\n<td align=\"center\" valign=\"middle\" width=\"299\">\n<p style=\"text-align: center;\">SUS304<\/p>\n<\/td>\n<\/tr>\n<tr>\n<td align=\"center\" valign=\"middle\" width=\"265\">Dimensiones externas (L\u00d7W\u00d7H) (mm)<\/td>\n<td align=\"center\" valign=\"middle\" width=\"299\">\n<p style=\"text-align: center;\">540\u00d7540\u00d7845<\/p>\n<\/td>\n<\/tr>\n<tr>\n<td align=\"center\" valign=\"middle\" width=\"265\">Peso neto \/ kg)<\/td>\n<td align=\"center\" valign=\"middle\" width=\"299\">\n<p style=\"text-align: center;\">Aprox.90<\/p>\n<\/td>\n<\/tr>\n<\/tbody>\n<\/table>\n<\/div>\n<div class=\"pword\">Modelo:HVV-410T\/1A<br \/>\nHVV-410T\/1A Envasadora al vac\u00edo para el envasado en sobres verticales de caf\u00e9, arroz, t\u00e9, productos en polvo, productos fluidos, etc.<\/div>\n<div>Empacadora Alto vacio Camara Externa envasado Vertical HVV-410T\/1A \/ DZQ-400<\/div>\n<div><\/div>\n<div>Sucursales: Guadalajara, Monterrey , Cuidad de Mexico y\u00a0 Tijuana<\/div>\n","protected":false},"featured_media":2598,"template":"","meta":[],"product_brand":[],"product_cat":[10737,155],"product_tag":[],"class_list":{"0":"post-2545","1":"product","2":"type-product","3":"status-publish","4":"has-post-thumbnail","6":"product_cat-empacadoras-al-vacio","7":"product_cat-maquina-de-envasado-al-vacio-de-una-sola-camara","9":"first","10":"instock","11":"shipping-taxable","12":"product-type-simple"},"_links":{"self":[{"href":"https:\/\/tecnopacks.com.mx\/empaque\/wp-json\/wp\/v2\/product\/2545","targetHints":{"allow":["GET"]}}],"collection":[{"href":"https:\/\/tecnopacks.com.mx\/empaque\/wp-json\/wp\/v2\/product"}],"about":[{"href":"https:\/\/tecnopacks.com.mx\/empaque\/wp-json\/wp\/v2\/types\/product"}],"wp:featuredmedia":[{"embeddable":true,"href":"https:\/\/tecnopacks.com.mx\/empaque\/wp-json\/wp\/v2\/media\/2598"}],"wp:attachment":[{"href":"https:\/\/tecnopacks.com.mx\/empaque\/wp-json\/wp\/v2\/media?parent=2545"}],"wp:term":[{"taxonomy":"product_brand","embeddable":true,"href":"https:\/\/tecnopacks.com.mx\/empaque\/wp-json\/wp\/v2\/product_brand?post=2545"},{"taxonomy":"product_cat","embeddable":true,"href":"https:\/\/tecnopacks.com.mx\/empaque\/wp-json\/wp\/v2\/product_cat?post=2545"},{"taxonomy":"product_tag","embeddable":true,"href":"https:\/\/tecnopacks.com.mx\/empaque\/wp-json\/wp\/v2\/product_tag?post=2545"}],"curies":[{"name":"wp","href":"https:\/\/api.w.org\/{rel}","templated":true}]}}