{"id":2561,"date":"2024-04-05T21:00:13","date_gmt":"2024-04-05T21:00:13","guid":{"rendered":"https:\/\/tecnopacks.com.mx\/empaque\/?post_type=product&#038;p=2561"},"modified":"2024-08-22T22:10:33","modified_gmt":"2024-08-22T22:10:33","slug":"maquina-de-envasado-al-vacio-de-doble-camara","status":"publish","type":"product","link":"https:\/\/tecnopacks.com.mx\/empaque\/producto\/empacadora-alto-vacio\/maquina-de-envasado-al-vacio-de-doble-camara\/","title":{"rendered":"M\u00e1quina envasadora al vac\u00edo de doble c\u00e1mara DZQ-400\/2SB O HVC-410S\/2A"},"content":{"rendered":"\n<h1><a href=\"https:\/\/tecnopacks.com.mx\/empaque\/\">M\u00e1quina envasadora al vac\u00edo de doble c\u00e1mara DZQ-400\/2SB O HVC-410S\/2A<\/a><\/h1>\n<p>La m\u00e1quina de envasado al vac\u00edo de doble c\u00e1mara seg\u00fan su significado literal tambi\u00e9n es muy f\u00e1cil de entender, su eficiencia tambi\u00e9n es aproximadamente el doble que la m\u00e1quina de vac\u00edo de una c\u00e1mara. Y el equipo de la carcasa de la m\u00e1quina cumple con el est\u00e1ndar nacional de acero inoxidable, el panel de control es, con mucho, el nuevo bot\u00f3n t\u00e1ctil m\u00e1s popular. El sellado t\u00e9rmico adopta un rel\u00e9 de tiempo de visualizaci\u00f3n digital para controlar el tiempo. El operador tambi\u00e9n puede usar el par\u00e1metro tecnol\u00f3gico establecido, una succi\u00f3n al vac\u00edo \u00fanica, sellado al vac\u00edo, etc. en una serie de operaciones. Esta m\u00e1quina es muy adecuada para la actualidad en el mercado de las peque\u00f1as empresas.<\/p>\n<p>Esta serie de m\u00e1quinas empacadoras al vac\u00edo tiene todo el proceso de bombear aire al estado de vac\u00edo, sellar y gasificar una sola vez. Esta m\u00e1quina es muy adecuada para materiales de embalaje blandos como pel\u00edculas compuestas o pel\u00edculas compuestas de papel de aluminio, s\u00f3lidos, l\u00edquidos, polvos, pastas, alimentos, frutas, medicamentos, productos qu\u00edmicos, productos electr\u00f3nicos, instrumentos y medidores de precisi\u00f3n, metales preciosos raros y otros art\u00edculos despu\u00e9s del envasado al vac\u00edo o envasado al vac\u00edo y gas inerte. Despu\u00e9s del envasado al vac\u00edo, el producto puede prevenir la oxidaci\u00f3n, el moho y garantizar la calidad de los alimentos, frescos y prolongar la vida \u00fatil. Para algunos objetos de clase esponjosos, puede reducir efectivamente el tama\u00f1o de nuestra apariencia, f\u00e1cil de transportar y almacenar.<\/p>\n<p><a href=\"https:\/\/impropack.com.mx\/contacto\/\"><strong>Par\u00e1metros:<\/strong><\/a><\/p>\n","protected":false},"excerpt":{"rendered":"<div>\n<p>&nbsp;<\/p>\n<table class=\"table\" border=\"0\" width=\"100%\" cellspacing=\"0\" cellpadding=\"0\">\n<tbody>\n<tr class=\"firstRow\">\n<td align=\"center\" valign=\"middle\" width=\"288\"><\/td>\n<td align=\"center\" valign=\"middle\" width=\"276\">\n<p style=\"text-align: center;\">HVC-410S\/2A<\/p>\n<\/td>\n<\/tr>\n<tr>\n<td align=\"center\" valign=\"middle\" width=\"288\">Voltaje (V\/Hz)<\/td>\n<td align=\"center\" valign=\"middle\" width=\"276\">\n<p style=\"text-align: center;\">CA 380\/50 220\/50 110\/60<\/p>\n<\/td>\n<\/tr>\n<tr>\n<td align=\"center\" valign=\"middle\" width=\"288\">Potencia del motor (W)<\/td>\n<td align=\"center\" valign=\"middle\" width=\"276\">\n<p style=\"text-align: center;\">900<\/p>\n<\/td>\n<\/tr>\n<tr>\n<td align=\"center\" valign=\"middle\" width=\"288\">Potencia de sellado (W)<\/td>\n<td align=\"center\" valign=\"middle\" width=\"276\">\n<p style=\"text-align: center;\">500<\/p>\n<\/td>\n<\/tr>\n<tr>\n<td align=\"center\" valign=\"middle\" width=\"288\">Presi\u00f3n de vac\u00edo final (Kpa)<\/td>\n<td align=\"center\" valign=\"middle\" width=\"276\">\n<p style=\"text-align: center;\">1<\/p>\n<\/td>\n<\/tr>\n<tr>\n<td align=\"center\" valign=\"middle\" width=\"288\">Ancho de sellado (mm)<\/td>\n<td align=\"center\" valign=\"middle\" width=\"276\">\n<p style=\"text-align: center;\">10 o 2\u00d73<\/p>\n<\/td>\n<\/tr>\n<tr>\n<td align=\"center\" valign=\"middle\" width=\"288\">Dimensi\u00f3n de la c\u00e1mara (L\u00d7W\u00d7H) (mm)<\/td>\n<td align=\"center\" valign=\"middle\" width=\"276\">\n<p style=\"text-align: center;\">510\u00d7500\u00d7160<\/p>\n<\/td>\n<\/tr>\n<tr>\n<td align=\"center\" valign=\"middle\" width=\"288\">Capacidad de la bomba de vac\u00edo (m3\/h)<\/td>\n<td align=\"center\" valign=\"middle\" width=\"276\">\n<p style=\"text-align: center;\">20<\/p>\n<\/td>\n<\/tr>\n<tr>\n<td align=\"center\" valign=\"middle\" width=\"288\">Material para C\u00e1mara de Vac\u00edo<\/td>\n<td align=\"center\" valign=\"middle\" width=\"276\">\n<p style=\"text-align: center;\">SUS304<\/p>\n<\/td>\n<\/tr>\n<tr>\n<td align=\"center\" valign=\"middle\" width=\"288\">Dimensiones externas (L\u00d7W\u00d7H) (mm)<\/td>\n<td align=\"center\" valign=\"middle\" width=\"276\">\n<p style=\"text-align: center;\">1070\u00d7685\u00d7940<\/p>\n<\/td>\n<\/tr>\n<tr>\n<td align=\"center\" valign=\"middle\" width=\"288\">Peso neto \/ kg)<\/td>\n<td align=\"center\" valign=\"middle\" width=\"276\">\n<p style=\"text-align: center;\">Aprox.170<\/p>\n<\/td>\n<\/tr>\n<\/tbody>\n<\/table>\n<\/div>\n<div class=\"pword\">Modelo:HVC-410\/2SA<br \/>\nLa m\u00e1quina de envasado al vac\u00edo de doble c\u00e1mara seg\u00fan su significado literal tambi\u00e9n es muy f\u00e1cil de entender, su eficiencia tambi\u00e9n es aproximadamente el doble que la m\u00e1quina de vac\u00edo de una c\u00e1mara.<\/div>\n<div>M\u00e1quina envasadora al vac\u00edo de doble c\u00e1mara DZQ-400\/2SB O HVC-410S\/2A<\/div>\n<div><\/div>\n<div>Sucursales: Guadalajara, Monterrey, Cuidad de Mexico y Tijuana<\/div>\n","protected":false},"featured_media":2603,"template":"","meta":[],"product_brand":[],"product_cat":[545,156],"product_tag":[],"class_list":{"0":"post-2561","1":"product","2":"type-product","3":"status-publish","4":"has-post-thumbnail","6":"product_cat-empacadora-alto-vacio","7":"product_cat-maquina-de-vacio-de-doble-camara","9":"first","10":"instock","11":"shipping-taxable","12":"product-type-simple"},"_links":{"self":[{"href":"https:\/\/tecnopacks.com.mx\/empaque\/wp-json\/wp\/v2\/product\/2561","targetHints":{"allow":["GET"]}}],"collection":[{"href":"https:\/\/tecnopacks.com.mx\/empaque\/wp-json\/wp\/v2\/product"}],"about":[{"href":"https:\/\/tecnopacks.com.mx\/empaque\/wp-json\/wp\/v2\/types\/product"}],"wp:featuredmedia":[{"embeddable":true,"href":"https:\/\/tecnopacks.com.mx\/empaque\/wp-json\/wp\/v2\/media\/2603"}],"wp:attachment":[{"href":"https:\/\/tecnopacks.com.mx\/empaque\/wp-json\/wp\/v2\/media?parent=2561"}],"wp:term":[{"taxonomy":"product_brand","embeddable":true,"href":"https:\/\/tecnopacks.com.mx\/empaque\/wp-json\/wp\/v2\/product_brand?post=2561"},{"taxonomy":"product_cat","embeddable":true,"href":"https:\/\/tecnopacks.com.mx\/empaque\/wp-json\/wp\/v2\/product_cat?post=2561"},{"taxonomy":"product_tag","embeddable":true,"href":"https:\/\/tecnopacks.com.mx\/empaque\/wp-json\/wp\/v2\/product_tag?post=2561"}],"curies":[{"name":"wp","href":"https:\/\/api.w.org\/{rel}","templated":true}]}}