{"id":2584,"date":"2024-04-05T21:00:35","date_gmt":"2024-04-05T21:00:35","guid":{"rendered":"https:\/\/tecnopacks.com.mx\/empaque\/?post_type=product&#038;p=2584"},"modified":"2026-03-24T04:24:26","modified_gmt":"2026-03-24T04:24:26","slug":"empacadora-de-alto-vacio-automatica-con-banda","status":"publish","type":"product","link":"https:\/\/tecnopacks.com.mx\/empaque\/producto\/empacadoras-al-vacio\/empacadora-de-alto-vacio-automatica-con-banda\/","title":{"rendered":"Empacadora de alto vac\u00edo autom\u00e1tica con banda HVB-1020F \/ DZQ-1000"},"content":{"rendered":"\n<h1>Empacadora de alto vac\u00edo autom\u00e1tica con banda HVB-1020F\/DZQ-1000<\/h1>\n<p>La <em><strong><span style=\"text-decoration: underline;\">m\u00e1quina empacadora de alto vac\u00edo<\/span><\/strong><\/em> autom\u00e1tica tipo correa continua de Hualian Machinery Co., Ltd. est\u00e1 hecha de acero inoxidable. Tapa de vac\u00edo de una pieza. La cinta transportadora, las cadenas, etc. est\u00e1n hechos de acero inoxidable. M\u00e1xima durabilidad. Cinta transportadora con funci\u00f3n de limpieza autom\u00e1tica, acorde con la higiene alimentaria. En respuesta al tama\u00f1o de varios productos, le ofrecemos una variedad de especificaciones.<\/p>\n<p>\u25cf Estructura completa de acero inoxidable para m\u00e1xima durabilidad<\/p>\n<p>\u25cf Dise\u00f1o higi\u00e9nico, f\u00e1cil de limpiar<\/p>\n<p>\u25cf En caso de empacar muchos productos l\u00edquidos, ajuste el \u00e1ngulo de la mesa transportadora para evitar que el <a href=\"https:\/\/tecnopacks.com.mx\/empaque\/tienda\/\" target=\"_blank\" rel=\"noopener\">producto<\/a> se desborde.<\/p>\n<p>\u25cf La cinta transportadora cuenta con lavado autom\u00e1tico que se realiza convenientemente simplemente conect\u00e1ndola a una manguera de agua<\/p>\n<p>\u25cf Simple de operar con sistema de control PLC<\/p>\n<p>\u25cf Aplicable para varias f\u00e1bricas de producci\u00f3n en masa<\/p>\n<p><strong><a href=\"https:\/\/impropack.com.mx\/contacto\/\" target=\"_blank\" rel=\"noopener\">Par\u00e1metros<\/a>:<\/strong><\/p>\n","protected":false},"excerpt":{"rendered":"<div>\n<p><strong>Par\u00e1metros:<\/strong><\/p>\n<table class=\"table\" style=\"width: 100%; height: 728px;\" border=\"0\" width=\"100%\" cellspacing=\"0\" cellpadding=\"0\">\n<tbody>\n<tr class=\"firstRow\" style=\"height: 56px;\">\n<td style=\"height: 56px;\" align=\"center\" valign=\"middle\" width=\"305\"><\/td>\n<td style=\"height: 56px;\" align=\"center\" valign=\"middle\" width=\"182\">\n<p style=\"text-align: center;\">HVB-1020F<\/p>\n<\/td>\n<\/tr>\n<tr style=\"height: 56px;\">\n<td style=\"height: 56px;\" align=\"center\" valign=\"middle\" width=\"305\">Voltaje (V\/Hz)<\/td>\n<td style=\"height: 56px;\" align=\"center\" valign=\"middle\" width=\"182\">\n<p style=\"text-align: center;\">CA 380\/50 220\/60<\/p>\n<\/td>\n<\/tr>\n<tr style=\"height: 56px;\">\n<td style=\"height: 56px;\" align=\"center\" valign=\"middle\" width=\"305\">Potencia del motor (W)<\/td>\n<td style=\"height: 56px;\" align=\"center\" valign=\"middle\" width=\"182\">\n<p style=\"text-align: center;\">550+370<\/p>\n<\/td>\n<\/tr>\n<tr style=\"height: 56px;\">\n<td style=\"height: 56px;\" align=\"center\" valign=\"middle\" width=\"305\">Potencia de sellado (W)<\/td>\n<td style=\"height: 56px;\" align=\"center\" valign=\"middle\" width=\"182\">\n<p style=\"text-align: center;\">1500<\/p>\n<\/td>\n<\/tr>\n<tr style=\"height: 56px;\">\n<td style=\"height: 56px;\" align=\"center\" valign=\"middle\" width=\"305\">Presi\u00f3n de vac\u00edo final (Kpa)<\/td>\n<td style=\"height: 56px;\" align=\"center\" valign=\"middle\" width=\"182\">\n<p style=\"text-align: center;\">1<\/p>\n<\/td>\n<\/tr>\n<tr style=\"height: 56px;\">\n<td style=\"height: 56px;\" align=\"center\" valign=\"middle\" width=\"305\">Tipo de enfriamiento<\/td>\n<td style=\"height: 56px;\" align=\"center\" valign=\"middle\" width=\"182\">\n<p style=\"text-align: center;\">refrigeraci\u00f3n por agua<\/p>\n<\/td>\n<\/tr>\n<tr style=\"height: 56px;\">\n<td style=\"height: 56px;\" align=\"center\" valign=\"middle\" width=\"305\">Longitud de sellado (mm)<\/td>\n<td style=\"height: 56px;\" align=\"center\" valign=\"middle\" width=\"182\">\n<p style=\"text-align: center;\">1020<\/p>\n<\/td>\n<\/tr>\n<tr style=\"height: 56px;\">\n<td style=\"height: 56px;\" align=\"center\" valign=\"middle\" width=\"305\">Ancho de sellado (mm)<\/td>\n<td style=\"height: 56px;\" align=\"center\" valign=\"middle\" width=\"182\">\n<p style=\"text-align: center;\">10<\/p>\n<\/td>\n<\/tr>\n<tr style=\"height: 56px;\">\n<td style=\"height: 56px;\" align=\"center\" valign=\"middle\" width=\"305\">Capacidad (veces\/min)<\/td>\n<td style=\"height: 56px;\" align=\"center\" valign=\"middle\" width=\"182\">\n<p style=\"text-align: center;\">4-8<\/p>\n<\/td>\n<\/tr>\n<tr style=\"height: 56px;\">\n<td style=\"height: 56px;\" align=\"center\" valign=\"middle\" width=\"305\">Dimensi\u00f3n de la c\u00e1mara (L\u00d7W\u00d7H) (mm)<\/td>\n<td style=\"height: 56px;\" align=\"center\" valign=\"middle\" width=\"182\">\n<p style=\"text-align: center;\">1080\u00d7500\u00d7100<\/p>\n<\/td>\n<\/tr>\n<tr style=\"height: 56px;\">\n<td style=\"height: 56px;\" align=\"center\" valign=\"middle\" width=\"305\">Dimensiones externas (L\u00d7W\u00d7H) (mm)<\/td>\n<td style=\"height: 56px;\" align=\"center\" valign=\"middle\" width=\"182\">\n<p style=\"text-align: center;\">1580\u00d71770\u00d71100<\/p>\n<\/td>\n<\/tr>\n<tr style=\"height: 56px;\">\n<td style=\"height: 56px;\" align=\"center\" valign=\"middle\" width=\"305\">Longitud de la bolsa aplicada (mm)<\/td>\n<td style=\"height: 56px;\" align=\"center\" valign=\"middle\" width=\"182\">\n<p style=\"text-align: center;\">\u2264450<\/p>\n<\/td>\n<\/tr>\n<tr style=\"height: 56px;\">\n<td style=\"height: 56px;\" align=\"center\" valign=\"middle\" width=\"305\">Peso neto \/ kg)<\/td>\n<td style=\"height: 56px;\" align=\"center\" valign=\"middle\" width=\"182\">\n<p style=\"text-align: center;\">Aprox.610<\/p>\n<\/td>\n<\/tr>\n<\/tbody>\n<\/table>\n<\/div>\n<div class=\"pword\">\n<p><a href=\"https:\/\/impropack.com.mx\/contacto\/\">Modelo:HVB-1020F<\/a><\/p>\n<\/div>\n","protected":false},"featured_media":2625,"template":"","meta":[],"product_brand":[],"product_cat":[10737,157],"product_tag":[],"class_list":{"0":"post-2584","1":"product","2":"type-product","3":"status-publish","4":"has-post-thumbnail","6":"product_cat-empacadoras-al-vacio","7":"product_cat-maquina-envasadora-al-vacio","9":"first","10":"instock","11":"shipping-taxable","12":"product-type-simple"},"_links":{"self":[{"href":"https:\/\/tecnopacks.com.mx\/empaque\/wp-json\/wp\/v2\/product\/2584","targetHints":{"allow":["GET"]}}],"collection":[{"href":"https:\/\/tecnopacks.com.mx\/empaque\/wp-json\/wp\/v2\/product"}],"about":[{"href":"https:\/\/tecnopacks.com.mx\/empaque\/wp-json\/wp\/v2\/types\/product"}],"wp:featuredmedia":[{"embeddable":true,"href":"https:\/\/tecnopacks.com.mx\/empaque\/wp-json\/wp\/v2\/media\/2625"}],"wp:attachment":[{"href":"https:\/\/tecnopacks.com.mx\/empaque\/wp-json\/wp\/v2\/media?parent=2584"}],"wp:term":[{"taxonomy":"product_brand","embeddable":true,"href":"https:\/\/tecnopacks.com.mx\/empaque\/wp-json\/wp\/v2\/product_brand?post=2584"},{"taxonomy":"product_cat","embeddable":true,"href":"https:\/\/tecnopacks.com.mx\/empaque\/wp-json\/wp\/v2\/product_cat?post=2584"},{"taxonomy":"product_tag","embeddable":true,"href":"https:\/\/tecnopacks.com.mx\/empaque\/wp-json\/wp\/v2\/product_tag?post=2584"}],"curies":[{"name":"wp","href":"https:\/\/api.w.org\/{rel}","templated":true}]}}