{"id":2585,"date":"2024-04-05T21:00:35","date_gmt":"2024-04-05T21:00:35","guid":{"rendered":"https:\/\/tecnopacks.com.mx\/empaque\/?post_type=product&#038;p=2585"},"modified":"2026-03-24T04:24:12","modified_gmt":"2026-03-24T04:24:12","slug":"maquina-automatica-de-envasado-al-vacio-continuo-hvb-1020f%e2%88%952-dzq-1000-2sb","status":"publish","type":"product","link":"https:\/\/tecnopacks.com.mx\/empaque\/producto\/empacadora-alto-vacio\/maquina-automatica-de-envasado-al-vacio-continuo-hvb-1020f%e2%88%952-dzq-1000-2sb\/","title":{"rendered":"M\u00e1quina autom\u00e1tica de envasado al vac\u00edo continuo HVB-1020F\u22152 \/ DZQ-1000\/2SB"},"content":{"rendered":"\n<h1><a href=\"https:\/\/tecnopacks.com.mx\/empaque\/producto\/maquina-envasadora-al-vacio\/maquina-automatica-de-envasado-al-vacio-continuo-hvb-1020f%e2%88%952-dzq-1000-2sb\/\">M\u00e1quina autom\u00e1tica de envasado al vac\u00edo continuo HVB-1020F\u22152 \/ DZQ-1000\/2SB<\/a><\/h1>\n<p data-pm-slice=\"1 1 []\">M\u00e1quina autom\u00e1tica de envasado al vac\u00edo continuo HVB-1020F\/2 \/ DZQ-1000\/2SB \u2013 Tecnopacks<\/p>\n<p>\u00a0<\/p>\n<p>En Tecnopacks sabemos que la eficiencia y la conservaci\u00f3n de productos son claves para la industria alimenticia, farmac\u00e9utica, cosm\u00e9tica y qu\u00edmica. Por eso ofrecemos la M\u00e1quina autom\u00e1tica de envasado al vac\u00edo continuo HVB-1020F\/2 \/ DZQ-1000\/2SB, un equipo dise\u00f1ado para brindar la m\u00e1xima productividad, hermeticidad y presentaci\u00f3n profesional en cada empaque.<\/p>\n<p>\u00a0<\/p>\n<p>La M\u00e1quina autom\u00e1tica de envasado al vac\u00edo continuo HVB-1020F\/2 \/ DZQ-1000\/2SB combina tecnolog\u00eda avanzada con una operaci\u00f3n continua, ideal para empresas que requieren altos vol\u00famenes de envasado. Gracias a su sistema de doble c\u00e1mara y banda transportadora, la M\u00e1quina autom\u00e1tica de envasado al vac\u00edo continuo HVB-1020F\/2 \/ DZQ-1000\/2SB logra un sellado herm\u00e9tico en grandes lotes de producci\u00f3n sin detener el flujo de trabajo.<\/p>\n<p>\u00a0<\/p>\n<p>Con la M\u00e1quina autom\u00e1tica de envasado al vac\u00edo continuo HVB-1020F\/2 \/ DZQ-1000\/2SB, tus productos estar\u00e1n protegidos contra humedad, oxidaci\u00f3n, bacterias y cualquier factor externo que pueda afectar su calidad.<\/p>\n<p>\u00a0<\/p>\n<p>Ventajas de la M\u00e1quina autom\u00e1tica de envasado al vac\u00edo continuo HVB-1020F\/2 \/ DZQ-1000\/2SB<\/p>\n<p>\u00a0<\/p>\n<p>Producci\u00f3n continua: La M\u00e1quina autom\u00e1tica de envasado al vac\u00edo continuo HVB-1020F\/2 \/ DZQ-1000\/2SB permite empacar sin interrupciones gracias a su sistema de banda transportadora.<\/p>\n<p>\u00a0<\/p>\n<p>Alta capacidad: Su dise\u00f1o robusto asegura que la M\u00e1quina autom\u00e1tica de envasado al vac\u00edo continuo HVB-1020F\/2 \/ DZQ-1000\/2SB maneje grandes vol\u00famenes de producto.<\/p>\n<p>\u00a0<\/p>\n<p>Hermeticidad perfecta: Con doble barra de sellado, la M\u00e1quina autom\u00e1tica de envasado al vac\u00edo continuo HVB-1020F\/2 \/ DZQ-1000\/2SB garantiza cierres seguros.<\/p>\n<p>\u00a0<\/p>\n<p>Durabilidad: Fabricada en acero inoxidable, la M\u00e1quina autom\u00e1tica de envasado al vac\u00edo continuo HVB-1020F\/2 \/ DZQ-1000\/2SB es resistente a trabajos industriales prolongados.<\/p>\n<p>\u00a0<\/p>\n<p>Presentaci\u00f3n profesional: El envasado con la M\u00e1quina autom\u00e1tica de envasado al vac\u00edo continuo HVB-1020F\/2 \/ DZQ-1000\/2SB mejora la apariencia del producto y extiende su vida \u00fati<a href=\"https:\/\/www.youtube.com\/@tecno-pack765\">l.<\/a><\/p>\n<p>\u00a0<\/p>\n<p>Aplicaciones comunes<\/p>\n<p>\u00a0<\/p>\n<p>La M\u00e1quina autom\u00e1tica de envasado al vac\u00edo continuo HVB-1020F\/2 \/ DZQ-1000\/2SB es ampliamente utilizada en:<\/p>\n<p>\u00a0<\/p>\n<p>Industria alimenticia: carnes, pescados, mariscos, embutidos, quesos, semillas, granos y productos procesados.<\/p>\n<p>\u00a0<\/p>\n<p>Farmac\u00e9utica: empaques de medicamentos, suplementos y productos sensibles.<\/p>\n<p>\u00a0<\/p>\n<p>Cosm\u00e9tica: cremas, polvos y art\u00edculos de cuidado personal.<\/p>\n<p>\u00a0<\/p>\n<p>Qu\u00edmica: resinas, polvos, aditivos y compuestos especiales.<\/p>\n<p>\u00a0<\/p>\n<p>En cada caso, la M\u00e1quina autom\u00e1tica de envasado al vac\u00edo continuo HVB-1020F\/2 \/ DZQ-1000\/2SB asegura un empaque confiable y listo para exportaci\u00f3n.<\/p>\n<p>\u00a0<\/p>\n<p>Tecnopacks: respaldo y experiencia<\/p>\n<p>\u00a0<\/p>\n<p>En Tecnopacks ofrecemos la M\u00e1quina autom\u00e1tica de envasado al vac\u00edo continuo HVB-1020F\/2 \/ DZQ-1000\/2SB con asesor\u00eda personalizada, capacitaci\u00f3n a tu personal y soporte t\u00e9cnico en todo M\u00e9xico. Adem\u00e1s, contamos con refacciones y garant\u00eda para que tu producci\u00f3n no se detenga.<\/p>\n<p>\u00a0<\/p>\n<p>Con la M\u00e1quina autom\u00e1tica de envasado al vac\u00edo continuo HVB-1020F\/2 \/ DZQ-1000\/2SB, tu empresa logra optimizar procesos, reducir tiempos y garantizar la m\u00e1xima calidad en cada producto.<\/p>\n<p>\u00a0<\/p>\n<p>Conclusi\u00f3n<\/p>\n<p>\u00a0<\/p>\n<p>La M\u00e1quina autom\u00e1tica de envasado al vac\u00edo continuo HVB-1020F\/2 \/ DZQ-1000\/2SB es la soluci\u00f3n perfecta para empresas que buscan productividad, frescura y empaque profesional a gran escala.<\/p>\n<p>\u00a0<\/p>\n<p>En Tecnopacks ponemos a tu alcance la M\u00e1quina autom\u00e1tica de envasado al vac\u00edo continuo HVB-1020F\/2 \/ DZQ-1000\/2SB, un equipo dise\u00f1ado para responder a las exigencias del mercado actual y elevar tu nivel de producci\u00f3n.<\/p>\n<p>\u25cf Adopta empaque continuo con mayor eficiencia.<\/p>\n<p>\u25cf Podr\u00eda estar conectado con el sistema de transporte autom\u00e1tico y hacer un trabajo de flujo autom\u00e1tico.<\/p>\n<p>\u25cf La altura del transportador podr\u00eda ajustarse para encontrar productos con l\u00edquido para evitar que el l\u00edquido se estropee.<\/p>\n<p>\u25cf Adopta el sistema de control autom\u00e1tico PLC, operaci\u00f3n de conveniencia de pantalla independiente.<\/p>\n<p>\u25cf El casco de la m\u00e1quina es de acero inoxidable, que es m\u00e1s duradero y f\u00e1cil de limpiar.<\/p>\n<p>\u25cf La funci\u00f3n protectora de refrigeraci\u00f3n por agua de las barras calefactoras mejora la vida \u00fatil de las barras calefactoras.<\/p>\n<p>\u00a0<\/p>\n","protected":false},"excerpt":{"rendered":"<div class=\"pword\">Modelo:HVB-1020F\/2<\/div>\n<div class=\"pword\">\n<p><strong>Par\u00e1metros:<\/strong><\/p>\n<table class=\"table\" border=\"0\" width=\"100%\" cellspacing=\"0\" cellpadding=\"0\">\n<tbody>\n<tr class=\"firstRow\">\n<td align=\"center\" valign=\"middle\" width=\"290\"><\/td>\n<td align=\"center\" valign=\"middle\" width=\"277\">\n<p style=\"text-align: center;\">HVB-1020F\u22152<\/p>\n<\/td>\n<\/tr>\n<tr>\n<td align=\"center\" valign=\"middle\" width=\"290\">Voltaje (V\/Hz)<\/td>\n<td align=\"center\" valign=\"middle\" width=\"277\">\n<p style=\"text-align: center;\">CA 380\/50 220\/60<\/p>\n<\/td>\n<\/tr>\n<tr>\n<td align=\"center\" valign=\"middle\" width=\"290\">Potencia del motor (W)<\/td>\n<td align=\"center\" valign=\"middle\" width=\"277\">\n<p style=\"text-align: center;\">550+370<\/p>\n<\/td>\n<\/tr>\n<tr>\n<td align=\"center\" valign=\"middle\" width=\"290\">Potencia de sellado (W)<\/td>\n<td align=\"center\" valign=\"middle\" width=\"277\">\n<p style=\"text-align: center;\">3000<\/p>\n<\/td>\n<\/tr>\n<tr>\n<td align=\"center\" valign=\"middle\" width=\"290\">Presi\u00f3n de vac\u00edo final (Kpa)<\/td>\n<td align=\"center\" valign=\"middle\" width=\"277\">\n<p style=\"text-align: center;\">1<\/p>\n<\/td>\n<\/tr>\n<tr>\n<td align=\"center\" valign=\"middle\" width=\"290\">Tipo de enfriamiento<\/td>\n<td align=\"center\" valign=\"middle\" width=\"277\">\n<p style=\"text-align: center;\">refrigeraci\u00f3n por agua<\/p>\n<\/td>\n<\/tr>\n<tr>\n<td align=\"center\" valign=\"middle\" width=\"290\">Longitud de sellado (mm)<\/td>\n<td align=\"center\" valign=\"middle\" width=\"277\">\n<p style=\"text-align: center;\">1020<\/p>\n<\/td>\n<\/tr>\n<tr>\n<td align=\"center\" valign=\"middle\" width=\"290\">Ancho de sellado (mm)<\/td>\n<td align=\"center\" valign=\"middle\" width=\"277\">\n<p style=\"text-align: center;\">10<\/p>\n<\/td>\n<\/tr>\n<tr>\n<td align=\"center\" valign=\"middle\" width=\"290\">Capacidad (veces\/min)<\/td>\n<td align=\"center\" valign=\"middle\" width=\"277\">\n<p style=\"text-align: center;\">4-8<\/p>\n<\/td>\n<\/tr>\n<tr>\n<td align=\"center\" valign=\"middle\" width=\"290\">Dimensi\u00f3n de la c\u00e1mara (L\u00d7W\u00d7H) (mm)<\/td>\n<td align=\"center\" valign=\"middle\" width=\"277\">\n<p style=\"text-align: center;\">1080\u00d7500\u00d780<\/p>\n<\/td>\n<\/tr>\n<tr>\n<td align=\"center\" valign=\"middle\" width=\"290\">Dimensiones externas (L\u00d7W\u00d7H) (mm)<\/td>\n<td align=\"center\" valign=\"middle\" width=\"277\">\n<p style=\"text-align: center;\">1580\u00d71770\u00d71100<\/p>\n<\/td>\n<\/tr>\n<tr>\n<td align=\"center\" valign=\"middle\" width=\"290\">Longitud de la bolsa aplicada (mm)<\/td>\n<td align=\"center\" valign=\"middle\" width=\"277\">\n<p style=\"text-align: center;\">\u2264190<\/p>\n<\/td>\n<\/tr>\n<tr>\n<td align=\"center\" valign=\"middle\" width=\"290\">Peso neto \/ kg)<\/td>\n<td align=\"center\" valign=\"middle\" width=\"277\">\n<p style=\"text-align: center;\">Aprox.610<\/p>\n<\/td>\n<\/tr>\n<\/tbody>\n<\/table>\n<p>\u25cf Adopta empaque continuo con mayor eficiencia.<br \/>\n\u25cf Podr\u00eda estar conectado con el sistema de transporte autom\u00e1tico y hacer un trabajo de flujo autom\u00e1tico.<br \/>\n\u25cf La altura del transportador podr\u00eda ajustarse para encontrar productos con l\u00edquido para evitar que el l\u00edquido se estropee.<\/p>\n<\/div>\n<div>M\u00e1quina autom\u00e1tica de envasado al vac\u00edo continuo HVB-1020F\u22152 \/ DZQ-1000\/2SB<\/div>\n<div><\/div>\n<div>Sucursales: Tijuana, Monterrey, Cuidad de Mexico y Guadalajara<\/div>\n","protected":false},"featured_media":2626,"template":"","meta":[],"product_brand":[],"product_cat":[545,10737,157],"product_tag":[7608,7655,7603,7602,7638,7639,7619,7618,7621,7609,7633,7610,7646,7645,7624,7625,7634,7658,7641,7648,7627,7636,7643,7653,7630,7611,7605,7650,7642,7620,7654,7651,7601,7644,7629,7632,7616,7656,7614,7628,7631,7615,7623,7635,7652,7647,7607,7606,7617,7613,7626,7622,7612,7604,7637,7640,7649,7657],"class_list":{"0":"post-2585","1":"product","2":"type-product","3":"status-publish","4":"has-post-thumbnail","6":"product_cat-empacadora-alto-vacio","7":"product_cat-empacadoras-al-vacio","8":"product_cat-maquina-envasadora-al-vacio","9":"product_tag-envasadora-al-vacio-automatica-industrial","10":"product_tag-envasadora-al-vacio-continua-de-acero-inoxidable","11":"product_tag-envasadora-al-vacio-continua-dzq-1000-2sb","12":"product_tag-envasadora-al-vacio-continua-hvb-1020f-2","13":"product_tag-envasadora-al-vacio-continua-para-cosmeticos","14":"product_tag-envasadora-al-vacio-continua-para-farmacia","15":"product_tag-envasadora-al-vacio-continua-para-mariscos","16":"product_tag-envasadora-al-vacio-continua-para-pescados","17":"product_tag-envasadora-al-vacio-continua-para-quesos","18":"product_tag-envasadora-al-vacio-de-banda-transportadora","19":"product_tag-envasadora-al-vacio-de-doble-camara-hvb-1020f-2","20":"product_tag-envasadora-al-vacio-doble-barra-hvb-1020f-2","21":"product_tag-envasadora-al-vacio-dzq-1000-2sb-precio","22":"product_tag-envasadora-al-vacio-hvb-1020f-2-precio","23":"product_tag-envasadora-al-vacio-para-farmacia-hvb-1020f-2","24":"product_tag-envasadora-al-vacio-para-productos-quimicos-dzq-1000-2sb","25":"product_tag-envasadora-automatica-al-vacio-de-acero-inoxidable","26":"product_tag-envasadora-automatica-de-vacio-de-gran-escala","27":"product_tag-envasadora-automatica-de-vacio-tecnopacks","28":"product_tag-envasadora-automatica-para-empaques-al-vacio","29":"product_tag-envasadora-continua-de-alimentos-al-vacio","30":"product_tag-envasadora-continua-de-gran-volumen-dzq-1000-2sb","31":"product_tag-envasadora-continua-de-vacio-industrial","32":"product_tag-envasadora-de-vacio-con-transportador-hvb-1020f-2","33":"product_tag-envasadora-de-vacio-de-alta-produccion","34":"product_tag-envasadora-de-vacio-doble-barra-dzq-1000-2sb","35":"product_tag-envasadora-industrial-al-vacio-continuo","36":"product_tag-envasadora-industrial-de-vacio-doble-barra","37":"product_tag-maquina-al-vacio-continua-para-exportacion","38":"product_tag-maquina-al-vacio-para-embutidos-continua","39":"product_tag-maquina-automatica-de-envasado-al-vacio-con-garantia","40":"product_tag-maquina-automatica-de-envasado-al-vacio-confiable","41":"product_tag-maquina-automatica-de-envasado-al-vacio-continuo-hvb-1020f-2-dzq-1000-2sb","42":"product_tag-maquina-automatica-de-envasado-al-vacio-en-mexico","43":"product_tag-maquina-automatica-de-vacio-para-empaques-grandes","44":"product_tag-maquina-automatica-de-vacio-profesional","45":"product_tag-maquina-de-envasado-al-vacio-automatica-para-alimentos","46":"product_tag-maquina-de-envasado-al-vacio-continua-tecnopacks","47":"product_tag-maquina-de-envasado-al-vacio-de-gran-capacidad","48":"product_tag-maquina-de-envasado-al-vacio-de-uso-rudo","49":"product_tag-maquina-de-envasado-al-vacio-para-charcuteria","50":"product_tag-maquina-de-envasado-al-vacio-para-exportacion","51":"product_tag-maquina-de-envasado-al-vacio-para-semillas","52":"product_tag-maquina-de-envasado-al-vacio-rapida-hvb-1020f-2","53":"product_tag-maquina-de-vacio-automatica-continua-con-banda","54":"product_tag-maquina-de-vacio-continua-de-alta-calidad","55":"product_tag-maquina-de-vacio-continua-dzq-1000-2sb","56":"product_tag-maquina-de-vacio-continua-hvb-1020f-2","57":"product_tag-maquina-de-vacio-continuo-para-carnes","58":"product_tag-maquina-de-vacio-industrial-hvb-1020f-2","59":"product_tag-maquina-de-vacio-para-cosmeticos-hvb-1020f-2","60":"product_tag-maquina-de-vacio-para-granos-continua","61":"product_tag-maquina-envasadora-al-vacio-de-acero-inoxidable","62":"product_tag-maquina-envasadora-automatica-al-vacio-continuo","63":"product_tag-maquina-envasadora-automatica-para-industria-alimenticia","64":"product_tag-maquina-envasadora-continua-para-industria-quimica","65":"product_tag-maquina-envasadora-de-alimentos-al-vacio-continua","66":"product_tag-maquina-envasadora-de-alto-rendimiento-al-vacio","68":"first","69":"instock","70":"shipping-taxable","71":"product-type-simple"},"_links":{"self":[{"href":"https:\/\/tecnopacks.com.mx\/empaque\/wp-json\/wp\/v2\/product\/2585","targetHints":{"allow":["GET"]}}],"collection":[{"href":"https:\/\/tecnopacks.com.mx\/empaque\/wp-json\/wp\/v2\/product"}],"about":[{"href":"https:\/\/tecnopacks.com.mx\/empaque\/wp-json\/wp\/v2\/types\/product"}],"wp:featuredmedia":[{"embeddable":true,"href":"https:\/\/tecnopacks.com.mx\/empaque\/wp-json\/wp\/v2\/media\/2626"}],"wp:attachment":[{"href":"https:\/\/tecnopacks.com.mx\/empaque\/wp-json\/wp\/v2\/media?parent=2585"}],"wp:term":[{"taxonomy":"product_brand","embeddable":true,"href":"https:\/\/tecnopacks.com.mx\/empaque\/wp-json\/wp\/v2\/product_brand?post=2585"},{"taxonomy":"product_cat","embeddable":true,"href":"https:\/\/tecnopacks.com.mx\/empaque\/wp-json\/wp\/v2\/product_cat?post=2585"},{"taxonomy":"product_tag","embeddable":true,"href":"https:\/\/tecnopacks.com.mx\/empaque\/wp-json\/wp\/v2\/product_tag?post=2585"}],"curies":[{"name":"wp","href":"https:\/\/api.w.org\/{rel}","templated":true}]}}