{"id":2594,"date":"2024-04-05T21:00:36","date_gmt":"2024-04-05T21:00:36","guid":{"rendered":"https:\/\/tecnopacks.com.mx\/empaque\/?post_type=product&#038;p=2594"},"modified":"2026-03-24T04:23:34","modified_gmt":"2026-03-24T04:23:34","slug":"encintadora-de-cajas-semiautomatica-para-cajas-pequenas-fxj-4040a","status":"publish","type":"product","link":"https:\/\/tecnopacks.com.mx\/empaque\/producto\/encintadoras-de-cajas\/encintadora-de-cajas-semiautomatica-para-cajas-pequenas-fxj-4040a\/","title":{"rendered":"Encintadora de Cajas Semiautomatica  para cajas peque\u00f1as FXJ-4040A"},"content":{"rendered":"\n<h1><a href=\"https:\/\/tecnopacks.com.mx\/empaque\/producto\/maquina-de-sellado-de-carton-semiautomatico\/encintadora-de-cajas-semiautomatica-para-cajas-pequenas-fxj-4040a\/\">Encintadora de Cajas Semiautomatica para cajas peque\u00f1as FXJ-4040A<\/a><\/h1>\n<p>\u25cf las maquinas encintadoras La serie FXJ est\u00e1 dise\u00f1ada para sellar cajas aplicando cinta adhesiva<\/p>\n<p>\u25cfEncintadora Semiautomatica\u00a0 Rentable, de alta velocidad<\/p>\n<p>\u25cf Encintadora de Cajas Cambios de tama\u00f1o sencillos<\/p>\n<p>\u25cfencintadora de cajas\u00a0 \u00a0Para la integraci\u00f3n en la l\u00ednea de producci\u00f3n o como m\u00e1quina independiente<\/p>\n<p>\u25cf maquina selladora de cajasEs ampliamente utilizado en los campos de electrodom\u00e9sticos, productos alimenticios, mercanc\u00edas en general, medicina e industria qu\u00edmica.<\/p>\n<p>\u25cf Encintadora Semiautomatica La tensi\u00f3n de la cinta transportadora y la tensi\u00f3n de la cinta son ajustables para satisfacer las necesidades de los cartones blandos\/duros<\/p>\n<p>\u25cf la encintadora La cinta impresa se puede utilizar para mejorar la imagen de la empresa<\/p>\n<p><a href=\"https:\/\/impropack.com.mx\/contacto\/\">\u25cf Serie FXJ-A: correas de transmisi\u00f3n laterales, cabezal de cinta superior e inferior, ideal para cajas de cart\u00f3n angostas<\/a><\/p>\n","protected":false},"excerpt":{"rendered":"<div>\n<p><strong>Par\u00e1metros:<\/strong><\/p>\n<table class=\"table\" border=\"0\" width=\"100%\" cellspacing=\"0\" cellpadding=\"0\">\n<tbody>\n<tr class=\"firstRow\">\n<td align=\"center\" valign=\"middle\" width=\"248\"><\/td>\n<td align=\"center\" valign=\"middle\" width=\"330\">\n<p style=\"text-align: center;\">FXJ-4040A<\/p>\n<\/td>\n<\/tr>\n<tr>\n<td align=\"center\" valign=\"middle\" width=\"248\">Voltaje (V\/Hz)<\/td>\n<td align=\"center\" valign=\"middle\" width=\"330\">\n<p style=\"text-align: center;\">CA 220\/50 110\/60<\/p>\n<\/td>\n<\/tr>\n<tr>\n<td align=\"center\" valign=\"middle\" width=\"248\">Potencia (W)<\/td>\n<td align=\"center\" valign=\"middle\" width=\"330\">\n<p style=\"text-align: center;\">200<\/p>\n<\/td>\n<\/tr>\n<tr>\n<td align=\"center\" valign=\"middle\" width=\"248\">m\u00e1x. Tama\u00f1o de la caja (ancho \u00d7 alto) (mm)<\/td>\n<td align=\"center\" valign=\"middle\" width=\"330\">\n<p style=\"text-align: center;\">500\u00d7500<\/p>\n<\/td>\n<\/tr>\n<tr>\n<td align=\"center\" valign=\"middle\" width=\"248\">m\u00edn. Tama\u00f1o de la caja (ancho \u00d7 alto) (mm)<\/td>\n<td align=\"center\" valign=\"middle\" width=\"330\">\n<p style=\"text-align: center;\">100\u00d7100<\/p>\n<\/td>\n<\/tr>\n<tr>\n<td align=\"center\" valign=\"middle\" width=\"248\">Velocidad (m\/min)<\/td>\n<td align=\"center\" valign=\"middle\" width=\"330\">\n<p style=\"text-align: center;\">20 m\/min\uff0830 cajas\/min\uff09<\/p>\n<\/td>\n<\/tr>\n<tr>\n<td align=\"center\" valign=\"middle\" width=\"248\">Materiales de cinta adhesiva<\/td>\n<td align=\"center\" valign=\"middle\" width=\"330\">\n<p style=\"text-align: center;\">BOPP, cinta adhesiva de PVC, cinta adhesiva sin agua<\/p>\n<\/td>\n<\/tr>\n<tr>\n<td align=\"center\" valign=\"middle\" width=\"248\">Altura de la mesa (mm)<\/td>\n<td align=\"center\" valign=\"middle\" width=\"330\">\n<p style=\"text-align: center;\">580-780<\/p>\n<\/td>\n<\/tr>\n<tr>\n<td align=\"center\" valign=\"middle\" width=\"248\">Ancho de Cinta Adhesiva (mm)<\/td>\n<td align=\"center\" valign=\"middle\" width=\"330\">\n<p style=\"text-align: center;\">36 48<\/p>\n<\/td>\n<\/tr>\n<tr>\n<td align=\"center\" valign=\"middle\" width=\"248\">Dimensiones externas (L\u00d7W\u00d7 H)(mm)<\/td>\n<td align=\"center\" valign=\"middle\" width=\"330\">\n<p style=\"text-align: center;\">1730\u00d7950\u00d7(960-1550)<\/p>\n<\/td>\n<\/tr>\n<tr>\n<td align=\"center\" valign=\"middle\" width=\"248\">Peso neto \/ kg)<\/td>\n<td align=\"center\" valign=\"middle\" width=\"330\">\n<p style=\"text-align: center;\">120<\/p>\n<\/td>\n<\/tr>\n<\/tbody>\n<\/table>\n<\/div>\n<div class=\"pword\">Modelo:FXJ-4040A<br \/>\n\u25cf La serie FXJ est\u00e1 dise\u00f1ada para sellar cajas aplicando cinta adhesiva<br \/>\n\u25cf Rentable, de alta velocidad<br \/>\n\u25cf Cambios de tama\u00f1o sencillos<\/div>\n<div>Encintadora de Cajas Semiautomatica para cajas peque\u00f1as FXJ-4040A<\/div>\n<div><\/div>\n<div>Sucursales: Guadalajara, Monterrey , Mexico y Tijuana<\/div>\n","protected":false},"featured_media":2647,"template":"","meta":[],"product_brand":[],"product_cat":[10733,161,162],"product_tag":[],"class_list":{"0":"post-2594","1":"product","2":"type-product","3":"status-publish","4":"has-post-thumbnail","6":"product_cat-encintadoras-de-cajas","7":"product_cat-maquina-de-sellado-de-carton-semiautomatico","8":"product_cat-maquina-selladora-de-cajas-de-carton","10":"first","11":"instock","12":"shipping-taxable","13":"product-type-simple"},"_links":{"self":[{"href":"https:\/\/tecnopacks.com.mx\/empaque\/wp-json\/wp\/v2\/product\/2594","targetHints":{"allow":["GET"]}}],"collection":[{"href":"https:\/\/tecnopacks.com.mx\/empaque\/wp-json\/wp\/v2\/product"}],"about":[{"href":"https:\/\/tecnopacks.com.mx\/empaque\/wp-json\/wp\/v2\/types\/product"}],"wp:featuredmedia":[{"embeddable":true,"href":"https:\/\/tecnopacks.com.mx\/empaque\/wp-json\/wp\/v2\/media\/2647"}],"wp:attachment":[{"href":"https:\/\/tecnopacks.com.mx\/empaque\/wp-json\/wp\/v2\/media?parent=2594"}],"wp:term":[{"taxonomy":"product_brand","embeddable":true,"href":"https:\/\/tecnopacks.com.mx\/empaque\/wp-json\/wp\/v2\/product_brand?post=2594"},{"taxonomy":"product_cat","embeddable":true,"href":"https:\/\/tecnopacks.com.mx\/empaque\/wp-json\/wp\/v2\/product_cat?post=2594"},{"taxonomy":"product_tag","embeddable":true,"href":"https:\/\/tecnopacks.com.mx\/empaque\/wp-json\/wp\/v2\/product_tag?post=2594"}],"curies":[{"name":"wp","href":"https:\/\/api.w.org\/{rel}","templated":true}]}}