{"id":2608,"date":"2024-04-05T21:00:56","date_gmt":"2024-04-05T21:00:56","guid":{"rendered":"https:\/\/tecnopacks.com.mx\/empaque\/?post_type=product&#038;p=2608"},"modified":"2026-03-24T04:21:54","modified_gmt":"2026-03-24T04:21:54","slug":"encintadora-de-cajas-semiautomatica-fxj-5050b-fxa-5050s","status":"publish","type":"product","link":"https:\/\/tecnopacks.com.mx\/empaque\/producto\/encintadoras-de-cajas\/encintadora-de-cajas-semiautomatica-fxj-5050b-fxa-5050s\/","title":{"rendered":"Encintadora de cajas Semiautomatica FXJ-5050B \/  FXA-5050S"},"content":{"rendered":"\n<h1><a href=\"https:\/\/tecnopacks.com.mx\/empaque\/producto\/maquina-de-sellado-de-carton-semiautomatico\/encintadora-de-cajas-semiautomatica-fxj-5050b-fxa-5050s\/\">Encintadora de cajas Semiautomatica FXJ-5050B \/ FXA-5050S<\/a><\/h1>\n<p>La m\u00e1quina es alimentada por el operador y est\u00e1 dise\u00f1ada para aplicaciones de servicio pesado. Estas m\u00e1quinas son confiables, rentables y duraderas y brindan ahorros a su proceso de producci\u00f3n. M\u00e1s importante a\u00fan, estas m\u00e1quinas proporcionan un sello de aspecto profesional. La selladora uniforme semiautom\u00e1tica de cajas de cart\u00f3n FXJ-5050B con f\u00e1cil ajuste manual del tama\u00f1o de la caja tiene un dise\u00f1o de 4 bandas (2 laterales, 1 superior y 1 inferior). La m\u00e1quina viene completa con transportadores de entrada\/salida, ruedas, cable de alimentaci\u00f3n y enchufe.<\/p>\n<p>El operador simplemente dobla las partes planas superiores del cart\u00f3n corrugado y lo introduce en la m\u00e1quina. El FXJ-5050B aplica una sola cinta en la parte superior e inferior de la carcasa simult\u00e1neamente. El FXJ-5050B se puede ajustar f\u00e1cilmente en solo unos segundos para procesar una caja de cart\u00f3n de diferente tama\u00f1o.<\/p>\n<p>\u25cf la encintadora Excelente para cajas m\u00e1s pesadas.<\/p>\n<p>\u25cfmaquina cerradora de cajas Altura ajustable de la mesa<\/p>\n<p>\u25cf maquina despachadora de cinta Bastidor resistente<\/p>\n<p>\u25cf selladora de cajas de carton Ajuste manualmente la altura y el ancho de la m\u00e1quina para cada tama\u00f1o de caja<\/p>\n<p>\u25cf maquina encintadora automatica Adecuado para cajas de cart\u00f3n m\u00e1s pesadas<\/p>\n<p>\u25cf Conducci\u00f3n superior\/inferior y lateral<\/p>\n<p>\u25cf El operador alimenta y pliega las solapas en la m\u00e1quina<\/p>\n","protected":false},"excerpt":{"rendered":"<div>\n<p><strong>Par\u00e1metros:<\/strong><\/p>\n<table class=\"table\" border=\"0\" width=\"100%\" cellspacing=\"0\" cellpadding=\"0\">\n<tbody>\n<tr class=\"firstRow\">\n<td align=\"center\" valign=\"middle\" width=\"231\"><\/td>\n<td align=\"center\" valign=\"middle\" width=\"333\">\n<p style=\"text-align: center;\">FXJ-5050B<\/p>\n<\/td>\n<\/tr>\n<tr>\n<td align=\"center\" valign=\"middle\" width=\"231\">Voltaje (V\/Hz)<\/td>\n<td align=\"center\" valign=\"middle\" width=\"333\">\n<p style=\"text-align: center;\">CA 220\/50 110\/60<\/p>\n<\/td>\n<\/tr>\n<tr>\n<td align=\"center\" valign=\"middle\" width=\"231\">Potencia (W)<\/td>\n<td align=\"center\" valign=\"middle\" width=\"333\">\n<p style=\"text-align: center;\">270<\/p>\n<\/td>\n<\/tr>\n<tr>\n<td align=\"center\" valign=\"middle\" width=\"231\">m\u00e1x. Tama\u00f1o de la caja (ancho \u00d7 alto) (mm)<\/td>\n<td align=\"center\" valign=\"middle\" width=\"333\">\n<p style=\"text-align: center;\">500\u00d7500<\/p>\n<\/td>\n<\/tr>\n<tr>\n<td align=\"center\" valign=\"middle\" width=\"231\">m\u00edn. Tama\u00f1o de la caja (ancho \u00d7 alto) (mm)<\/td>\n<td align=\"center\" valign=\"middle\" width=\"333\">\n<p style=\"text-align: center;\">130\u00d7120<\/p>\n<\/td>\n<\/tr>\n<tr>\n<td align=\"center\" valign=\"middle\" width=\"231\">Velocidad (m\/min)<\/td>\n<td align=\"center\" valign=\"middle\" width=\"333\">\n<p style=\"text-align: center;\">20 m\/min\uff0830 cajas\/min\uff09<\/p>\n<\/td>\n<\/tr>\n<tr>\n<td align=\"center\" valign=\"middle\" width=\"231\">Materiales de cinta adhesiva<\/td>\n<td align=\"center\" valign=\"middle\" width=\"333\">\n<p style=\"text-align: center;\">BOPP, cinta adhesiva de PVC, cinta adhesiva sin agua<\/p>\n<\/td>\n<\/tr>\n<tr>\n<td align=\"center\" valign=\"middle\" width=\"231\">Altura de la mesa (mm)<\/td>\n<td align=\"center\" valign=\"middle\" width=\"333\">\n<p style=\"text-align: center;\">580-780<\/p>\n<\/td>\n<\/tr>\n<tr>\n<td align=\"center\" valign=\"middle\" width=\"231\">Ancho de Cinta Adhesiva (mm)<\/td>\n<td align=\"center\" valign=\"middle\" width=\"333\">\n<p style=\"text-align: center;\">48, 60, 76 (opcional)<\/p>\n<\/td>\n<\/tr>\n<tr>\n<td align=\"center\" valign=\"middle\" width=\"231\">Dimensiones externas (L\u00d7W\u00d7 H)(mm)<\/td>\n<td align=\"center\" valign=\"middle\" width=\"333\">\n<p style=\"text-align: center;\">1730\u00d7950\u00d7(960-1550)<\/p>\n<\/td>\n<\/tr>\n<tr>\n<td align=\"center\" valign=\"middle\" width=\"231\">Peso neto \/ kg)<\/td>\n<td align=\"center\" valign=\"middle\" width=\"333\">\n<p style=\"text-align: center;\">125<\/p>\n<\/td>\n<\/tr>\n<\/tbody>\n<\/table>\n<\/div>\n<div class=\"pword\">Modelo:FXJ-5050B<br \/>\nLa m\u00e1quina encintadora alimentada por el operador y est\u00e1 dise\u00f1ada para aplicaciones de servicio pesado. Estas m\u00e1quinas son confiables, rentables y duraderas y brindan ahorros a su proceso de producci\u00f3n.<\/div>\n<div><a href=\"https:\/\/impropack.com.mx\/contacto\/\">Encintadora de cajas Semiautomatica FXJ-5050B \/ FXA-5050S<\/a><\/div>\n","protected":false},"featured_media":2650,"template":"","meta":[],"product_brand":[],"product_cat":[10733,161],"product_tag":[],"class_list":{"0":"post-2608","1":"product","2":"type-product","3":"status-publish","4":"has-post-thumbnail","6":"product_cat-encintadoras-de-cajas","7":"product_cat-maquina-de-sellado-de-carton-semiautomatico","9":"first","10":"instock","11":"shipping-taxable","12":"product-type-simple"},"_links":{"self":[{"href":"https:\/\/tecnopacks.com.mx\/empaque\/wp-json\/wp\/v2\/product\/2608","targetHints":{"allow":["GET"]}}],"collection":[{"href":"https:\/\/tecnopacks.com.mx\/empaque\/wp-json\/wp\/v2\/product"}],"about":[{"href":"https:\/\/tecnopacks.com.mx\/empaque\/wp-json\/wp\/v2\/types\/product"}],"wp:featuredmedia":[{"embeddable":true,"href":"https:\/\/tecnopacks.com.mx\/empaque\/wp-json\/wp\/v2\/media\/2650"}],"wp:attachment":[{"href":"https:\/\/tecnopacks.com.mx\/empaque\/wp-json\/wp\/v2\/media?parent=2608"}],"wp:term":[{"taxonomy":"product_brand","embeddable":true,"href":"https:\/\/tecnopacks.com.mx\/empaque\/wp-json\/wp\/v2\/product_brand?post=2608"},{"taxonomy":"product_cat","embeddable":true,"href":"https:\/\/tecnopacks.com.mx\/empaque\/wp-json\/wp\/v2\/product_cat?post=2608"},{"taxonomy":"product_tag","embeddable":true,"href":"https:\/\/tecnopacks.com.mx\/empaque\/wp-json\/wp\/v2\/product_tag?post=2608"}],"curies":[{"name":"wp","href":"https:\/\/api.w.org\/{rel}","templated":true}]}}