{"id":2612,"date":"2024-04-05T21:00:56","date_gmt":"2024-04-05T21:00:56","guid":{"rendered":"https:\/\/tecnopacks.com.mx\/empaque\/?post_type=product&#038;p=2612"},"modified":"2026-03-24T04:22:28","modified_gmt":"2026-03-24T04:22:28","slug":"maquina-automatica-de-sellado-de-carton-con-solapa","status":"publish","type":"product","link":"https:\/\/tecnopacks.com.mx\/empaque\/producto\/encintadoras-de-cajas\/maquina-automatica-de-sellado-de-carton-con-solapa\/","title":{"rendered":"M\u00e1quina Encintadora de cajas con cerrado de tapas FXJ-5050ZB"},"content":{"rendered":"\n<h1><a href=\"https:\/\/tecnopacks.com.mx\/empaque\/producto\/maquina-selladora-de-cajas-de-carton\/maquina-automatica-de-sellado-de-carton-con-solapa\/\">M\u00e1quina Encintadora de cajas con cerrado de tapas FXJ-5050ZB<\/a><\/h1>\n<p>\u25cfNuestra Encintadora Semiautomatica El plegado autom\u00e1tico de las solapas superiores hace que el sellado de la caja sea m\u00e1s c\u00f3modo y r\u00e1pido.<\/p>\n<p>\u25cf Encintadora de cajas semiutomatica Ajuste autom\u00e1tico de ancho y alto para hacer frente a una variedad de cajas. Los cabezales de encintado confiables aplican las cintas sin problemas.<\/p>\n<p>\u25cfla maquina encintadora Puede integrarse con el sistema de embalaje autom\u00e1tico.<\/p>\n<p>\u25cfla maquina selladora de cajas\u00a0 La conicidad superior e inferior de la caja con correa lateral completamente autom\u00e1tica con cierre de solapa aceptar\u00e1 cajas autom\u00e1ticamente de un transportador motorizado y cerrar\u00e1 las 4 solapas de la caja y luego pegar\u00e1 la parte superior e inferior.<\/p>\n<p><a href=\"https:\/\/impropack.com.mx\/contacto\/\">Modelo\u00a0 encintadora FXJ-ZB: adopte una correa de tres lados para conducir la m\u00e1quina. El ajuste independiente de sellado y plegado. FXJ-ZB es adecuado para las cajas de cart\u00f3n que est\u00e1n llenas despu\u00e9s del encajonado, como las bolsas blandas que se encajonan en las cajas de cart\u00f3n.<\/a><\/p>\n","protected":false},"excerpt":{"rendered":"<div>\n<p><strong>Par\u00e1metros:<\/strong><\/p>\n<table class=\"table\" border=\"0\" width=\"100%\" cellspacing=\"0\" cellpadding=\"0\">\n<tbody>\n<tr class=\"firstRow\">\n<td align=\"center\" valign=\"middle\" width=\"240\"><\/td>\n<td align=\"center\" valign=\"middle\" width=\"337\">\n<p style=\"text-align: center;\">FXJ-5050ZB<\/p>\n<\/td>\n<\/tr>\n<tr>\n<td align=\"center\" valign=\"middle\" width=\"240\">Voltaje (V\/Hz)<\/td>\n<td align=\"center\" valign=\"middle\" width=\"337\">\n<p style=\"text-align: center;\">CA 220\/50 110\/60<\/p>\n<\/td>\n<\/tr>\n<tr>\n<td align=\"center\" valign=\"middle\" width=\"240\">Potencia (W)<\/td>\n<td align=\"center\" valign=\"middle\" width=\"337\">\n<p style=\"text-align: center;\">360<\/p>\n<\/td>\n<\/tr>\n<tr>\n<td align=\"center\" valign=\"middle\" width=\"240\">Compresor de aire (Mpa)<\/td>\n<td align=\"center\" valign=\"middle\" width=\"337\">\n<p style=\"text-align: center;\">0.4-0.6<\/p>\n<\/td>\n<\/tr>\n<tr>\n<td align=\"center\" valign=\"middle\" width=\"240\">Velocidad (m\/min)<\/td>\n<td align=\"center\" valign=\"middle\" width=\"337\">\n<p style=\"text-align: center;\">22 m\/min\uff0825 cajas\/min\uff09<\/p>\n<\/td>\n<\/tr>\n<tr>\n<td align=\"center\" valign=\"middle\" width=\"240\">m\u00e1x. Tama\u00f1o de la caja (L\u00d7W\u00d7H)(mm)<\/td>\n<td align=\"center\" valign=\"middle\" width=\"337\">\n<p style=\"text-align: center;\">600\u00d7500\u00d7500<\/p>\n<\/td>\n<\/tr>\n<tr>\n<td align=\"center\" valign=\"middle\" width=\"240\">m\u00edn. Tama\u00f1o de la caja (L\u00d7W\u00d7H)(mm)<\/td>\n<td align=\"center\" valign=\"middle\" width=\"337\">\n<p style=\"text-align: center;\">180\u00d7180\u00d7160<\/p>\n<\/td>\n<\/tr>\n<tr>\n<td align=\"center\" valign=\"middle\" width=\"240\">Materiales de cinta adhesiva<\/td>\n<td align=\"center\" valign=\"middle\" width=\"337\">\n<p style=\"text-align: center;\">BOPP, cinta adhesiva de PVC, cinta adhesiva sin agua<\/p>\n<\/td>\n<\/tr>\n<tr>\n<td align=\"center\" valign=\"middle\" width=\"240\">Altura de la mesa (mm)<\/td>\n<td align=\"center\" valign=\"middle\" width=\"337\">\n<p style=\"text-align: center;\">Seg\u00fan el requisito del cliente<\/p>\n<\/td>\n<\/tr>\n<tr>\n<td align=\"center\" valign=\"middle\" width=\"240\">Ancho de Cinta Adhesiva (mm)<\/td>\n<td align=\"center\" valign=\"middle\" width=\"337\">\n<p style=\"text-align: center;\">48, 60, 76 (opcional)<\/p>\n<\/td>\n<\/tr>\n<tr>\n<td align=\"center\" valign=\"middle\" width=\"240\">Dimensiones externas (L\u00d7W\u00d7 H)(mm)<\/td>\n<td align=\"center\" valign=\"middle\" width=\"337\">\n<p style=\"text-align: center;\">1980\u00d7920\u00d7(1520-1670)<\/p>\n<\/td>\n<\/tr>\n<tr>\n<td align=\"center\" valign=\"middle\" width=\"240\">Peso neto \/ kg)<\/td>\n<td align=\"center\" valign=\"middle\" width=\"337\">\n<p style=\"text-align: center;\">330<\/p>\n<\/td>\n<\/tr>\n<\/tbody>\n<\/table>\n<\/div>\n<div class=\"pword\">Modelo:FXJ-5050ZB<br \/>\n\u25cf El plegado autom\u00e1tico de las solapas superiores hace que el sellado de la caja sea m\u00e1s c\u00f3modo y r\u00e1pido.<br \/>\n\u25cf Ajuste autom\u00e1tico de ancho y alto para hacer frente a una variedad de cajas. Los cabezales de encintado confiables aplican las cintas sin problemas.<br \/>\n\u25cf Puede integrarse con el sistema de embalaje autom\u00e1tico.<\/div>\n<div>M\u00e1quina Encintadora de cajas con cerrado de tapas FXJ-5050ZB<\/div>\n<div><\/div>\n<div>Sucursales: Guadalajara, Monterrey , Cuidad de Mexico y Tijuana<\/div>\n","protected":false},"featured_media":2666,"template":"","meta":[],"product_brand":[],"product_cat":[10733,162],"product_tag":[],"class_list":{"0":"post-2612","1":"product","2":"type-product","3":"status-publish","4":"has-post-thumbnail","6":"product_cat-encintadoras-de-cajas","7":"product_cat-maquina-selladora-de-cajas-de-carton","9":"first","10":"instock","11":"shipping-taxable","12":"product-type-simple"},"_links":{"self":[{"href":"https:\/\/tecnopacks.com.mx\/empaque\/wp-json\/wp\/v2\/product\/2612","targetHints":{"allow":["GET"]}}],"collection":[{"href":"https:\/\/tecnopacks.com.mx\/empaque\/wp-json\/wp\/v2\/product"}],"about":[{"href":"https:\/\/tecnopacks.com.mx\/empaque\/wp-json\/wp\/v2\/types\/product"}],"wp:featuredmedia":[{"embeddable":true,"href":"https:\/\/tecnopacks.com.mx\/empaque\/wp-json\/wp\/v2\/media\/2666"}],"wp:attachment":[{"href":"https:\/\/tecnopacks.com.mx\/empaque\/wp-json\/wp\/v2\/media?parent=2612"}],"wp:term":[{"taxonomy":"product_brand","embeddable":true,"href":"https:\/\/tecnopacks.com.mx\/empaque\/wp-json\/wp\/v2\/product_brand?post=2612"},{"taxonomy":"product_cat","embeddable":true,"href":"https:\/\/tecnopacks.com.mx\/empaque\/wp-json\/wp\/v2\/product_cat?post=2612"},{"taxonomy":"product_tag","embeddable":true,"href":"https:\/\/tecnopacks.com.mx\/empaque\/wp-json\/wp\/v2\/product_tag?post=2612"}],"curies":[{"name":"wp","href":"https:\/\/api.w.org\/{rel}","templated":true}]}}