{"id":2726,"date":"2024-04-05T21:02:47","date_gmt":"2024-04-05T21:02:47","guid":{"rendered":"https:\/\/tecnopacks.com.mx\/empaque\/?post_type=product&#038;p=2726"},"modified":"2026-03-23T04:23:24","modified_gmt":"2026-03-23T04:23:24","slug":"maquina-de-envasado-y-sellado-de-mangas","status":"publish","type":"product","link":"https:\/\/tecnopacks.com.mx\/empaque\/producto\/hornos-termoencogibles\/maquina-de-envasado-y-sellado-de-mangas\/","title":{"rendered":"Envolvedora de Cortina con Tunel de calor BSF-6030X\/ BSE-6050"},"content":{"rendered":"\n<h1><a href=\"https:\/\/tecnopacks.com.mx\/empaque\/\">Envolvedora de Cortina con Tunel de calor BSF-6030X\/ BSE-6050<\/a><\/h1>\n<p>Envolvedora de manga y sistema de encogimiento de t\u00fanel dise\u00f1ado para envolver una amplia variedad de paquetes, ya sea como paquetes individuales o como conjuntos. Aplica para productos como agua embotellada, Cerveza, Refrescos etc.<\/p>\n<p>Envoltura de manga:<\/p>\n<p>\u25cf Operaci\u00f3n semiautom\u00e1tica<\/p>\n<p>\u25cf Equipado con empujador neum\u00e1tico con gu\u00edas de producto regulables.<\/p>\n<p>\u25cf Alimentador de rollo inferior motorizado controlado para determinar exactamente la cantidad de pel\u00edcula necesaria seg\u00fan lo requiera la longitud del producto.<\/p>\n<p>\u25cf Alimentador de rollo superior motorizado para suavizar el proceso de sellado y evitar roturas de sellado.<\/p>\n<p>\u25cf Sistema de protecci\u00f3n de seguridad para barra de sellado.<\/p>\n<p>\u25cf Racores neum\u00e1ticos Quick Fitting para una f\u00e1cil conexi\u00f3n y mantenimiento.<\/p>\n<p>\u25cf Ruedas para facilitar los movimientos.<\/p>\n<p>\u25cf Barra de sellado con cuchilla para un sellado suave (depende de los modelos seleccionados).<\/p>\n<p>\u25cf Altura del \u00e1rea de trabajo: (Depende de los modelos seleccionados).<\/p>\n<p>\u25cf Bases de apoyo fijas regulables en altura.<\/p>\n<p>T\u00fanel termoencogible:<\/p>\n<p>\u25cf Alta potencia para procesos r\u00e1pidos de termorretracci\u00f3n.<\/p>\n<p>\u25cf Sistema de convenci\u00f3n de aire de doble motor.<\/p>\n<p>\u25cf Equipado con ruedas para facilitar los movimientos.<\/p>\n<p>\u25cf Velocidad ajustable mediante el uso de regulador de frecuencia ajustable.<\/p>\n<p>\u25cf Dimensiones del t\u00fanel: (Depende de los modelos seleccionados).<\/p>\n<p>\u25cf Velocidad de producci\u00f3n m\u00e1xima aproximada: 0~8m\/min.<\/p>\n<p>\u25cf Bases de apoyo fijas regulables en altura.<\/p>\n<p>\u25cf Opci\u00f3n de acero inoxidable disponible (depende del modelo seleccionado).<\/p>\n<p><a href=\"https:\/\/impropack.com.mx\/contacto\/\"><strong>Par\u00e1metros:<\/strong><\/a><\/p>\n","protected":false},"excerpt":{"rendered":"<div>\n<p>&nbsp;<\/p>\n<table class=\"table\" border=\"0\" width=\"100%\" cellspacing=\"0\" cellpadding=\"0\">\n<tbody>\n<tr class=\"firstRow\">\n<td align=\"center\" valign=\"middle\" width=\"301\"><\/td>\n<td align=\"center\" valign=\"middle\" width=\"229\">\n<p style=\"text-align: center;\">BSF-6030X<\/p>\n<\/td>\n<\/tr>\n<tr>\n<td align=\"center\" valign=\"middle\" width=\"301\">Voltaje (V\/Hz)<\/td>\n<td align=\"center\" valign=\"middle\" width=\"229\">\n<p style=\"text-align: center;\">380\/50(3PH)<\/p>\n<\/td>\n<\/tr>\n<tr>\n<td align=\"center\" valign=\"middle\" width=\"301\">Potencia (kilovatios)<\/td>\n<td align=\"center\" valign=\"middle\" width=\"229\">1.5<\/td>\n<\/tr>\n<tr>\n<td align=\"center\" valign=\"middle\" width=\"301\">Aire comprimido (kilovatios)<\/td>\n<td align=\"center\" valign=\"middle\" width=\"229\">\n<p style=\"text-align: center;\">6.0<\/p>\n<\/td>\n<\/tr>\n<tr>\n<td align=\"center\" valign=\"middle\" width=\"301\">Dimensi\u00f3n externa (L\u00d7W\u00d7H)(mm)<\/td>\n<td align=\"center\" valign=\"middle\" width=\"229\">\n<p style=\"text-align: center;\">550\u00d7290\u00d7300<\/p>\n<\/td>\n<\/tr>\n<tr>\n<td align=\"center\" valign=\"middle\" width=\"301\">m\u00e1x. longitud de sellado (mm)<\/td>\n<td align=\"center\" valign=\"middle\" width=\"229\">\n<p style=\"text-align: center;\">600<\/p>\n<\/td>\n<\/tr>\n<tr>\n<td align=\"center\" valign=\"middle\" width=\"301\">Velocidad de embalaje (bandejas\/min)<\/td>\n<td align=\"center\" valign=\"middle\" width=\"229\">\n<p style=\"text-align: center;\">0-12<\/p>\n<\/td>\n<\/tr>\n<tr>\n<td align=\"center\" valign=\"middle\" width=\"301\">Altura del transportador de alimentaci\u00f3n (mm)<\/td>\n<td align=\"center\" valign=\"middle\" width=\"229\">\n<p style=\"text-align: center;\">850\u00b150<\/p>\n<\/td>\n<\/tr>\n<tr>\n<td align=\"center\" valign=\"middle\" width=\"301\">Pel\u00edcula usada<\/td>\n<td align=\"center\" valign=\"middle\" width=\"229\">\n<p style=\"text-align: center;\">PVC, PE<\/p>\n<\/td>\n<\/tr>\n<tr>\n<td align=\"center\" valign=\"middle\" width=\"301\">Dimensi\u00f3n externa (L\u00d7W\u00d7H)(mm)<\/td>\n<td align=\"center\" valign=\"middle\" width=\"229\">\n<p style=\"text-align: center;\">1370\u00d7920\u00d71800<\/p>\n<\/td>\n<\/tr>\n<tr>\n<td align=\"center\" valign=\"middle\" width=\"301\">Peso neto \/ kg)<\/td>\n<td align=\"center\" valign=\"middle\" width=\"229\">\n<p style=\"text-align: center;\">380<\/p>\n<\/td>\n<\/tr>\n<\/tbody>\n<\/table>\n<\/div>\n<div class=\"pword\">Modelo:BSF-6030X+BS-5540M<br \/>\nEnvolvedora de manga y sistema de encogimiento de t\u00fanel dise\u00f1ado para envolver una amplia variedad de paquetes, ya sea como paquetes individuales o como conjuntos. Aplica para productos como agua embotellada, Cerveza, Refrescos etc.<\/div>\n<div><\/div>\n<div>Envolvedora de Cortina con Tunel de calor BSF-6030X\/ BSE-6050<\/div>\n","protected":false},"featured_media":2767,"template":"","meta":[],"product_brand":[],"product_cat":[10743,172],"product_tag":[],"class_list":{"0":"post-2726","1":"product","2":"type-product","3":"status-publish","4":"has-post-thumbnail","6":"product_cat-hornos-termoencogibles","7":"product_cat-maquina-de-sellado-de-mangas-con-tunel-retractil-semiautomatica","9":"first","10":"instock","11":"shipping-taxable","12":"product-type-simple"},"_links":{"self":[{"href":"https:\/\/tecnopacks.com.mx\/empaque\/wp-json\/wp\/v2\/product\/2726","targetHints":{"allow":["GET"]}}],"collection":[{"href":"https:\/\/tecnopacks.com.mx\/empaque\/wp-json\/wp\/v2\/product"}],"about":[{"href":"https:\/\/tecnopacks.com.mx\/empaque\/wp-json\/wp\/v2\/types\/product"}],"wp:featuredmedia":[{"embeddable":true,"href":"https:\/\/tecnopacks.com.mx\/empaque\/wp-json\/wp\/v2\/media\/2767"}],"wp:attachment":[{"href":"https:\/\/tecnopacks.com.mx\/empaque\/wp-json\/wp\/v2\/media?parent=2726"}],"wp:term":[{"taxonomy":"product_brand","embeddable":true,"href":"https:\/\/tecnopacks.com.mx\/empaque\/wp-json\/wp\/v2\/product_brand?post=2726"},{"taxonomy":"product_cat","embeddable":true,"href":"https:\/\/tecnopacks.com.mx\/empaque\/wp-json\/wp\/v2\/product_cat?post=2726"},{"taxonomy":"product_tag","embeddable":true,"href":"https:\/\/tecnopacks.com.mx\/empaque\/wp-json\/wp\/v2\/product_tag?post=2726"}],"curies":[{"name":"wp","href":"https:\/\/api.w.org\/{rel}","templated":true}]}}