{"id":2729,"date":"2024-04-05T21:02:48","date_gmt":"2024-04-05T21:02:48","guid":{"rendered":"https:\/\/tecnopacks.com.mx\/empaque\/?post_type=product&#038;p=2729"},"modified":"2026-03-23T04:21:45","modified_gmt":"2026-03-23T04:21:45","slug":"maquina-envolvedora-de-cortina-semiautomatica-con-tunel-de-calor-para-six-pack","status":"publish","type":"product","link":"https:\/\/tecnopacks.com.mx\/empaque\/producto\/hornos-termoencogibles\/maquina-envolvedora-de-cortina-semiautomatica-con-tunel-de-calor-para-six-pack\/","title":{"rendered":"M\u00e1quina Envolvedora de Cortina automatica con tunel de Calor para Six pack"},"content":{"rendered":"\n<h1><a href=\"https:\/\/tecnopacks.com.mx\/empaque\/tienda\/\">M\u00e1quina Envolvedora de Cortina automatica con tunel de Calor para Six pack<\/a><\/h1>\n<p>El modelo BSF-6030XI+BS-6040L es ideal para envasar productos individuales y m\u00faltiples sin bandeja. La m\u00e1quina se puede integrar en una l\u00ednea de producci\u00f3n para completar el proceso de alimentaci\u00f3n del producto, envoltura de pel\u00edcula, sellado y corte, encogimiento y enfriamiento autom\u00e1ticamente. Puede manejar varios patrones de embalaje. Por ejemplo, la cantidad de botella a envasar puede ser de 6, 9, 12, 15, 18, 20, 24, etc. por paquete.<\/p>\n<p>\u25cf Tecnolog\u00eda avanzada y material gr\u00e1fico introducido desde el extranjero que asegura la estabilidad y confiabilidad de la m\u00e1quina.<\/p>\n<p>\u25cf PLC Mitsubishi que logra integraci\u00f3n liviana, mec\u00e1nica, el\u00e9ctrica e instrumental.<\/p>\n<p>\u25cf Cinta transportadora de entrada izquierda o cinta transportadora de entrada derecha seg\u00fan sea necesario.<\/p>\n<p>\u25cf Cortador de sellado especialmente dise\u00f1ado que asegura un sellado perfecto sin grietas ni pel\u00edcula adherida al cortador; La cinta transportadora hecha de LFPOM se caracteriza por su dureza.<\/p>\n<p>\u25cf La m\u00e1quina puede manejar 2, 3 o 4 filas de botellas con o sin bandeja. El operador solo necesita girar el interruptor de conmutaci\u00f3n en el panel para diferentes patrones de empaque.<\/p>\n<p>\u25cf Reductor de tornillo sinf\u00edn que asegura una alimentaci\u00f3n estable del producto y de la pel\u00edcula.<\/p>\n<p>\u25cf Diferentes dispositivos de alimentaci\u00f3n vibrantes opcionales para biberones de diferentes formas.<\/p>\n<p>\u25cf El conjunto completo del dispositivo de detecci\u00f3n de fotoc\u00e9lula que se utiliza para pel\u00edculas en color para garantizar un posicionamiento preciso es opcional.<\/p>\n<p>\u25cf Dise\u00f1o modular, cambio r\u00e1pido de productos.<\/p>\n<p>\u25cf Los motores de soplado doble adoptados para el modelo BS-6040L garantizan una distribuci\u00f3n uniforme del calor dentro del t\u00fanel, lo que conduce a una buena apariencia del paquete terminado.<\/p>\n<p>\u25cf Estructura de gu\u00eda de aire caliente ajustable dentro del t\u00fanel, ahorro de energ\u00eda.<\/p>\n<p>\u25cf Rodillo de acero s\u00f3lido cubierto con un tubo duradero de gel de silicona importado; transporte tipo cadena.<\/p>\n<p>\u25cf Sistema de enfriamiento con gran volumen de flujo de aire que asegura un r\u00e1pido enfriamiento y formaci\u00f3n de forma despu\u00e9s del ciclo de contracci\u00f3n.<\/p>\n<p>\u25cf Control de velocidad variable del transportador mediante transductor.<\/p>\n<p>\u25cf Una mesa de rodillos de aluminio que se utiliza para recibir los productos encogidos que salen del t\u00fanel de encogimiento es opcional.<\/p>\n<p>Solicitud:<\/p>\n<p>La m\u00e1quina se utiliza para envasar bebidas, cerveza, agua mineral, latas con tapa, botellas de vidrio, etc. sin bandeja.<\/p>\n<p><a href=\"https:\/\/impropack.com.mx\/contacto\/\"><b>Sucursales: Guadalajara, Monterrey, Ciudad de Mexico y Tijuana\u00a0<\/b><\/a><\/p>\n","protected":false},"excerpt":{"rendered":"<div>\n<p><strong>Par\u00e1metros:<\/strong><\/p>\n<table class=\"table\" border=\"0\" width=\"100%\" cellspacing=\"0\" cellpadding=\"0\">\n<tbody>\n<tr class=\"firstRow\">\n<td align=\"center\" valign=\"middle\" width=\"276\"><\/td>\n<td align=\"center\" valign=\"middle\" width=\"255\">\n<p style=\"text-align: center;\">BSF-6030XI<\/p>\n<\/td>\n<\/tr>\n<tr>\n<td align=\"center\" valign=\"middle\" width=\"276\">Voltaje (V\/Hz)<\/td>\n<td align=\"center\" valign=\"middle\" width=\"255\">\n<p style=\"text-align: center;\">380\/50(3PH)<\/p>\n<\/td>\n<\/tr>\n<tr>\n<td align=\"center\" valign=\"middle\" width=\"276\">Presi\u00f3n de aire requerida (kg\/cm\u00b3)<\/td>\n<td align=\"center\" valign=\"middle\" width=\"255\">\n<p style=\"text-align: center;\">7.0<\/p>\n<\/td>\n<\/tr>\n<tr>\n<td align=\"center\" valign=\"middle\" width=\"276\">Potencia (kilovatios)<\/td>\n<td align=\"center\" valign=\"middle\" width=\"255\">2<\/td>\n<\/tr>\n<tr>\n<td align=\"center\" valign=\"middle\" width=\"276\">Velocidad de embalaje (bandejas\/min)<\/td>\n<td align=\"center\" valign=\"middle\" width=\"255\">\n<p style=\"text-align: center;\">0-12<\/p>\n<\/td>\n<\/tr>\n<tr>\n<td align=\"center\" valign=\"middle\" width=\"276\">Tama\u00f1o m\u00e1ximo de embalaje (L\u00d7W\u00d7H)(mm)<\/td>\n<td align=\"center\" valign=\"middle\" width=\"255\">\n<p style=\"text-align: center;\">500\u00d7300\u00d7330<\/p>\n<\/td>\n<\/tr>\n<tr>\n<td align=\"center\" valign=\"middle\" width=\"276\">Tama\u00f1o de corte y sellado (L\u00d7H) (mm)<\/td>\n<td align=\"center\" valign=\"middle\" width=\"255\">\n<p style=\"text-align: center;\">700\u00d7330<\/p>\n<\/td>\n<\/tr>\n<tr>\n<td align=\"center\" valign=\"middle\" width=\"276\">Altura del transportador de alimentaci\u00f3n (mm)<\/td>\n<td align=\"center\" valign=\"middle\" width=\"255\">\n<p style=\"text-align: center;\">850\u00b150<\/p>\n<\/td>\n<\/tr>\n<tr>\n<td align=\"center\" valign=\"middle\" width=\"276\">Pel\u00edcula usada<\/td>\n<td align=\"center\" valign=\"middle\" width=\"255\">\n<p style=\"text-align: center;\">PVC, PE<\/p>\n<\/td>\n<\/tr>\n<tr>\n<td align=\"center\" valign=\"middle\" width=\"276\">Dimensi\u00f3n externa (L\u00d7W\u00d7H)(mm)<\/td>\n<td align=\"center\" valign=\"middle\" width=\"255\">\n<p style=\"text-align: center;\">1360\u00d72120\u00d71900<\/p>\n<\/td>\n<\/tr>\n<tr>\n<td align=\"center\" valign=\"middle\" width=\"276\">Peso neto \/ kg)<\/td>\n<td align=\"center\" valign=\"middle\" width=\"255\">\n<p style=\"text-align: center;\">465<\/p>\n<\/td>\n<\/tr>\n<\/tbody>\n<\/table>\n<\/div>\n<div class=\"pword\">Modelo:BSF-6030XI+BS-6040L<br \/>\nEl modelo BSF-6030XI+BS-6040L es ideal para envasar productos individuales y m\u00faltiples sin bandeja. La m\u00e1quina se puede integrar en una l\u00ednea de producci\u00f3n para completar el proceso de alimentaci\u00f3n del producto, envoltura de pel\u00edcula, sellado y corte, encogimiento y enfriamiento autom\u00e1ticamente.<\/div>\n","protected":false},"featured_media":2781,"template":"","meta":[],"product_brand":[],"product_cat":[10743,173],"product_tag":[],"class_list":{"0":"post-2729","1":"product","2":"type-product","3":"status-publish","4":"has-post-thumbnail","6":"product_cat-hornos-termoencogibles","7":"product_cat-maquina-automatica-de-sellado-de-mangas","9":"first","10":"instock","11":"shipping-taxable","12":"product-type-simple"},"_links":{"self":[{"href":"https:\/\/tecnopacks.com.mx\/empaque\/wp-json\/wp\/v2\/product\/2729","targetHints":{"allow":["GET"]}}],"collection":[{"href":"https:\/\/tecnopacks.com.mx\/empaque\/wp-json\/wp\/v2\/product"}],"about":[{"href":"https:\/\/tecnopacks.com.mx\/empaque\/wp-json\/wp\/v2\/types\/product"}],"wp:featuredmedia":[{"embeddable":true,"href":"https:\/\/tecnopacks.com.mx\/empaque\/wp-json\/wp\/v2\/media\/2781"}],"wp:attachment":[{"href":"https:\/\/tecnopacks.com.mx\/empaque\/wp-json\/wp\/v2\/media?parent=2729"}],"wp:term":[{"taxonomy":"product_brand","embeddable":true,"href":"https:\/\/tecnopacks.com.mx\/empaque\/wp-json\/wp\/v2\/product_brand?post=2729"},{"taxonomy":"product_cat","embeddable":true,"href":"https:\/\/tecnopacks.com.mx\/empaque\/wp-json\/wp\/v2\/product_cat?post=2729"},{"taxonomy":"product_tag","embeddable":true,"href":"https:\/\/tecnopacks.com.mx\/empaque\/wp-json\/wp\/v2\/product_tag?post=2729"}],"curies":[{"name":"wp","href":"https:\/\/api.w.org\/{rel}","templated":true}]}}