{"id":2753,"date":"2024-04-05T21:03:09","date_gmt":"2024-04-05T21:03:09","guid":{"rendered":"https:\/\/tecnopacks.com.mx\/empaque\/?post_type=product&#038;p=2753"},"modified":"2024-08-12T00:04:10","modified_gmt":"2024-08-12T00:04:10","slug":"maquina-empacadora-de-productos-automatica-en-cajas-de-carton","status":"publish","type":"product","link":"https:\/\/tecnopacks.com.mx\/empaque\/producto\/maquina-de-embalaje\/maquina-empacadora-de-productos-automatica-en-cajas-de-carton\/","title":{"rendered":"Maquina Empacadora de productos autom\u00e1tica en cajas de carton"},"content":{"rendered":"\n<h1><a href=\"https:\/\/tecnopacks.com.mx\/empaque\/tienda\/\">Maquina Empacadora de productos autom\u00e1tica en cajas de carton<\/a><\/h1>\n<p>ZXJ-4537-SH puede alinear autom\u00e1ticamente los productos para colocarlos dentro de la caja en orden y sacar la caja despu\u00e9s de envolverla. Adopta control PLC y tiene funci\u00f3n de alarma por falta de cart\u00f3n, para cumplir con la automatizaci\u00f3n.<\/p>\n<p>\u25cf Alineaci\u00f3n de productos autom\u00e1ticamente de acuerdo con el requisito de revestimiento espec\u00edfico.<\/p>\n<p>\u25cf F\u00e1cil manejo y manejo.<\/p>\n<p><a href=\"https:\/\/impropack.com.mx\/contacto\/\">\u25cf Reduciendo la intensidad de mano de obra y el costo del trabajador, pero con alta eficiencia.<\/a><\/p>\n<p class=\"productsTags\">\n<\/p>\n","protected":false},"excerpt":{"rendered":"<div class=\"pword\">Modelo:ZXJ-4537-SH<br \/>\nZXJ-4537-SH puede alinear autom\u00e1ticamente los productos para colocarlos dentro de la caja en orden y sacar la caja despu\u00e9s de envolverla.<\/div>\n","protected":false},"featured_media":2806,"template":"","meta":[],"product_brand":[],"product_cat":[176],"product_tag":[],"class_list":{"0":"post-2753","1":"product","2":"type-product","3":"status-publish","4":"has-post-thumbnail","6":"product_cat-maquina-de-embalaje","8":"first","9":"instock","10":"shipping-taxable","11":"product-type-simple"},"_links":{"self":[{"href":"https:\/\/tecnopacks.com.mx\/empaque\/wp-json\/wp\/v2\/product\/2753","targetHints":{"allow":["GET"]}}],"collection":[{"href":"https:\/\/tecnopacks.com.mx\/empaque\/wp-json\/wp\/v2\/product"}],"about":[{"href":"https:\/\/tecnopacks.com.mx\/empaque\/wp-json\/wp\/v2\/types\/product"}],"wp:featuredmedia":[{"embeddable":true,"href":"https:\/\/tecnopacks.com.mx\/empaque\/wp-json\/wp\/v2\/media\/2806"}],"wp:attachment":[{"href":"https:\/\/tecnopacks.com.mx\/empaque\/wp-json\/wp\/v2\/media?parent=2753"}],"wp:term":[{"taxonomy":"product_brand","embeddable":true,"href":"https:\/\/tecnopacks.com.mx\/empaque\/wp-json\/wp\/v2\/product_brand?post=2753"},{"taxonomy":"product_cat","embeddable":true,"href":"https:\/\/tecnopacks.com.mx\/empaque\/wp-json\/wp\/v2\/product_cat?post=2753"},{"taxonomy":"product_tag","embeddable":true,"href":"https:\/\/tecnopacks.com.mx\/empaque\/wp-json\/wp\/v2\/product_tag?post=2753"}],"curies":[{"name":"wp","href":"https:\/\/api.w.org\/{rel}","templated":true}]}}