{"id":2755,"date":"2024-04-05T21:03:09","date_gmt":"2024-04-05T21:03:09","guid":{"rendered":"https:\/\/tecnopacks.com.mx\/empaque\/?post_type=product&#038;p=2755"},"modified":"2026-03-23T04:20:52","modified_gmt":"2026-03-23T04:20:52","slug":"maquina-formadora-armadora-de-cajas-automatica-cxj-8565a","status":"publish","type":"product","link":"https:\/\/tecnopacks.com.mx\/empaque\/producto\/encintadoras-de-cajas\/maquina-formadora-armadora-de-cajas-automatica-cxj-8565a\/","title":{"rendered":"M\u00e1quina  Formadora Armadora de cajas autom\u00e1tica CXJ-8565A"},"content":{"rendered":"\n<h1><a href=\"https:\/\/tecnopacks.com.mx\/empaque\/\"><span style=\"text-decoration: underline;\"><em><strong>M\u00e1quina Formadora armadora\u00a0 de cajas autom\u00e1tica CXJ-8565A<\/strong><\/em><\/span><\/a><\/h1>\n<p data-pm-slice=\"1 1 []\">M\u00e1quina Formadora Armadora de Cajas Autom\u00e1tica CXJ-8565A: productividad y eficiencia con Tecnopack<\/p>\n<p>\u00a0<\/p>\n<p>En Tecnopack entendemos que la presentaci\u00f3n y log\u00edstica de los productos comienza desde el empaque primario y secundario. Para empresas que trabajan con grandes vol\u00famenes de producci\u00f3n, contar con una M\u00e1quina Formadora Armadora de Cajas Autom\u00e1tica CXJ-8565A marca la diferencia entre un proceso manual lento y un flujo automatizado, r\u00e1pido y preciso.<\/p>\n<p>\u00a0<\/p>\n<p>La M\u00e1quina Formadora Armadora de Cajas Autom\u00e1tica CXJ-8565A est\u00e1 dise\u00f1ada para simplificar y acelerar el armado de cajas de cart\u00f3n. Gracias a su tecnolog\u00eda, la M\u00e1quina Formadora Armadora de Cajas Autom\u00e1tica CXJ-8565A elimina la necesidad de mano de obra intensiva y garantiza que cada caja quede perfectamente armada, lista para ser utilizada en l\u00edneas de empaque de alimentos, bebidas, farmac\u00e9uticos, cosm\u00e9ticos, electr\u00f3nicos y mucho m\u00e1s.<\/p>\n<p>\u00a0<\/p>\n<p>Beneficios de la M\u00e1quina Formadora Armadora de Cajas Autom\u00e1tica CXJ-8565A<\/p>\n<p>\u00a0<\/p>\n<p>La M\u00e1quina Formadora Armadora de Cajas Autom\u00e1tica CXJ-8565A es una inversi\u00f3n estrat\u00e9gica que aporta grandes ventajas a tu empresa:<\/p>\n<p>\u00a0<\/p>\n<p>Reducci\u00f3n de costos de operaci\u00f3n al minimizar la dependencia de personal para armar cajas.<\/p>\n<p>\u00a0<\/p>\n<p>Precisi\u00f3n y uniformidad: cada caja queda perfectamente formada.<\/p>\n<p>\u00a0<\/p>\n<p>Mayor velocidad en la l\u00ednea de producci\u00f3n gracias a la M\u00e1quina Formadora Armadora de Cajas Autom\u00e1tica CXJ-8565A.<\/p>\n<p>\u00a0<\/p>\n<p>Adaptabilidad a distintos tama\u00f1os de cajas de cart\u00f3n.<\/p>\n<p>\u00a0<\/p>\n<p>Materiales de fabricaci\u00f3n resistentes y duraderos para un uso intensivo.<\/p>\n<p>\u00a0<\/p>\n<p>Integraci\u00f3n sencilla con otras m\u00e1quinas de empaque.<\/p>\n<p>\u00a0<\/p>\n<p>Con estas caracter\u00edsticas, la M\u00e1quina Formadora Armadora de Cajas Autom\u00e1tica CXJ-8565A se convierte en una herramienta esencial para industrias que manejan grandes vol\u00famenes de productos.<\/p>\n<p>\u00a0<\/p>\n<p>Aplicaciones en diferentes industrias<\/p>\n<p>\u00a0<\/p>\n<p>La M\u00e1quina Formadora Armadora de Cajas Autom\u00e1tica CXJ-8565A tiene un amplio rango de aplicaciones. En la industria alimenticia, permite agilizar el armado de cajas para botellas, latas, conservas o empaques familiares. En bebidas, la M\u00e1quina Formadora Armadora de Cajas Autom\u00e1tica CXJ-8565A asegura cajas listas para contener refrescos, cervezas o jugos. En el sector farmac\u00e9utico y cosm\u00e9tico, la M\u00e1quina Formadora Armadora de Cajas Autom\u00e1tica CXJ-8565A ofrece la precisi\u00f3n que se requiere para empaques delicados.<\/p>\n<p>\u00a0<\/p>\n<p>Incluso en sectores como electr\u00f3nica, juguetes o art\u00edculos de consumo masivo, la M\u00e1quina Formadora Armadora de Cajas Autom\u00e1tica CXJ-8565A se vuelve indispensable para mejorar la eficiencia y optimizar tiempos de entrega.<\/p>\n<p>\u00a0<\/p>\n<p>Por qu\u00e9 elegir Tecnopack<\/p>\n<p>\u00a0<\/p>\n<p>En Tecnopack ofrecemos la M\u00e1quina Formadora Armadora de Cajas Autom\u00e1tica CXJ-8565A con garant\u00eda, refacciones disponibles y soporte t\u00e9cnico especializado. Sabemos que cada cliente tiene necesidades diferentes, por eso te asesoramos para que la M\u00e1quina Formadora Armadora de Cajas Autom\u00e1tica CXJ-8565A se adapte de la mejor manera a tu proceso productivo.<\/p>\n<p>\u00a0<\/p>\n<p>Con Tecnopack obtienes:<\/p>\n<p>\u00a0<\/p>\n<p>Instalaci\u00f3n profesional de la M\u00e1quina Formadora Armadora de Cajas Autom\u00e1tica CXJ-8565A.<\/p>\n<p>\u00a0<\/p>\n<p>Capacitaci\u00f3n para tu personal.<\/p>\n<p>\u00a0<\/p>\n<p>Soporte t\u00e9cnico y refacciones en todo M\u00e9xico.<\/p>\n<p>\u00a0<\/p>\n<p>Env\u00edos r\u00e1pidos y seguros.<\/p>\n<p>\u00a0<\/p>\n<p>Respaldo de un equipo con experiencia en soluciones de empaque.<\/p>\n<p>\u00a0<\/p>\n<p>Conclusi\u00f3n<\/p>\n<p>\u00a0<\/p>\n<p>La M\u00e1quina Formadora Armadora de Cajas Autom\u00e1tica CXJ-8565A es m\u00e1s que un equipo: es una inversi\u00f3n que impulsa la productividad, reduce costos y garantiza un empaque secundario confiable. En Tecnopack ponemos a tu alcance la M\u00e1quina Formadora Armadora de Cajas Autom\u00e1tica CXJ-8565A, asegurando calidad, respaldo y acompa\u00f1amiento en todo momento.<\/p>\n<p>\u00a0<\/p>\n<p>No esperes m\u00e1s para dar el siguiente paso en automatizaci\u00f3n. Cont\u00e1ctanos en Tecnopack y solicita tu cotizaci\u00f3n de la M\u00e1quina Formadora Armadora de Cajas Autom\u00e1tica CXJ-8565A.<\/p>\n<p>\u25cf La formadora de cajas de la serie CXJ-A adopta cinta adhesiva para sellar, que es econ\u00f3mica, r\u00e1pida y f\u00e1cil de operar.<\/p>\n<p>\u25cf Con un proceso secuencial de toma de cajas sin formar, formaci\u00f3n de rect\u00e1ngulos, plegado de solapas inferiores, transporte de cajas y sellado del fondo<a href=\"https:\/\/www.youtube.com\/@tecno-pack765\">.<\/a><\/p>\n<p>\u25cf Con tensi\u00f3n ajustable de correa o cinta, adecuada para transportar y sellar las cajas de cart\u00f3n que est\u00e1n hechas de diferentes materiales.<\/p>\n<p>\u25cf Con cinta adhesiva impresa para potenciar la imagen corporativa.<\/p>\n<p>\u25cf Es principalmente para erigir cajas sin forma, y puede trabajar por separado o equiparse con una l\u00ednea de producci\u00f3n, ampliamente utilizada en los campos de uso dom\u00e9stico, hilados, productos alimenticios, mercanc\u00edas en general, medicina e industria qu\u00edmica.<\/p>\n<p>Diagrama de procedimiento:<\/p>\n<p>\u00a0<\/p>\n","protected":false},"excerpt":{"rendered":"<div class=\"pword\">Modelo:CXJ-6040A\/8565A<\/div>\n<div class=\"pword\">\n<p><strong>Par\u00e1metros:<\/strong><\/p>\n<table class=\"table\" border=\"0\" width=\"100%\" cellspacing=\"0\" cellpadding=\"0\">\n<tbody>\n<tr class=\"firstRow\">\n<td align=\"center\" valign=\"middle\" width=\"180\">Modelo<\/td>\n<td colspan=\"6\" align=\"center\" valign=\"middle\" width=\"191\">\n<p style=\"text-align: center;\">CXJ-6040A<\/p>\n<\/td>\n<td colspan=\"6\" align=\"center\" valign=\"middle\" width=\"192\">\n<p style=\"text-align: center;\">CXJ-8565A<\/p>\n<\/td>\n<\/tr>\n<tr>\n<td align=\"center\" valign=\"middle\" width=\"180\">Voltaje (V\/Hz)<\/td>\n<td colspan=\"12\" align=\"center\" valign=\"middle\" width=\"384\">\n<p style=\"text-align: center;\">CA 380\/50 220\/50<\/p>\n<\/td>\n<\/tr>\n<tr>\n<td align=\"center\" valign=\"middle\" width=\"180\">Potencia (W)<\/td>\n<td colspan=\"12\" align=\"center\" valign=\"middle\" width=\"384\">\n<p style=\"text-align: center;\">400<\/p>\n<\/td>\n<\/tr>\n<tr>\n<td align=\"center\" valign=\"middle\" width=\"180\">Presi\u00f3n de suministro de aire (Kpa)<\/td>\n<td colspan=\"12\" align=\"center\" valign=\"middle\" width=\"384\">\n<p style=\"text-align: center;\">0,5\uff5e0,6<\/p>\n<\/td>\n<\/tr>\n<tr>\n<td align=\"center\" valign=\"middle\" width=\"180\">Capacidad (caja\/min.)<\/td>\n<td colspan=\"6\" align=\"center\" valign=\"middle\" width=\"191\">\n<p style=\"text-align: center;\">18-24<\/p>\n<\/td>\n<td colspan=\"6\" align=\"center\" valign=\"middle\" width=\"192\">\n<p style=\"text-align: center;\">12-15<\/p>\n<\/td>\n<\/tr>\n<tr>\n<td align=\"center\" valign=\"middle\" width=\"180\">Dimensiones de la caja (mm)<\/td>\n<td align=\"center\" valign=\"middle\" width=\"35\">\n<p style=\"text-align: center;\">A<\/p>\n<\/td>\n<td align=\"center\" valign=\"middle\" width=\"30\">\n<p style=\"text-align: center;\">B<\/p>\n<\/td>\n<td align=\"center\" valign=\"middle\" width=\"30\">\n<p style=\"text-align: center;\">C<\/p>\n<\/td>\n<td align=\"center\" valign=\"middle\" width=\"36\">\n<p style=\"text-align: center;\">D<\/p>\n<\/td>\n<td align=\"center\" valign=\"middle\" width=\"30\">\n<p style=\"text-align: center;\">mi<\/p>\n<\/td>\n<td align=\"center\" valign=\"middle\" width=\"30\">\n<p style=\"text-align: center;\">F<\/p>\n<\/td>\n<td align=\"center\" valign=\"middle\" width=\"30\">\n<p style=\"text-align: center;\">A<\/p>\n<\/td>\n<td align=\"center\" valign=\"middle\" width=\"30\">\n<p style=\"text-align: center;\">B<\/p>\n<\/td>\n<td align=\"center\" valign=\"middle\" width=\"30\">\n<p style=\"text-align: center;\">C<\/p>\n<\/td>\n<td align=\"center\" valign=\"middle\" width=\"36\">\n<p style=\"text-align: center;\">D<\/p>\n<\/td>\n<td align=\"center\" valign=\"middle\" width=\"30\">\n<p style=\"text-align: center;\">mi<\/p>\n<\/td>\n<td align=\"center\" valign=\"middle\" width=\"36\">\n<p style=\"text-align: center;\">F<\/p>\n<\/td>\n<\/tr>\n<tr>\n<td align=\"center\" valign=\"middle\" width=\"180\">m\u00edn. (mm)<\/td>\n<td align=\"center\" valign=\"middle\" width=\"35\">\n<p style=\"text-align: center;\">250<\/p>\n<\/td>\n<td align=\"center\" valign=\"middle\" width=\"30\">\n<p style=\"text-align: center;\">200<\/p>\n<\/td>\n<td align=\"center\" valign=\"middle\" width=\"30\">\n<p style=\"text-align: center;\">145<\/p>\n<\/td>\n<td align=\"center\" valign=\"middle\" width=\"36\">\n<p style=\"text-align: center;\">450<\/p>\n<\/td>\n<td align=\"center\" valign=\"middle\" width=\"30\">\n<p style=\"text-align: center;\">245<\/p>\n<\/td>\n<td align=\"center\" valign=\"middle\" width=\"30\">\n<p style=\"text-align: center;\">345<\/p>\n<\/td>\n<td align=\"center\" valign=\"middle\" width=\"30\">\n<p style=\"text-align: center;\">400<\/p>\n<\/td>\n<td align=\"center\" valign=\"middle\" width=\"30\">\n<p style=\"text-align: center;\">250<\/p>\n<\/td>\n<td align=\"center\" valign=\"middle\" width=\"30\">\n<p style=\"text-align: center;\">350<\/p>\n<\/td>\n<td align=\"center\" valign=\"middle\" width=\"36\">\n<p style=\"text-align: center;\">650<\/p>\n<\/td>\n<td align=\"center\" valign=\"middle\" width=\"30\">\n<p style=\"text-align: center;\">475<\/p>\n<\/td>\n<td align=\"center\" valign=\"middle\" width=\"36\">\n<p style=\"text-align: center;\">700<\/p>\n<\/td>\n<\/tr>\n<tr>\n<td align=\"center\" valign=\"middle\" width=\"180\">m\u00e1x. (mm)<\/td>\n<td align=\"center\" valign=\"middle\" width=\"35\">\n<p style=\"text-align: center;\">600<\/p>\n<\/td>\n<td align=\"center\" valign=\"middle\" width=\"30\">\n<p style=\"text-align: center;\">400<\/p>\n<\/td>\n<td align=\"center\" valign=\"middle\" width=\"30\">\n<p style=\"text-align: center;\">390<\/p>\n<\/td>\n<td align=\"center\" valign=\"middle\" width=\"36\">\n<p style=\"text-align: center;\">1000<\/p>\n<\/td>\n<td align=\"center\" valign=\"middle\" width=\"30\">\n<p style=\"text-align: center;\">590<\/p>\n<\/td>\n<td align=\"center\" valign=\"middle\" width=\"30\">\n<p style=\"text-align: center;\">790<\/p>\n<\/td>\n<td align=\"center\" valign=\"middle\" width=\"30\">\n<p style=\"text-align: center;\">850<\/p>\n<\/td>\n<td align=\"center\" valign=\"middle\" width=\"30\">\n<p style=\"text-align: center;\">600<\/p>\n<\/td>\n<td align=\"center\" valign=\"middle\" width=\"30\">\n<p style=\"text-align: center;\">680<\/p>\n<\/td>\n<td align=\"center\" valign=\"middle\" width=\"36\">\n<p style=\"text-align: center;\">1450<\/p>\n<\/td>\n<td align=\"center\" valign=\"middle\" width=\"30\">\n<p style=\"text-align: center;\">980<\/p>\n<\/td>\n<td align=\"center\" valign=\"middle\" width=\"36\">\n<p style=\"text-align: center;\">1280<\/p>\n<\/td>\n<\/tr>\n<tr>\n<td align=\"center\" valign=\"middle\" width=\"180\">Tipo de cinta aplicable<\/td>\n<td colspan=\"12\" align=\"center\" valign=\"middle\" width=\"384\">\n<p style=\"text-align: center;\">Cinta adhesiva BOPP, PVC, Kraft<\/p>\n<\/td>\n<\/tr>\n<tr>\n<td align=\"center\" valign=\"middle\" width=\"180\">Ancho de cinta aplicable (mm)<\/td>\n<td colspan=\"12\" align=\"center\" valign=\"middle\" width=\"384\">\n<p style=\"text-align: center;\">60<\/p>\n<\/td>\n<\/tr>\n<tr>\n<td align=\"center\" valign=\"middle\" width=\"180\">Tama\u00f1o externo (L\u00d7W\u00d7H)(mm)<\/td>\n<td colspan=\"12\" align=\"center\" valign=\"middle\" width=\"384\">\n<p style=\"text-align: center;\">3000\u00d71100\u00d72100<\/p>\n<\/td>\n<\/tr>\n<tr>\n<td align=\"center\" valign=\"middle\" width=\"180\">Peso (kg)<\/td>\n<td colspan=\"12\" align=\"center\" valign=\"middle\" width=\"384\">\n<p style=\"text-align: center;\">600<\/p>\n<\/td>\n<\/tr>\n<\/tbody>\n<\/table>\n<p>La formadora de cajas de la serie CXJ-A adopta cinta adhesiva para sellar, que es econ\u00f3mica, r\u00e1pida y f\u00e1cil de operar.<\/p><\/div>\n<div>M\u00e1quina formadora de cajas autom\u00e1tica CXJ-8565A<\/div>\n<div><\/div>\n<div><\/div>\n<div>Sucursales: Guadalajara, Monterrey, Cuidad de Mexico y Tijuana<\/div>\n","protected":false},"featured_media":2808,"template":"","meta":[],"product_brand":[],"product_cat":[10733,177],"product_tag":[],"class_list":{"0":"post-2755","1":"product","2":"type-product","3":"status-publish","4":"has-post-thumbnail","6":"product_cat-encintadoras-de-cajas","7":"product_cat-formador-de-cajas","9":"first","10":"instock","11":"shipping-taxable","12":"product-type-simple"},"_links":{"self":[{"href":"https:\/\/tecnopacks.com.mx\/empaque\/wp-json\/wp\/v2\/product\/2755","targetHints":{"allow":["GET"]}}],"collection":[{"href":"https:\/\/tecnopacks.com.mx\/empaque\/wp-json\/wp\/v2\/product"}],"about":[{"href":"https:\/\/tecnopacks.com.mx\/empaque\/wp-json\/wp\/v2\/types\/product"}],"wp:featuredmedia":[{"embeddable":true,"href":"https:\/\/tecnopacks.com.mx\/empaque\/wp-json\/wp\/v2\/media\/2808"}],"wp:attachment":[{"href":"https:\/\/tecnopacks.com.mx\/empaque\/wp-json\/wp\/v2\/media?parent=2755"}],"wp:term":[{"taxonomy":"product_brand","embeddable":true,"href":"https:\/\/tecnopacks.com.mx\/empaque\/wp-json\/wp\/v2\/product_brand?post=2755"},{"taxonomy":"product_cat","embeddable":true,"href":"https:\/\/tecnopacks.com.mx\/empaque\/wp-json\/wp\/v2\/product_cat?post=2755"},{"taxonomy":"product_tag","embeddable":true,"href":"https:\/\/tecnopacks.com.mx\/empaque\/wp-json\/wp\/v2\/product_tag?post=2755"}],"curies":[{"name":"wp","href":"https:\/\/api.w.org\/{rel}","templated":true}]}}