{"id":2823,"date":"2024-04-05T21:04:16","date_gmt":"2024-04-05T21:04:16","guid":{"rendered":"https:\/\/tecnopacks.com.mx\/empaque\/?post_type=product&#038;p=2823"},"modified":"2026-03-20T16:31:58","modified_gmt":"2026-03-20T16:31:58","slug":"maquina-empacadora-horizontal-flowpack-dxdz-400d-dxdz-450","status":"publish","type":"product","link":"https:\/\/tecnopacks.com.mx\/empaque\/producto\/embolsadora-horizontal-flowpack\/maquina-empacadora-horizontal-flowpack-dxdz-400d-dxdz-450\/","title":{"rendered":"Maquina Empacadora Horizontal \/ Flowpack  DXDZ-400D \/ DXDZ-450"},"content":{"rendered":"\n<h1><a href=\"https:\/\/tecnopacks.com.mx\/empaque\/producto\/maquina-envasadora-horizontal\/maquina-empacadora-horizontal-flowpack-dxdz-400d-dxdz-450\/\">Maquina Empacadora Horizontal \/ Flowpack DXDZ-400D \/ DXDZ-450<\/a><\/h1>\n<p>\u00bfEnvasar su producto de forma higi\u00e9nica, r\u00e1pida y atractiva? Puede lograr esto con su propia m\u00e1quina flowpack. Especialmente en la industria alimentaria, una m\u00e1quina de este tipo es \u00fatil y, a menudo, es la soluci\u00f3n m\u00e1s rentable cuando se trata de productos no alimentarios.<\/p>\n<p>Las m\u00e1quinas horizontales crean un paquete a medida alrededor del producto y lo sellan por tres lados. Est\u00e1n dise\u00f1ados para envasar una amplia gama de art\u00edculos y se pueden alinear f\u00e1cilmente con sistemas de pesaje y etiquetado, as\u00ed como con otros equipos. Las m\u00e1quinas est\u00e1n disponibles en varias versiones que se adaptan a las necesidades y solicitudes de muchas industrias diferentes (alimentaria, no alimentaria, farmac\u00e9utica).<\/p>\n<p>\u00a0<\/p>\n<p><a href=\"https:\/\/impropack.com.mx\/contacto\/\"><strong>Par\u00e1metros:<\/strong><\/a><\/p>\n","protected":false},"excerpt":{"rendered":"<div>\n<p><strong>Par\u00e1metros:<\/strong><\/p>\n<table class=\"table\" border=\"0\" width=\"100%\" cellspacing=\"0\" cellpadding=\"0\">\n<tbody>\n<tr class=\"firstRow\">\n<td align=\"center\" valign=\"middle\" width=\"246\"><\/td>\n<td align=\"center\" valign=\"middle\" width=\"318\">\n<p style=\"text-align: center;\">DXDZ-400D<\/p>\n<\/td>\n<\/tr>\n<tr>\n<td align=\"center\" valign=\"middle\" width=\"246\">Voltaje (V\/Hz)<\/td>\n<td align=\"center\" valign=\"middle\" width=\"318\">\n<p style=\"text-align: center;\">CA 220\/50 220\/60<\/p>\n<\/td>\n<\/tr>\n<tr>\n<td align=\"center\" valign=\"middle\" width=\"246\">Potencia (kilovatios)<\/td>\n<td align=\"center\" valign=\"middle\" width=\"318\">\n<p style=\"text-align: center;\">2.8<\/p>\n<\/td>\n<\/tr>\n<tr>\n<td align=\"center\" valign=\"middle\" width=\"246\">Ancho de pel\u00edcula (mm)<\/td>\n<td align=\"center\" valign=\"middle\" width=\"318\">\n<p style=\"text-align: center;\">M\u00e1x.400<\/p>\n<\/td>\n<\/tr>\n<tr>\n<td align=\"center\" valign=\"middle\" width=\"246\">Longitud de la bolsa (mm)<\/td>\n<td align=\"center\" valign=\"middle\" width=\"318\">\n<p style=\"text-align: center;\">130-320<\/p>\n<\/td>\n<\/tr>\n<tr>\n<td align=\"center\" valign=\"middle\" width=\"246\">Ancho de la bolsa (mm)<\/td>\n<td align=\"center\" valign=\"middle\" width=\"318\">\n<p style=\"text-align: center;\">30-150<\/p>\n<\/td>\n<\/tr>\n<tr>\n<td align=\"center\" valign=\"middle\" width=\"246\">Altura del producto (mm)<\/td>\n<td align=\"center\" valign=\"middle\" width=\"318\">\n<p style=\"text-align: center;\">M\u00e1x.65<\/p>\n<\/td>\n<\/tr>\n<tr>\n<td align=\"center\" valign=\"middle\" width=\"246\">Di\u00e1metro del rollo de pel\u00edcula (mm)<\/td>\n<td align=\"center\" valign=\"middle\" width=\"318\">\n<p style=\"text-align: center;\">M\u00e1x.320<\/p>\n<\/td>\n<\/tr>\n<tr>\n<td align=\"center\" valign=\"middle\" width=\"246\">Velocidad de envasado (sacos\/min)<\/td>\n<td align=\"center\" valign=\"middle\" width=\"318\">\n<p style=\"text-align: center;\">40-180<\/p>\n<\/td>\n<\/tr>\n<tr>\n<td align=\"center\" valign=\"middle\" width=\"246\">Dimensiones externas (L\u00d7W\u00d7H) (mm)<\/td>\n<td align=\"center\" valign=\"middle\" width=\"318\">\n<p style=\"text-align: center;\">4020*800*1450<\/p>\n<\/td>\n<\/tr>\n<tr>\n<td align=\"center\" valign=\"middle\" width=\"246\">Peso neto \/ kg)<\/td>\n<td align=\"center\" valign=\"middle\" width=\"318\">\n<p style=\"text-align: center;\">900<\/p>\n<\/td>\n<\/tr>\n<\/tbody>\n<\/table>\n<\/div>\n<div class=\"pword\">Modelo:DXDZ-400D<br \/>\n\u00bfEnvasar su producto de forma higi\u00e9nica, r\u00e1pida y atractiva? Puede lograr esto con su propia m\u00e1quina flowpack.<\/div>\n<div><\/div>\n<div>Maquina Empacadora Horizontal \/ Flowpack DXDZ-400D \/ DXDZ-450<\/div>\n<div><\/div>\n<div>Sucursales: Guadalajara, Monterrey, cuidad de Mexico y Tijuana<\/div>\n","protected":false},"featured_media":2877,"template":"","meta":[],"product_brand":[],"product_cat":[546,10730,183],"product_tag":[],"class_list":{"0":"post-2823","1":"product","2":"type-product","3":"status-publish","4":"has-post-thumbnail","6":"product_cat-embolsadora-horizontal-flowpack","7":"product_cat-embolsadoras-automaticas","8":"product_cat-maquina-envasadora-horizontal","10":"first","11":"instock","12":"shipping-taxable","13":"product-type-simple"},"_links":{"self":[{"href":"https:\/\/tecnopacks.com.mx\/empaque\/wp-json\/wp\/v2\/product\/2823","targetHints":{"allow":["GET"]}}],"collection":[{"href":"https:\/\/tecnopacks.com.mx\/empaque\/wp-json\/wp\/v2\/product"}],"about":[{"href":"https:\/\/tecnopacks.com.mx\/empaque\/wp-json\/wp\/v2\/types\/product"}],"wp:featuredmedia":[{"embeddable":true,"href":"https:\/\/tecnopacks.com.mx\/empaque\/wp-json\/wp\/v2\/media\/2877"}],"wp:attachment":[{"href":"https:\/\/tecnopacks.com.mx\/empaque\/wp-json\/wp\/v2\/media?parent=2823"}],"wp:term":[{"taxonomy":"product_brand","embeddable":true,"href":"https:\/\/tecnopacks.com.mx\/empaque\/wp-json\/wp\/v2\/product_brand?post=2823"},{"taxonomy":"product_cat","embeddable":true,"href":"https:\/\/tecnopacks.com.mx\/empaque\/wp-json\/wp\/v2\/product_cat?post=2823"},{"taxonomy":"product_tag","embeddable":true,"href":"https:\/\/tecnopacks.com.mx\/empaque\/wp-json\/wp\/v2\/product_tag?post=2823"}],"curies":[{"name":"wp","href":"https:\/\/api.w.org\/{rel}","templated":true}]}}