{"id":2827,"date":"2024-04-05T21:04:17","date_gmt":"2024-04-05T21:04:17","guid":{"rendered":"https:\/\/tecnopacks.com.mx\/empaque\/?post_type=product&#038;p=2827"},"modified":"2026-03-22T04:53:16","modified_gmt":"2026-03-22T04:53:16","slug":"empaquetadora-horizontal-de-tenedor-y-cuchillo","status":"publish","type":"product","link":"https:\/\/tecnopacks.com.mx\/empaque\/producto\/embolsadoras-automaticas\/empaquetadora-horizontal-de-tenedor-y-cuchillo\/","title":{"rendered":"Empaquetadora horizontal de tenedor y cuchillo"},"content":{"rendered":"\n<h1 style=\"font-size: 1.5em;\">Maquina etiquetadora adhesiva para botellas en Ciudad de M\u00e9xico<\/h1>\n<p>n<strong>Maquina etiquetadora adhesiva para botellas en Ciudad de M\u00e9xico<\/strong>: El embalaje est\u00e1 jugando un papel vital en el aumento de la comerciabilidad y la mejora de la rentabilidad de las empresas. Con el aumento de la base geogr\u00e1fica de clientes, las empresas ahora se est\u00e1n enfocando m\u00e1s en el empaque que antes, ya que el empaque no solo mejora el valor est\u00e9tico sino que tambi\u00e9n protege el producto hasta que llega al cliente. Bajo estos escenarios, el mercado de empaques est\u00e1 aumentando mientras influye positivamente en el mercado de maquinaria de empaque. El mecanismo de paquete de flujo se utiliza principalmente para el envasado de productos del mercado alimentario y no alimentario, como el envasado de vendas de algod\u00f3n, el envasado de pasteles, el envasado de detergentes, el envasado de chocolate, etc.<br>\nn<\/p>\n<h2 style=\"font-size: 1em;\">Maquina etiquetadora para botellas en CDMX<\/h2>\n<p>n\u25cf La m\u00e1quina flow pack es m\u00e1quinas autom\u00e1ticas y mec\u00e1nicas.<br>\nn<br>\nn\u25cf Estas m\u00e1quinas se pueden digitalizar f\u00e1cilmente con una pantalla para controlar el proceso de fabricaci\u00f3n.<br>\nn<br>\nn\u25cf Las m\u00e1quinas flow pack son f\u00e1ciles de operar y se pueden ajustar f\u00e1cilmente con varias formas de productos.<br>\nn<br>\nn\u25cf La m\u00e1quina opera en un ciclo continuo.<br>\nn<br>\nn\u25cf Se inserta un carrete de pel\u00edcula de pl\u00e1stico en la m\u00e1quina y luego la m\u00e1quina sigue envolviendo y sellando la pel\u00edcula alrededor del producto.<br>\nn<br>\nn<strong>Par\u00e1metros:<\/strong><br>\nn<\/p>\n<table class=\"table\" border=\"0\" width=\"100%\" cellspacing=\"0\" cellpadding=\"0\">\nn\n<tbody>\nn\n<tr class=\"firstRow\">\nn\n<td align=\"center\" valign=\"middle\" width=\"282\"><\/td>\n<p>n<\/p>\n<td align=\"center\" valign=\"middle\" width=\"281\">\nn\n<p style=\"text-align: center;\">DXDZ-250X<\/p>\n<p>n<\/p>\n<\/td>\n<p>n<\/p>\n<\/tr>\n<p>n<\/p>\n<tr>\nn\n<td align=\"center\" valign=\"middle\" width=\"282\">Voltaje (V\/Hz)<\/td>\n<p>n<\/p>\n<td align=\"center\" valign=\"middle\" width=\"281\">\nn\n<p style=\"text-align: center;\">CA 220\/50 220\/60<\/p>\n<p>n<\/p>\n<\/td>\n<p>n<\/p>\n<\/tr>\n<p>n<\/p>\n<tr>\nn\n<td align=\"center\" valign=\"middle\" width=\"282\">Potencia (W)<\/td>\n<p>n<\/p>\n<td align=\"center\" valign=\"middle\" width=\"281\">\nn\n<p style=\"text-align: center;\">2400<\/p>\n<p>n<\/p>\n<\/td>\n<p>n<\/p>\n<\/tr>\n<p>n<\/p>\n<tr>\nn\n<td align=\"center\" valign=\"middle\" width=\"282\">Ancho de pel\u00edcula (mm)<\/td>\n<p>n<\/p>\n<td align=\"center\" valign=\"middle\" width=\"281\">\nn\n<p style=\"text-align: center;\">M\u00e1x.250<\/p>\n<p>n<\/p>\n<\/td>\n<p>n<\/p>\n<\/tr>\n<p>n<\/p>\n<tr>\nn\n<td align=\"center\" valign=\"middle\" width=\"282\">Longitud de la bolsa (mm)<\/td>\n<p>n<\/p>\n<td align=\"center\" valign=\"middle\" width=\"281\">\nn\n<p style=\"text-align: center;\">65-190 o 120-280<\/p>\n<p>n<\/p>\n<\/td>\n<p>n<\/p>\n<\/tr>\n<p>n<\/p>\n<tr>\nn\n<td align=\"center\" valign=\"middle\" width=\"282\">Ancho de la bolsa (mm)<\/td>\n<p>n<\/p>\n<td align=\"center\" valign=\"middle\" width=\"281\">\nn\n<p style=\"text-align: center;\">30-110<\/p>\n<p>n<\/p>\n<\/td>\n<p>n<\/p>\n<\/tr>\n<p>n<\/p>\n<tr>\nn\n<td align=\"center\" valign=\"middle\" width=\"282\">Altura del producto (mm)<\/td>\n<p>n<\/p>\n<td align=\"center\" valign=\"middle\" width=\"281\">\nn\n<p style=\"text-align: center;\">M\u00e1x.40<\/p>\n<p>n<\/p>\n<\/td>\n<p>n<\/p>\n<\/tr>\n<p>n<\/p>\n<tr>\nn\n<td align=\"center\" valign=\"middle\" width=\"282\">Di\u00e1metro de la pel\u00edcula en rollo (mm)<\/td>\n<p>n<\/p>\n<td align=\"center\" valign=\"middle\" width=\"281\">\nn\n<p style=\"text-align: center;\">M\u00e1x.320<\/p>\n<p>n<\/p>\n<\/td>\n<p>n<\/p>\n<\/tr>\n<p>n<\/p>\n<tr>\nn\n<td align=\"center\" valign=\"middle\" width=\"282\">Velocidad de envasado (sacos\/min)<\/td>\n<p>n<\/p>\n<td align=\"center\" valign=\"middle\" width=\"281\">\nn\n<p style=\"text-align: center;\">40-230<\/p>\n<p>n<\/p>\n<\/td>\n<p>n<\/p>\n<\/tr>\n<p>n<\/p>\n<tr>\nn\n<td align=\"center\" valign=\"middle\" width=\"282\">Dimensiones externas (L\u00d7W\u00d7H) (mm)<\/td>\n<p>n<\/p>\n<td align=\"center\" valign=\"middle\" width=\"281\">\nn\n<p style=\"text-align: center;\">3920\u00d7670\u00d71320<\/p>\n<p>n<\/p>\n<\/td>\n<p>n<\/p>\n<\/tr>\n<p>n<\/p>\n<tr>\nn\n<td align=\"center\" valign=\"middle\" width=\"282\">Peso neto \/ kg)<\/td>\n<p>n<\/p>\n<td align=\"center\" valign=\"middle\" width=\"281\">\nn\n<p style=\"text-align: center;\">600<\/p>\n<p>n<\/p>\n<\/td>\n<p>n<\/p>\n<\/tr>\n<p>n<\/p>\n<\/tbody>\n<p>n<\/p>\n<\/table>\n","protected":false},"excerpt":{"rendered":"<div class=\"pword\">Modelo:DXDZ-250X<br \/>\nnEl embalaje est\u00e1 jugando un papel vital en el aumento de la comerciabilidad y la mejora de la rentabilidad de las empresas.<\/div>\n","protected":false},"featured_media":2881,"template":"","meta":[],"product_brand":[],"product_cat":[10730,184],"product_tag":[],"class_list":{"0":"post-2827","1":"product","2":"type-product","3":"status-publish","4":"has-post-thumbnail","6":"product_cat-embolsadoras-automaticas","7":"product_cat-maquina-empacadora-horizontal-tipo-papel-hacia-abajo","9":"first","10":"instock","11":"shipping-taxable","12":"product-type-simple"},"_links":{"self":[{"href":"https:\/\/tecnopacks.com.mx\/empaque\/wp-json\/wp\/v2\/product\/2827","targetHints":{"allow":["GET"]}}],"collection":[{"href":"https:\/\/tecnopacks.com.mx\/empaque\/wp-json\/wp\/v2\/product"}],"about":[{"href":"https:\/\/tecnopacks.com.mx\/empaque\/wp-json\/wp\/v2\/types\/product"}],"wp:featuredmedia":[{"embeddable":true,"href":"https:\/\/tecnopacks.com.mx\/empaque\/wp-json\/wp\/v2\/media\/2881"}],"wp:attachment":[{"href":"https:\/\/tecnopacks.com.mx\/empaque\/wp-json\/wp\/v2\/media?parent=2827"}],"wp:term":[{"taxonomy":"product_brand","embeddable":true,"href":"https:\/\/tecnopacks.com.mx\/empaque\/wp-json\/wp\/v2\/product_brand?post=2827"},{"taxonomy":"product_cat","embeddable":true,"href":"https:\/\/tecnopacks.com.mx\/empaque\/wp-json\/wp\/v2\/product_cat?post=2827"},{"taxonomy":"product_tag","embeddable":true,"href":"https:\/\/tecnopacks.com.mx\/empaque\/wp-json\/wp\/v2\/product_tag?post=2827"}],"curies":[{"name":"wp","href":"https:\/\/api.w.org\/{rel}","templated":true}]}}