{"id":2867,"date":"2024-04-05T21:05:01","date_gmt":"2024-04-05T21:05:01","guid":{"rendered":"https:\/\/tecnopacks.com.mx\/empaque\/?post_type=product&#038;p=2867"},"modified":"2026-03-22T04:01:35","modified_gmt":"2026-03-22T04:01:35","slug":"maquina-envasadora-automatica-de-polvos-hasta-2kg-dxdf-2000ax","status":"publish","type":"product","link":"https:\/\/tecnopacks.com.mx\/empaque\/producto\/embolsadora-vertical\/maquina-envasadora-automatica-de-polvos-hasta-2kg-dxdf-2000ax\/","title":{"rendered":"M\u00e1quina Envasadora Automatica de Polvos  hasta 2kg DXDF-2000AX"},"content":{"rendered":"\n<h1><a href=\"https:\/\/tecnopacks.com.mx\/empaque\/\">M\u00e1quina Envasadora Automatica de Polvos hasta 2kg DXDF-2000AX<\/a><\/h1>\n<p>Esta m\u00e1quina empacadora completamente autom\u00e1tica que est\u00e1 dise\u00f1ada para colocar productos en polvo sin tocar que no fluyen libremente. Crema, caf\u00e9, mezcla de harina, bebidas en polvo, pimienta negra, polvo, canela, sopas, levadura, leche en polvo, masa, ninguna fluidez propia se puede envasar con tornillos precisos con este modelo de m\u00e1quina llenadora.<\/p>\n<p>Aplicaciones:<\/p>\n<p>Esta m\u00e1quina es ideal para producir bolsitas de caf\u00e9, az\u00facar fina, pimienta, t\u00e9 saludable, leche en polvo, sopa instant\u00e1nea, etc.<\/p>\n<p><a href=\"https:\/\/impropack.com.mx\/contacto\/\"><strong>Par\u00e1metros:<\/strong><\/a><\/p>\n","protected":false},"excerpt":{"rendered":"<div>\n<p>&nbsp;<\/p>\n<table class=\"table\" border=\"0\" width=\"100%\" cellspacing=\"0\" cellpadding=\"0\">\n<tbody>\n<tr class=\"firstRow\">\n<td align=\"center\" valign=\"middle\" width=\"290\"><\/td>\n<td align=\"center\" valign=\"middle\" width=\"222\">\n<p style=\"text-align: center;\">DXDF-2000AX<\/p>\n<\/td>\n<\/tr>\n<tr>\n<td align=\"center\" valign=\"middle\" width=\"290\">Voltaje (V\/Hz)<\/td>\n<td align=\"center\" valign=\"middle\" width=\"222\">\n<p style=\"text-align: center;\">CA 220\/50 110\/60<\/p>\n<\/td>\n<\/tr>\n<tr>\n<td align=\"center\" valign=\"middle\" width=\"290\">Potencia (W)<\/td>\n<td align=\"center\" valign=\"middle\" width=\"222\">\n<p style=\"text-align: center;\">2800<\/p>\n<\/td>\n<\/tr>\n<tr>\n<td align=\"center\" valign=\"middle\" width=\"290\">Capacidad (sacos\/min)<\/td>\n<td align=\"center\" valign=\"middle\" width=\"222\">\n<p style=\"text-align: center;\">5-30<\/p>\n<\/td>\n<\/tr>\n<tr>\n<td align=\"center\" valign=\"middle\" width=\"290\">Capacidad de embalaje (ml)<\/td>\n<td align=\"center\" valign=\"middle\" width=\"222\">\n<p style=\"text-align: center;\">200-2000<\/p>\n<\/td>\n<\/tr>\n<tr>\n<td align=\"center\" valign=\"middle\" width=\"290\">Longitud de la bolsa (mm)<\/td>\n<td align=\"center\" valign=\"middle\" width=\"222\">\n<p style=\"text-align: center;\">50-310<\/p>\n<\/td>\n<\/tr>\n<tr>\n<td align=\"center\" valign=\"middle\" width=\"290\">Ancho de la bolsa (mm)<\/td>\n<td align=\"center\" valign=\"middle\" width=\"222\">\n<p style=\"text-align: center;\">50-220<\/p>\n<\/td>\n<\/tr>\n<tr>\n<td align=\"center\" valign=\"middle\" width=\"290\">Dimensiones externas (L\u00d7W\u00d7H) (mm)<\/td>\n<td align=\"center\" valign=\"middle\" width=\"222\">1260*860*2200<\/td>\n<\/tr>\n<tr>\n<td align=\"center\" valign=\"middle\" width=\"290\">Peso neto \/ kg)<\/td>\n<td align=\"center\" valign=\"middle\" width=\"222\">\n<p style=\"text-align: center;\">450<\/p>\n<\/td>\n<\/tr>\n<\/tbody>\n<\/table>\n<\/div>\n<div class=\"pword\">Modelo:DXDF-1000A<br \/>\nEsta m\u00e1quina de envasado completamente autom\u00e1tica que est\u00e1 dise\u00f1ada para colocar productos en polvo sin tocar que no fluyen libremente.<\/div>\n<div>M\u00e1quina Envasadora Automatica de Polvos hasta 2kg DXDF-2000AX<\/div>\n<div>Sucursales en : Guadalajara , Monterrey , Cuidad de Mexico y Tijuana<\/div>\n","protected":false},"featured_media":2909,"template":"","meta":[],"product_brand":[],"product_cat":[217,10730,187],"product_tag":[],"class_list":{"0":"post-2867","1":"product","2":"type-product","3":"status-publish","4":"has-post-thumbnail","6":"product_cat-embolsadora-vertical","7":"product_cat-embolsadoras-automaticas","8":"product_cat-maquina-de-embalaje-de-polvo","10":"first","11":"instock","12":"shipping-taxable","13":"product-type-simple"},"_links":{"self":[{"href":"https:\/\/tecnopacks.com.mx\/empaque\/wp-json\/wp\/v2\/product\/2867","targetHints":{"allow":["GET"]}}],"collection":[{"href":"https:\/\/tecnopacks.com.mx\/empaque\/wp-json\/wp\/v2\/product"}],"about":[{"href":"https:\/\/tecnopacks.com.mx\/empaque\/wp-json\/wp\/v2\/types\/product"}],"wp:featuredmedia":[{"embeddable":true,"href":"https:\/\/tecnopacks.com.mx\/empaque\/wp-json\/wp\/v2\/media\/2909"}],"wp:attachment":[{"href":"https:\/\/tecnopacks.com.mx\/empaque\/wp-json\/wp\/v2\/media?parent=2867"}],"wp:term":[{"taxonomy":"product_brand","embeddable":true,"href":"https:\/\/tecnopacks.com.mx\/empaque\/wp-json\/wp\/v2\/product_brand?post=2867"},{"taxonomy":"product_cat","embeddable":true,"href":"https:\/\/tecnopacks.com.mx\/empaque\/wp-json\/wp\/v2\/product_cat?post=2867"},{"taxonomy":"product_tag","embeddable":true,"href":"https:\/\/tecnopacks.com.mx\/empaque\/wp-json\/wp\/v2\/product_tag?post=2867"}],"curies":[{"name":"wp","href":"https:\/\/api.w.org\/{rel}","templated":true}]}}