{"id":2868,"date":"2024-04-05T21:05:01","date_gmt":"2024-04-05T21:05:01","guid":{"rendered":"https:\/\/tecnopacks.com.mx\/empaque\/?post_type=product&#038;p=2868"},"modified":"2026-03-22T04:13:36","modified_gmt":"2026-03-22T04:13:36","slug":"maquina-automatica-de-envasado-de-pasta","status":"publish","type":"product","link":"https:\/\/tecnopacks.com.mx\/empaque\/producto\/embolsadoras-automaticas\/maquina-automatica-de-envasado-de-pasta\/","title":{"rendered":"M\u00e1quina  vertical autom\u00e1tica de envasado de viscosos"},"content":{"rendered":"\n<h1 style=\"font-size: 1.5em;\"><a href=\"https:\/\/tecnopacks.com.mx\/empaque\/producto\/maquina-de-embalaje-de-pasta\/maquina-automatica-de-envasado-de-pasta\/\">Maquina llenadora de l\u00edquidos viscosos en Ciudad de M\u00e9xico<\/a><\/h1>\n<p><a href=\"https:\/\/impropack.com.mx\/contacto\/\">M\u00e1quina vertical autom\u00e1tica de envasado de viscosos <\/a><\/p>\n<p>Fabricamos una amplia gama de m\u00e1quinas envasadoras autom\u00e1ticas de l\u00edquidos que se utilizan ampliamente para el envasado seguro de l\u00edquidos. Estos tambi\u00e9n encuentran aplicaci\u00f3n para el envasado de agua mineral, leche, lubricantes, aceite vegetal entre muchos otros l\u00edquidos y fluidos.<\/p>\n<p>Nuestra m\u00e1quina empacadora de l\u00edquidos\u00a0 viscosos\u00a0 est\u00e1 fabricada con acero inoxidable de alta calidad, conocida por su funcionamiento silencioso y mantenimiento insignificante. Adem\u00e1s, ofrecemos personalizaci\u00f3n seg\u00fan los requisitos espec\u00edficos de los clientes para satisfacer sus necesidades.<\/p>\n<p>La m\u00e1quina envasadoras vertical para viscosos\u00a0 funciona seg\u00fan el principio de los sistemas de jeringas volum\u00e9tricas con una disposici\u00f3n de ajuste de volumen. Esta m\u00e1quina puede envasar art\u00edculos l\u00edquidos como champ\u00fa, ketchup de tomate, aceite 2T, jarabe de aceite para el cabello, etc.<\/p>\n<h2 style=\"font-size: 1em;\">Maquina de llenado de botellas en CDMX<\/h2>\n<p><strong>Par\u00e1metros:<\/strong><\/p>\n","protected":false},"excerpt":{"rendered":"<div class=\"pword\">Modelo:\u00a0 La Embolsadora vertical para liquidpos viscosos DXDG-20II<br \/>\nnFabricamos una amplia gama de m\u00e1quinas envasadoras autom\u00e1ticas de l\u00edquidos que se utilizan ampliamente para el envasado seguro de l\u00edquidos.<\/div>\n<div>\n<p><strong>Par\u00e1metros:<\/strong><\/p>\n<table class=\"table\" border=\"0\" width=\"100%\" cellspacing=\"0\" cellpadding=\"0\">\n<tbody>\n<tr class=\"firstRow\">\n<td align=\"center\" valign=\"middle\" width=\"314\"><\/td>\n<td align=\"center\" valign=\"middle\" width=\"237\">&nbsp;<\/p>\n<p style=\"text-align: center;\">DXDG-50II<\/p>\n<\/td>\n<\/tr>\n<tr>\n<td align=\"center\" valign=\"middle\" width=\"314\">Voltaje (V\/Hz)<\/td>\n<td align=\"center\" valign=\"middle\" width=\"237\">&nbsp;<\/p>\n<p style=\"text-align: center;\">CA 220\/50 110\/60<\/p>\n<\/td>\n<\/tr>\n<tr>\n<td align=\"center\" valign=\"middle\" width=\"314\">Potencia (W)<\/td>\n<td align=\"center\" valign=\"middle\" width=\"237\">&nbsp;<\/p>\n<p style=\"text-align: center;\">1700<\/p>\n<\/td>\n<\/tr>\n<tr>\n<td align=\"center\" valign=\"middle\" width=\"314\">Capacidad de embalaje (ml)<\/td>\n<td align=\"center\" valign=\"middle\" width=\"237\">\n<p style=\"text-align: center;\">10-50<\/p>\n<\/td>\n<\/tr>\n<tr>\n<td align=\"center\" valign=\"middle\" width=\"314\">Capacidad (sacos\/min)<\/td>\n<td align=\"center\" valign=\"middle\" width=\"237\">\n<p style=\"text-align: center;\">40-70<\/p>\n<\/td>\n<\/tr>\n<tr>\n<td align=\"center\" valign=\"middle\" width=\"314\">Longitud de la bolsa (mm)<\/td>\n<td align=\"center\" valign=\"middle\" width=\"237\">\n<p style=\"text-align: center;\">80-150<\/p>\n<\/td>\n<\/tr>\n<tr>\n<td align=\"center\" valign=\"middle\" width=\"314\">Ancho de la bolsa (mm)<\/td>\n<td align=\"center\" valign=\"middle\" width=\"237\">\n<p style=\"text-align: center;\">30-110<\/p>\n<\/td>\n<\/tr>\n<tr>\n<td align=\"center\" valign=\"middle\" width=\"314\">Dimensiones externas (L\u00d7W\u00d7H) (mm)<\/td>\n<td align=\"center\" valign=\"middle\" width=\"237\">\n<p style=\"text-align: center;\">790\u00d7600\u00d71780<\/p>\n<\/td>\n<\/tr>\n<tr>\n<td align=\"center\" valign=\"middle\" width=\"314\">Peso neto \/ kg)<\/td>\n<td align=\"center\" valign=\"middle\" width=\"237\">\n<p style=\"text-align: center;\">350<\/p>\n<\/td>\n<\/tr>\n<\/tbody>\n<\/table>\n<\/div>\n","protected":false},"featured_media":2910,"template":"","meta":[],"product_brand":[],"product_cat":[10730,188],"product_tag":[],"class_list":{"0":"post-2868","1":"product","2":"type-product","3":"status-publish","4":"has-post-thumbnail","6":"product_cat-embolsadoras-automaticas","7":"product_cat-maquina-de-embalaje-de-pasta","9":"first","10":"instock","11":"shipping-taxable","12":"product-type-simple"},"_links":{"self":[{"href":"https:\/\/tecnopacks.com.mx\/empaque\/wp-json\/wp\/v2\/product\/2868","targetHints":{"allow":["GET"]}}],"collection":[{"href":"https:\/\/tecnopacks.com.mx\/empaque\/wp-json\/wp\/v2\/product"}],"about":[{"href":"https:\/\/tecnopacks.com.mx\/empaque\/wp-json\/wp\/v2\/types\/product"}],"wp:featuredmedia":[{"embeddable":true,"href":"https:\/\/tecnopacks.com.mx\/empaque\/wp-json\/wp\/v2\/media\/2910"}],"wp:attachment":[{"href":"https:\/\/tecnopacks.com.mx\/empaque\/wp-json\/wp\/v2\/media?parent=2868"}],"wp:term":[{"taxonomy":"product_brand","embeddable":true,"href":"https:\/\/tecnopacks.com.mx\/empaque\/wp-json\/wp\/v2\/product_brand?post=2868"},{"taxonomy":"product_cat","embeddable":true,"href":"https:\/\/tecnopacks.com.mx\/empaque\/wp-json\/wp\/v2\/product_cat?post=2868"},{"taxonomy":"product_tag","embeddable":true,"href":"https:\/\/tecnopacks.com.mx\/empaque\/wp-json\/wp\/v2\/product_tag?post=2868"}],"curies":[{"name":"wp","href":"https:\/\/api.w.org\/{rel}","templated":true}]}}