{"id":2873,"date":"2024-04-05T21:05:01","date_gmt":"2024-04-05T21:05:01","guid":{"rendered":"https:\/\/tecnopacks.com.mx\/empaque\/?post_type=product&#038;p=2873"},"modified":"2026-03-22T04:12:48","modified_gmt":"2026-03-22T04:12:48","slug":"embolsadora-automatica-de-granos-y-polvos-dxdk-150%e2%85%b1","status":"publish","type":"product","link":"https:\/\/tecnopacks.com.mx\/empaque\/producto\/embolsadora-vertical\/embolsadora-automatica-de-granos-y-polvos-dxdk-150%e2%85%b1\/","title":{"rendered":"Embolsadora Automatica de Granos y polvos DXDK-150\u2161"},"content":{"rendered":"\n<h1><a href=\"https:\/\/tecnopacks.com.mx\/empaque\/tienda\/\">Embolsadora Automatica de Granos y polvos DXDK-150\u2161<\/a><\/h1>\n<p>Esta m\u00e1quina de formado, llenado y sellado vertical es una m\u00e1quina empacadora de tipo el\u00e9ctrico, con un dise\u00f1o compacto y dedicado de Techinery Industry, que atiende a SOHO, peque\u00f1as y medianas empresas operadas por el propietario.<\/p>\n<p>Solicitud:<\/p>\n<p>\u25cf Es adecuado para granos, gr\u00e1nulos, polvos y otros s\u00f3lidos no pegajosos. M\u00e1s espec\u00edficamente, esta m\u00e1quina puede empacar t\u00e9, semillas, sal, az\u00facar, dulces, semillas de hinojo, nueces, man\u00ed, granos de caf\u00e9, frijoles, etc.<\/p>\n<p><a href=\"https:\/\/impropack.com.mx\/contacto\/\">\u25cf Polvo como leche en polvo, harina, polvo molido, especias en polvo, caf\u00e9 en polvo, caf\u00e9 molido, etc.<\/a><\/p>\n<p class=\"productsTags\">\n<\/p>\n<p>\u00a0<\/p>\n","protected":false},"excerpt":{"rendered":"<div class=\"pword\">\n<table class=\"table\" border=\"0\" width=\"100%\" cellspacing=\"0\" cellpadding=\"0\">\n<tbody>\n<tr class=\"firstRow\">\n<td align=\"center\" valign=\"middle\" width=\"257\"><\/td>\n<td align=\"center\" valign=\"middle\" width=\"298\">\n<p style=\"text-align: center;\">DXDK-150\u2161<\/p>\n<\/td>\n<\/tr>\n<tr>\n<td align=\"center\" valign=\"middle\" width=\"257\">Voltaje (V\/Hz)<\/td>\n<td align=\"center\" valign=\"middle\" width=\"298\">\n<p style=\"text-align: center;\">CA 220\/50 110\/60<\/p>\n<\/td>\n<\/tr>\n<tr>\n<td align=\"center\" valign=\"middle\" width=\"257\">Potencia (W)<\/td>\n<td align=\"center\" valign=\"middle\" width=\"298\">\n<p style=\"text-align: center;\">1700<\/p>\n<\/td>\n<\/tr>\n<tr>\n<td align=\"center\" valign=\"middle\" width=\"257\">Capacidad (sacos\/min)<\/td>\n<td align=\"center\" valign=\"middle\" width=\"298\">\n<p style=\"text-align: center;\">35-75<\/p>\n<\/td>\n<\/tr>\n<tr>\n<td align=\"center\" valign=\"middle\" width=\"257\">Capacidad de embalaje (ml)<\/td>\n<td align=\"center\" valign=\"middle\" width=\"298\">\n<p style=\"text-align: center;\">30-150<\/p>\n<\/td>\n<\/tr>\n<tr>\n<td align=\"center\" valign=\"middle\" width=\"257\">Longitud de la bolsa (mm)<\/td>\n<td align=\"center\" valign=\"middle\" width=\"298\">\n<p style=\"text-align: center;\">80-150<\/p>\n<\/td>\n<\/tr>\n<tr>\n<td align=\"center\" valign=\"middle\" width=\"257\">Ancho de la bolsa (mm)<\/td>\n<td align=\"center\" valign=\"middle\" width=\"298\">\n<p style=\"text-align: center;\">30-110<\/p>\n<\/td>\n<\/tr>\n<tr>\n<td align=\"center\" valign=\"middle\" width=\"257\">Dimensiones externas (L\u00d7W\u00d7H) (mm)<\/td>\n<td align=\"center\" valign=\"middle\" width=\"298\">\n<p style=\"text-align: center;\">790\u00d7600\u00d71780<\/p>\n<\/td>\n<\/tr>\n<tr>\n<td align=\"center\" valign=\"middle\" width=\"257\">Peso neto \/ kg)<\/td>\n<td align=\"center\" valign=\"middle\" width=\"298\">\n<p style=\"text-align: center;\">300<\/p>\n<\/td>\n<\/tr>\n<\/tbody>\n<\/table>\n<p>Modelo:DXDK-40II<\/p>\n<p>Embolsadora Automatica de Granos y polvos DXDK-150\u2161<br \/>\nEsta m\u00e1quina de formado, llenado y sellado vertical es una m\u00e1quina empacadora de tipo el\u00e9ctrico, con un dise\u00f1o compacto y dedicado de Techinery Industry, que atiende a SOHO, peque\u00f1as y medianas empresas operadas por el propietario.<\/p>\n<\/div>\n","protected":false},"featured_media":2927,"template":"","meta":[],"product_brand":[],"product_cat":[217,10730,189],"product_tag":[],"class_list":{"0":"post-2873","1":"product","2":"type-product","3":"status-publish","4":"has-post-thumbnail","6":"product_cat-embolsadora-vertical","7":"product_cat-embolsadoras-automaticas","8":"product_cat-maquina-de-envasado-de-granulos","10":"first","11":"instock","12":"shipping-taxable","13":"product-type-simple"},"_links":{"self":[{"href":"https:\/\/tecnopacks.com.mx\/empaque\/wp-json\/wp\/v2\/product\/2873","targetHints":{"allow":["GET"]}}],"collection":[{"href":"https:\/\/tecnopacks.com.mx\/empaque\/wp-json\/wp\/v2\/product"}],"about":[{"href":"https:\/\/tecnopacks.com.mx\/empaque\/wp-json\/wp\/v2\/types\/product"}],"wp:featuredmedia":[{"embeddable":true,"href":"https:\/\/tecnopacks.com.mx\/empaque\/wp-json\/wp\/v2\/media\/2927"}],"wp:attachment":[{"href":"https:\/\/tecnopacks.com.mx\/empaque\/wp-json\/wp\/v2\/media?parent=2873"}],"wp:term":[{"taxonomy":"product_brand","embeddable":true,"href":"https:\/\/tecnopacks.com.mx\/empaque\/wp-json\/wp\/v2\/product_brand?post=2873"},{"taxonomy":"product_cat","embeddable":true,"href":"https:\/\/tecnopacks.com.mx\/empaque\/wp-json\/wp\/v2\/product_cat?post=2873"},{"taxonomy":"product_tag","embeddable":true,"href":"https:\/\/tecnopacks.com.mx\/empaque\/wp-json\/wp\/v2\/product_tag?post=2873"}],"curies":[{"name":"wp","href":"https:\/\/api.w.org\/{rel}","templated":true}]}}