{"id":2875,"date":"2024-04-05T21:05:02","date_gmt":"2024-04-05T21:05:02","guid":{"rendered":"https:\/\/tecnopacks.com.mx\/empaque\/?post_type=product&#038;p=2875"},"modified":"2026-03-22T04:00:37","modified_gmt":"2026-03-22T04:00:37","slug":"maquina-embolsadora-volumetrica-para-granos-automatica-dxdk-500%e2%85%b1","status":"publish","type":"product","link":"https:\/\/tecnopacks.com.mx\/empaque\/producto\/embolsadoras-automaticas\/maquina-embolsadora-volumetrica-para-granos-automatica-dxdk-500%e2%85%b1\/","title":{"rendered":"M\u00e1quina Embolsadora  Volumetrica para granos  automatica DXDK-500\u2161"},"content":{"rendered":"\n<h1><a href=\"https:\/\/tecnopacks.com.mx\/empaque\/\">M\u00e1quina Embolsadora Volumetrica para granos automatica DXDK-500\u2161<\/a><\/h1>\n<p>Es adecuado para envasar material particular no viscoso y no consolidado, como: alimentos hinchados, alimentos fritos, man\u00ed, semillas de mel\u00f3n, lentejas, arroz, mijo, frijoles, guisantes, trigo sarraceno, jud\u00edas verdes, ma\u00edz, mijo, cebada, dulce, guisante, frijol adzuki, semillas, fertilizantes, az\u00facar, forraje, piensos, ma\u00edz, alimentos recreativos, ferreter\u00eda, sal, glutamato monos\u00f3dico, esencia de pollo, pesticidas, fertilizantes, medicamentos veterinarios, premezcla de piensos, aditivos, part\u00edculas de biomasa, detergente en polvo, etc.<\/p>\n<p>Material de embalaje de la m\u00e1quina de gr\u00e1nulos:<\/p>\n<p>Pel\u00edcula laminada termosellable como PET +PE, papel de aluminio + PE + papel de aluminio + PE, PET + aluminio +PE, papel + PE, etc.<\/p>\n<p>\u25cf La m\u00e1quina se aplica ampliamente para empacar varios tipos de materiales granulares para el peso de empaque de la m\u00e1quina empacadora de gr\u00e1nulos que var\u00eda en gran medida para satisfacer las demandas de los clientes.<\/p>\n<p>\u25cf La m\u00e1quina es f\u00e1cil de operar.<\/p>\n<p>\u25cf No requiere capacitaci\u00f3n para su puesta en marcha, operaci\u00f3n o mantenimiento.<\/p>\n<p>\u25cf \u00a1El manual ilustrado detallado suministrado con la m\u00e1quina es suficiente para hacerlo usted mismo!<\/p>\n<p>\u25cf Los componentes de renombre que se utilizan en la m\u00e1quina garantizan la alta calidad de la m\u00e1quina.<\/p>\n<p>\u25cf La eficiencia de trabajo de la m\u00e1quina es alta y necesita menos consumo de energ\u00eda.<\/p>\n<p>\u25cf Pr\u00e1ctico y listo para usar, montado sobre ruedas giratorias m\u00f3viles.<\/p>\n<p>\u25cf No requiere ninguna instalaci\u00f3n.<\/p>\n<p>\u25cf \u00a1Simplemente col\u00f3quelo donde desee y comience la producci\u00f3n de inmediato!<\/p>\n<p>\u25cf El control de temperatura autom\u00e1tico PID a trav\u00e9s de PLC hace que la temperatura de sellado sea precisa.<\/p>\n<p>\u25cf Bajo nivel de ruido. Las m\u00e1quinas no se pueden escuchar durante la operaci\u00f3n, incluso a una distancia corta.<\/p>\n<p>\u25cf Llenadora de vasos volum\u00e9trica avanzada controlada por PLC para gr\u00e1nulos.<\/p>\n<p><a href=\"https:\/\/impropack.com.mx\/contacto\/\"><strong>Par\u00e1metros:<\/strong><\/a><\/p>\n","protected":false},"excerpt":{"rendered":"<div>\n<table class=\"table\" border=\"0\" width=\"100%\" cellspacing=\"0\" cellpadding=\"0\">\n<tbody>\n<tr class=\"firstRow\">\n<td align=\"center\" valign=\"middle\" width=\"297\"><\/td>\n<td align=\"center\" valign=\"middle\" width=\"262\">\n<p style=\"text-align: center;\">DXDK-500\u2161<\/p>\n<\/td>\n<\/tr>\n<tr>\n<td align=\"center\" valign=\"middle\" width=\"297\">Voltaje (V\/Hz)<\/td>\n<td align=\"center\" valign=\"middle\" width=\"262\">\n<p style=\"text-align: center;\">CA 220\/50 110\/60<\/p>\n<\/td>\n<\/tr>\n<tr>\n<td align=\"center\" valign=\"middle\" width=\"297\">Potencia (W)<\/td>\n<td align=\"center\" valign=\"middle\" width=\"262\">\n<p style=\"text-align: center;\">1700<\/p>\n<\/td>\n<\/tr>\n<tr>\n<td align=\"center\" valign=\"middle\" width=\"297\">Capacidad (sacos\/min)<\/td>\n<td align=\"center\" valign=\"middle\" width=\"262\">\n<p style=\"text-align: center;\">15-70<\/p>\n<\/td>\n<\/tr>\n<tr>\n<td align=\"center\" valign=\"middle\" width=\"297\">Capacidad de embalaje (ml)<\/td>\n<td align=\"center\" valign=\"middle\" width=\"262\">\n<p style=\"text-align: center;\">20-500<\/p>\n<\/td>\n<\/tr>\n<tr>\n<td align=\"center\" valign=\"middle\" width=\"297\">Longitud de la bolsa (mm)<\/td>\n<td align=\"center\" valign=\"middle\" width=\"262\">\n<p style=\"text-align: center;\">50-220<\/p>\n<\/td>\n<\/tr>\n<tr>\n<td align=\"center\" valign=\"middle\" width=\"297\">Ancho de la bolsa (mm)<\/td>\n<td align=\"center\" valign=\"middle\" width=\"262\">\n<p style=\"text-align: center;\">30-150<\/p>\n<\/td>\n<\/tr>\n<tr>\n<td align=\"center\" valign=\"middle\" width=\"297\">Dimensiones externas (L\u00d7W\u00d7H) (mm)<\/td>\n<td align=\"center\" valign=\"middle\" width=\"262\">\n<p style=\"text-align: center;\">1150*860*1850<\/p>\n<\/td>\n<\/tr>\n<tr>\n<td align=\"center\" valign=\"middle\" width=\"297\">Peso neto \/ kg)<\/td>\n<td align=\"center\" valign=\"middle\" width=\"262\">\n<p style=\"text-align: center;\">320<\/p>\n<\/td>\n<\/tr>\n<\/tbody>\n<\/table>\n<\/div>\n<div>M\u00e1quina Embolsadora Volumetrica para granos automatica DXDK-500\u2161<\/div>\n<div class=\"pword\">Modelo:DXDK-150II<br \/>\nEs adecuado para envasar material particular no viscoso y no consolidado, como: alimentos hinchados, alimentos fritos, man\u00ed, semillas de mel\u00f3n, lentejas, arroz, mijo, frijoles, guisantes, trigo sarraceno, jud\u00edas verdes, ma\u00edz, mijo, cebada, dulce, guisante, haba adzuki, semillas, fertilizantes, az\u00facar, forraje, piensos, ma\u00edz, ocio&#8230;<\/div>\n","protected":false},"featured_media":2929,"template":"","meta":[],"product_brand":[],"product_cat":[10730,189],"product_tag":[],"class_list":{"0":"post-2875","1":"product","2":"type-product","3":"status-publish","4":"has-post-thumbnail","6":"product_cat-embolsadoras-automaticas","7":"product_cat-maquina-de-envasado-de-granulos","9":"first","10":"instock","11":"shipping-taxable","12":"product-type-simple"},"_links":{"self":[{"href":"https:\/\/tecnopacks.com.mx\/empaque\/wp-json\/wp\/v2\/product\/2875","targetHints":{"allow":["GET"]}}],"collection":[{"href":"https:\/\/tecnopacks.com.mx\/empaque\/wp-json\/wp\/v2\/product"}],"about":[{"href":"https:\/\/tecnopacks.com.mx\/empaque\/wp-json\/wp\/v2\/types\/product"}],"wp:featuredmedia":[{"embeddable":true,"href":"https:\/\/tecnopacks.com.mx\/empaque\/wp-json\/wp\/v2\/media\/2929"}],"wp:attachment":[{"href":"https:\/\/tecnopacks.com.mx\/empaque\/wp-json\/wp\/v2\/media?parent=2875"}],"wp:term":[{"taxonomy":"product_brand","embeddable":true,"href":"https:\/\/tecnopacks.com.mx\/empaque\/wp-json\/wp\/v2\/product_brand?post=2875"},{"taxonomy":"product_cat","embeddable":true,"href":"https:\/\/tecnopacks.com.mx\/empaque\/wp-json\/wp\/v2\/product_cat?post=2875"},{"taxonomy":"product_tag","embeddable":true,"href":"https:\/\/tecnopacks.com.mx\/empaque\/wp-json\/wp\/v2\/product_tag?post=2875"}],"curies":[{"name":"wp","href":"https:\/\/api.w.org\/{rel}","templated":true}]}}