{"id":2894,"date":"2024-04-05T21:05:24","date_gmt":"2024-04-05T21:05:24","guid":{"rendered":"https:\/\/tecnopacks.com.mx\/empaque\/?post_type=product&#038;p=2894"},"modified":"2026-03-22T03:22:18","modified_gmt":"2026-03-22T03:22:18","slug":"maquina-empaquetadora-automatica-de-tabletas","status":"publish","type":"product","link":"https:\/\/tecnopacks.com.mx\/empaque\/producto\/embolsadoras-automaticas\/maquina-empaquetadora-automatica-de-tabletas\/","title":{"rendered":"M\u00e1quina Empaquetadora de tabletas autom\u00e1tica DXDP-40II"},"content":{"rendered":"\n<h1>M\u00e1quina Empaquetadora de tabletas autom\u00e1tica\u00a0 DXDP-40II<\/h1>\n<p>La <span style=\"text-decoration: underline;\"><em><strong>M\u00e1quina Empaquetadora de Tabletas Autom\u00e1tica DXDP-40II<\/strong><\/em><\/span> realiza todos los trabajos de fabricaci\u00f3n de bolsas, medici\u00f3n, llenado, <a href=\"https:\/\/tecnopacks.com.mx\/empaque\/tienda\/\" target=\"_blank\" rel=\"noopener\">sellado<\/a>, corte, conteo y c\u00f3digos de impresi\u00f3n t\u00e9rmica se pueden realizar autom\u00e1ticamente. Es ajustable y sacude la extensi\u00f3n de la placa de la mesa de conteo.<\/p>\n<p>Solicitud:<\/p>\n<p>\u25cf Es adecuado para el envasado autom\u00e1tico de medicamentos y productos alimenticios, como az\u00facar de mesa, tabletas de medicamentos, pastillas de chocolate y bolas de az\u00facar redondas, etc.<\/p>\n<p>\u25cf Papel\/PE, PT\/PE, pel\u00edcula BOPP y otros laminados sellados calentables, etc.<\/p>\n<p><a href=\"https:\/\/impropack.com.mx\/contacto\/\">par\u00e1metros:<\/a><\/p>\n","protected":false},"excerpt":{"rendered":"<div>\n<p>Par\u00e1metros:<\/p>\n<table class=\"table\" border=\"0\" width=\"100%\" cellspacing=\"0\" cellpadding=\"0\">\n<tbody>\n<tr class=\"firstRow\">\n<td align=\"center\" valign=\"middle\" width=\"299\"><\/td>\n<td align=\"center\" valign=\"middle\" width=\"253\">\n<p style=\"text-align: center;\">DXDP-40II<\/p>\n<\/td>\n<\/tr>\n<tr>\n<td align=\"center\" valign=\"middle\" width=\"299\">Voltaje (V\/Hz)<\/td>\n<td align=\"center\" valign=\"middle\" width=\"253\">\n<p style=\"text-align: center;\">CA 220\/50 110\/60<\/p>\n<\/td>\n<\/tr>\n<tr>\n<td align=\"center\" valign=\"middle\" width=\"299\">Potencia (W)<\/td>\n<td align=\"center\" valign=\"middle\" width=\"253\">\n<p style=\"text-align: center;\">1500<\/p>\n<\/td>\n<\/tr>\n<tr>\n<td align=\"center\" valign=\"middle\" width=\"299\">Capacidad de embalaje (ml)<\/td>\n<td align=\"center\" valign=\"middle\" width=\"253\">\n<p style=\"text-align: center;\">5-40<\/p>\n<\/td>\n<\/tr>\n<tr>\n<td align=\"center\" valign=\"middle\" width=\"299\">Capacidad (sacos\/min)<\/td>\n<td align=\"center\" valign=\"middle\" width=\"253\">\n<p style=\"text-align: center;\">50-90<\/p>\n<\/td>\n<\/tr>\n<tr>\n<td align=\"center\" valign=\"middle\" width=\"299\">Longitud de la bolsa (mm)<\/td>\n<td align=\"center\" valign=\"middle\" width=\"253\">\n<p style=\"text-align: center;\">50-110<\/p>\n<\/td>\n<\/tr>\n<tr>\n<td align=\"center\" valign=\"middle\" width=\"299\">Ancho de la bolsa (mm)<\/td>\n<td align=\"center\" valign=\"middle\" width=\"253\">\n<p style=\"text-align: center;\">30-80<\/p>\n<\/td>\n<\/tr>\n<tr>\n<td align=\"center\" valign=\"middle\" width=\"299\">Dimensiones externas (L\u00d7W\u00d7H) (mm)<\/td>\n<td align=\"center\" valign=\"middle\" width=\"253\">\n<p style=\"text-align: center;\">930\u00d7720\u00d71870<\/p>\n<\/td>\n<\/tr>\n<tr>\n<td align=\"center\" valign=\"middle\" width=\"299\">Peso neto \/ kg)<\/td>\n<td align=\"center\" valign=\"middle\" width=\"253\">\n<p style=\"text-align: center;\">350<\/p>\n<\/td>\n<\/tr>\n<\/tbody>\n<\/table>\n<\/div>\n<div>Maquina Empaquetadora autom\u00e1tica de tabletas DXDP-40II<\/div>\n<div class=\"pword\">Modelo:DXDP-40II<br \/>\nTodos los trabajos de fabricaci\u00f3n de bolsas, medici\u00f3n, llenado, sellado, corte, conteo y c\u00f3digos de impresi\u00f3n t\u00e9rmica se pueden realizar autom\u00e1ticamente. Es ajustable y sacude la extensi\u00f3n de la placa de la mesa de conteo.<\/div>\n<div><\/div>\n<div><\/div>\n<div>Hacemos envios a nivel nacional<\/div>\n<div>Sucursales : Cuidad de Mexico , Guadalajara , Monterrey\u00a0 y Tijuana<\/div>\n","protected":false},"featured_media":2936,"template":"","meta":[],"product_brand":[],"product_cat":[10730,545,191],"product_tag":[794,795,796,793],"class_list":{"0":"post-2894","1":"product","2":"type-product","3":"status-publish","4":"has-post-thumbnail","6":"product_cat-embolsadoras-automaticas","7":"product_cat-empacadora-alto-vacio","8":"product_cat-maquina-de-embalaje-de-tabletas","9":"product_tag-maquina-automatica-de-empaquetado-de-tabletas","10":"product_tag-maquina-de-blister-para-tabletas","11":"product_tag-maquina-de-envasado-farmaceutico","12":"product_tag-maquina-empaquetadora-automatica-de-tabletas","14":"first","15":"instock","16":"shipping-taxable","17":"product-type-simple"},"_links":{"self":[{"href":"https:\/\/tecnopacks.com.mx\/empaque\/wp-json\/wp\/v2\/product\/2894","targetHints":{"allow":["GET"]}}],"collection":[{"href":"https:\/\/tecnopacks.com.mx\/empaque\/wp-json\/wp\/v2\/product"}],"about":[{"href":"https:\/\/tecnopacks.com.mx\/empaque\/wp-json\/wp\/v2\/types\/product"}],"wp:featuredmedia":[{"embeddable":true,"href":"https:\/\/tecnopacks.com.mx\/empaque\/wp-json\/wp\/v2\/media\/2936"}],"wp:attachment":[{"href":"https:\/\/tecnopacks.com.mx\/empaque\/wp-json\/wp\/v2\/media?parent=2894"}],"wp:term":[{"taxonomy":"product_brand","embeddable":true,"href":"https:\/\/tecnopacks.com.mx\/empaque\/wp-json\/wp\/v2\/product_brand?post=2894"},{"taxonomy":"product_cat","embeddable":true,"href":"https:\/\/tecnopacks.com.mx\/empaque\/wp-json\/wp\/v2\/product_cat?post=2894"},{"taxonomy":"product_tag","embeddable":true,"href":"https:\/\/tecnopacks.com.mx\/empaque\/wp-json\/wp\/v2\/product_tag?post=2894"}],"curies":[{"name":"wp","href":"https:\/\/api.w.org\/{rel}","templated":true}]}}