{"id":2897,"date":"2024-04-05T21:05:24","date_gmt":"2024-04-05T21:05:24","guid":{"rendered":"https:\/\/tecnopacks.com.mx\/empaque\/?post_type=product&#038;p=2897"},"modified":"2026-03-22T03:22:37","modified_gmt":"2026-03-22T03:22:37","slug":"embolsadora-automatica-de-toallitas-humedas-dxdb-200","status":"publish","type":"product","link":"https:\/\/tecnopacks.com.mx\/empaque\/producto\/embolsadoras-automaticas\/embolsadora-automatica-de-toallitas-humedas-dxdb-200\/","title":{"rendered":"Embolsadora  autom\u00e1tica de toallitas h\u00famedas DXDB-200"},"content":{"rendered":"\n<h1><a href=\"https:\/\/tecnopacks.com.mx\/empaque\/\"><span style=\"text-decoration: underline;\"><em><strong>Embolsadora autom\u00e1tica de toallitas h\u00famedas DXDB-200<\/strong><\/em><\/span><\/a><\/h1>\n<p>\u25cf La m\u00e1quina es ampliamente utilizada en los campos de aerol\u00edneas, restaurantes, medicinas, materiales de higiene, etc. para empacar parches m\u00e9dicos, pa\u00f1uelos esterilizados, pa\u00f1uelos sanitarios, pa\u00f1uelos fragantes, etc.<\/p>\n<p>\u25cf Incorpora un dispositivo de correcci\u00f3n de desviaci\u00f3n transversal con dos grados de libertad y un sistema de posicionamiento de marca fotoel\u00e9ctrico longitudinal inteligente.<\/p>\n<p>\u25cf El modo de marca registrada continuo y el modo de marca registrada fijo se pueden cambiar libremente. Puede ejecutar autom\u00e1ticamente el ciclo completo de las funciones instaladas, incluido el plegado, formaci\u00f3n, maceraci\u00f3n, corte, impresi\u00f3n, conteo (preestablecido), etc.<\/p>\n<p>\u25cf La bolsa terminada est\u00e1 sellada por los cuatro lados, con una apariencia ordenada.<\/p>\n<p data-pm-slice=\"1 1 []\">La Embolsadora autom\u00e1tica de toallitas h\u00famedas DXDB-200 es una de las m\u00e1quinas m\u00e1s completas y modernas para el envasado de productos de higiene y cuidado personal. En Tecnopack, sabemos que la industria de alimentos, restaurantes, aerol\u00edneas, farmac\u00e9utica y cuidado del hogar necesita soluciones que garanticen rapidez, eficiencia y m\u00e1xima higiene. Por eso ponemos a tu disposici\u00f3n la Embolsadora autom\u00e1tica de toallitas h\u00famedas DXDB-200, un equipo que destaca por su rendimiento y confiabilidad.<\/p>\n<p>\u00a0<\/p>\n<p>La Embolsadora autom\u00e1tica de toallitas h\u00famedas DXDB-200 se utiliza ampliamente para empacar parches m\u00e9dicos, toallitas esterilizadas, toallitas sanitarias, toallitas refrescantes y toallitas fragantes. Su sistema autom\u00e1tico permite producir sachets individuales de manera r\u00e1pida y precisa, asegurando que cada unidad conserve la humedad ideal y cumpla con los est\u00e1ndares de calidad que exige el mercado. En Tecnopack, garantizamos que cada Embolsadora autom\u00e1tica de toallitas h\u00famedas DXDB-200 cumpla con los m\u00e1s altos niveles de seguridad e higiene.<\/p>\n<p>\u00a0<\/p>\n<p>Uno de los puntos fuertes de la Embolsadora autom\u00e1tica de toallitas h\u00famedas DXDB-200 es su construcci\u00f3n robusta y su tecnolog\u00eda de vanguardia. Est\u00e1 fabricada en acero inoxidable, lo que asegura una larga vida \u00fatil, resistencia y f\u00e1cil limpieza, factores indispensables para el cumplimiento de normas sanitarias en la industria alimenticia y m\u00e9dica.<\/p>\n<p>\u00a0<\/p>\n<p>La Embolsadora autom\u00e1tica de toallitas h\u00famedas DXDB-200 es muy f\u00e1cil de operar gracias a su sistema de control digital, que permite ajustar el tama\u00f1o del sobre, la cantidad de l\u00edquido y la velocidad de producci\u00f3n. Esto la convierte en una m\u00e1quina flexible, ideal para empresas peque\u00f1as, medianas o grandes que desean profesionalizar su proceso de empaque sin depender de procesos manuales.<\/p>\n<p>\u00a0<\/p>\n<p>En el sector de alimentos, la Embolsadora autom\u00e1tica de toallitas h\u00famedas DXDB-200 es perfecta para producir toallitas h\u00famedas que acompa\u00f1an a los platillos en restaurantes, cafeter\u00edas y cadenas de comida r\u00e1pida en todo M\u00e9xico. Para las aerol\u00edneas, la Embolsadora autom\u00e1tica de toallitas h\u00famedas DXDB-200 garantiza toallitas individuales de alta calidad, brindando a los pasajeros higiene y confort durante sus viajes. En el sector farmac\u00e9utico, este equipo permite empacar parches m\u00e9dicos y productos esterilizados con total seguridad. Mientras que en el \u00e1rea de cosm\u00e9ticos y cuidado personal, la Embolsadora autom\u00e1tica de toallitas h\u00famedas DXDB-200 se utiliza para toallitas limpiadoras, desmaquillantes y sanitizantes, aumentando el valor de cada marca.<\/p>\n<p>\u00a0<\/p>\n<p>En Tecnopack ofrecemos la Embolsadora autom\u00e1tica de toallitas h\u00famedas DXDB-200 con sucursales en Guadalajara y Monterrey, lo que nos permite brindar un servicio cercano y personalizado. Adem\u00e1s, contamos con cobertura a nivel nacional, realizando env\u00edos a cualquier estado de la Rep\u00fablica Mexicana y respaldando a nuestros clientes con soporte t\u00e9cnico profesional y refacciones inmediata<a href=\"https:\/\/www.youtube.com\/@tecno-pack765\">s.<\/a><\/p>\n<p>\u00a0<\/p>\n<p>Invertir en una Embolsadora autom\u00e1tica de toallitas h\u00famedas DXDB-200 es apostar por la innovaci\u00f3n y la competitividad. Gracias a este equipo, tu empresa lograr\u00e1 agilizar sus procesos de producci\u00f3n, reducir costos de operaci\u00f3n y ofrecer empaques modernos que transmitan confianza al consumidor final. En Tecnopack, nuestra misi\u00f3n es ayudarte a crecer con tecnolog\u00eda de empaque de \u00faltima generaci\u00f3n. La Embolsadora autom\u00e1tica de toallitas h\u00famedas DXDB-200 es la elecci\u00f3n perfecta para quienes buscan calidad, rapidez y respaldo en todo M\u00e9xico.<\/p>\n<p>\u00a0<\/p>\n","protected":false},"excerpt":{"rendered":"<div>Embolsadora autom\u00e1tica de toallitas h\u00famedas DXDB-200<\/div>\n<div class=\"pword\">Modelo:DXDB-200<\/div>\n<div class=\"pword\">\n<p><strong>Par\u00e1metros:<\/strong><\/p>\n<table class=\"table\" border=\"0\" width=\"100%\" cellspacing=\"0\" cellpadding=\"0\">\n<tbody>\n<tr class=\"firstRow\">\n<td align=\"center\" valign=\"middle\" width=\"240\"><\/td>\n<td align=\"center\" valign=\"middle\" width=\"311\">\n<p style=\"text-align: center;\">DXDB-200<\/p>\n<\/td>\n<\/tr>\n<tr>\n<td align=\"center\" valign=\"middle\" width=\"240\">Voltaje (V\/Hz)<\/td>\n<td align=\"center\" valign=\"middle\" width=\"311\">\n<p style=\"text-align: center;\">CA 220\/50<\/p>\n<\/td>\n<\/tr>\n<tr>\n<td align=\"center\" valign=\"middle\" width=\"240\">Potencia (W)<\/td>\n<td align=\"center\" valign=\"middle\" width=\"311\">\n<p style=\"text-align: center;\">2600<\/p>\n<\/td>\n<\/tr>\n<tr>\n<td align=\"center\" valign=\"middle\" width=\"240\">Tipo plegado de tejido h\u00famedo (ml)<\/td>\n<td align=\"center\" valign=\"middle\" width=\"311\">\n<p style=\"text-align: center;\">m\u00e1x. 8 capas longitudinales, 4 capas transversales<\/p>\n<\/td>\n<\/tr>\n<tr>\n<td align=\"center\" valign=\"middle\" width=\"240\">Tama\u00f1o del tejido h\u00famedo (mm)<\/td>\n<td align=\"center\" valign=\"middle\" width=\"311\">\n<p style=\"text-align: center;\">(L) 80-220 (W) 70-220<\/p>\n<\/td>\n<\/tr>\n<tr>\n<td align=\"center\" valign=\"middle\" width=\"240\">Tama\u00f1o de la bolsa (mm)<\/td>\n<td align=\"center\" valign=\"middle\" width=\"311\">\n<p style=\"text-align: center;\">(L) 45-125 (An) 50-110<\/p>\n<\/td>\n<\/tr>\n<tr>\n<td align=\"center\" valign=\"middle\" width=\"240\">Capacidad (sacos\/min)<\/td>\n<td align=\"center\" valign=\"middle\" width=\"311\">\n<p style=\"text-align: center;\">50-90<\/p>\n<\/td>\n<\/tr>\n<tr>\n<td align=\"center\" valign=\"middle\" width=\"240\">Dimensiones externas (L\u00d7W\u00d7H) (mm)<\/td>\n<td align=\"center\" valign=\"middle\" width=\"311\">\n<p style=\"text-align: center;\">900 \u00d7 1400 \u00d7 2040<\/p>\n<\/td>\n<\/tr>\n<tr>\n<td align=\"center\" valign=\"middle\" width=\"240\">Peso neto \/ kg)<\/td>\n<td align=\"center\" valign=\"middle\" width=\"311\">\n<p style=\"text-align: center;\">800<\/p>\n<\/td>\n<\/tr>\n<\/tbody>\n<\/table>\n<p>La m\u00e1quina es ampliamente utilizada en los campos de aerol\u00edneas, restaurantes, medicina, materiales de higiene, etc. para empacar parches m\u00e9dicos, pa\u00f1uelos esterilizados, pa\u00f1uelos sanitarios, pa\u00f1uelos fragantes, etc.<\/p>\n<\/div>\n<div><\/div>\n<div>Hacemos envios a nivel nacional<\/div>\n<div>Sucursales : Cuidad de Mexico , Monterrey , Guadalajara y Tijuana<\/div>\n","protected":false},"featured_media":2951,"template":"","meta":[],"product_brand":[],"product_cat":[10730,191],"product_tag":[5359,5407,5404,5406,5366,5368,5394,5398,5401,5405,5367,5369,5363,5396,5395,5397,5360,5364,5371,5373,5390,5377,5388,5389,5392,5376,5380,5375,5374,5393,5381,5372,5378,5379,5385,5383,5387,5384,5386,5382,5408,5391,5361,5403,5365,5399,5400,5370,5362,5402],"class_list":{"0":"post-2897","1":"product","2":"type-product","3":"status-publish","4":"has-post-thumbnail","6":"product_cat-embolsadoras-automaticas","7":"product_cat-maquina-de-embalaje-de-tabletas","8":"product_tag-embolsadora-automatica-de-toallitas-humedas-dxdb-200","9":"product_tag-embolsadora-automatica-de-toallitas-humedas-dxdb-200-ahorro-de-tiempo","10":"product_tag-embolsadora-automatica-de-toallitas-humedas-dxdb-200-alta-produccion","11":"product_tag-embolsadora-automatica-de-toallitas-humedas-dxdb-200-calidad-industrial","12":"product_tag-embolsadora-automatica-de-toallitas-humedas-dxdb-200-cobertura-nacional","13":"product_tag-embolsadora-automatica-de-toallitas-humedas-dxdb-200-con-garantia","14":"product_tag-embolsadora-automatica-de-toallitas-humedas-dxdb-200-con-soporte-tecnico","15":"product_tag-embolsadora-automatica-de-toallitas-humedas-dxdb-200-cotizacion","16":"product_tag-embolsadora-automatica-de-toallitas-humedas-dxdb-200-distribuidor-mexico","17":"product_tag-embolsadora-automatica-de-toallitas-humedas-dxdb-200-eficiente","18":"product_tag-embolsadora-automatica-de-toallitas-humedas-dxdb-200-en-mexico","19":"product_tag-embolsadora-automatica-de-toallitas-humedas-dxdb-200-ficha-tecnica","20":"product_tag-embolsadora-automatica-de-toallitas-humedas-dxdb-200-guadalajara","21":"product_tag-embolsadora-automatica-de-toallitas-humedas-dxdb-200-instalacion-guadalajara","22":"product_tag-embolsadora-automatica-de-toallitas-humedas-dxdb-200-instalacion-monterrey","23":"product_tag-embolsadora-automatica-de-toallitas-humedas-dxdb-200-mantenimiento-mexico","24":"product_tag-embolsadora-automatica-de-toallitas-humedas-dxdb-200-mexico","25":"product_tag-embolsadora-automatica-de-toallitas-humedas-dxdb-200-monterrey","26":"product_tag-embolsadora-automatica-de-toallitas-humedas-dxdb-200-nueva","27":"product_tag-embolsadora-automatica-de-toallitas-humedas-dxdb-200-para-aerolineas","28":"product_tag-embolsadora-automatica-de-toallitas-humedas-dxdb-200-para-bebes","29":"product_tag-embolsadora-automatica-de-toallitas-humedas-dxdb-200-para-clinicas","30":"product_tag-embolsadora-automatica-de-toallitas-humedas-dxdb-200-para-cosmeticos","31":"product_tag-embolsadora-automatica-de-toallitas-humedas-dxdb-200-para-cuidado-personal","32":"product_tag-embolsadora-automatica-de-toallitas-humedas-dxdb-200-para-fabricas","33":"product_tag-embolsadora-automatica-de-toallitas-humedas-dxdb-200-para-farmacias","34":"product_tag-embolsadora-automatica-de-toallitas-humedas-dxdb-200-para-higiene-personal","35":"product_tag-embolsadora-automatica-de-toallitas-humedas-dxdb-200-para-hospitales","36":"product_tag-embolsadora-automatica-de-toallitas-humedas-dxdb-200-para-hoteles","37":"product_tag-embolsadora-automatica-de-toallitas-humedas-dxdb-200-para-produccion-masiva","38":"product_tag-embolsadora-automatica-de-toallitas-humedas-dxdb-200-para-productos-medicos","39":"product_tag-embolsadora-automatica-de-toallitas-humedas-dxdb-200-para-restaurantes","40":"product_tag-embolsadora-automatica-de-toallitas-humedas-dxdb-200-para-spas","41":"product_tag-embolsadora-automatica-de-toallitas-humedas-dxdb-200-para-supermercados","42":"product_tag-embolsadora-automatica-de-toallitas-humedas-dxdb-200-para-toallitas-de-limpieza","43":"product_tag-embolsadora-automatica-de-toallitas-humedas-dxdb-200-para-toallitas-desinfectantes","44":"product_tag-embolsadora-automatica-de-toallitas-humedas-dxdb-200-para-toallitas-faciales","45":"product_tag-embolsadora-automatica-de-toallitas-humedas-dxdb-200-para-toallitas-humedas-antibacteriales","46":"product_tag-embolsadora-automatica-de-toallitas-humedas-dxdb-200-para-toallitas-para-manos","47":"product_tag-embolsadora-automatica-de-toallitas-humedas-dxdb-200-para-toallitas-sanitarias","48":"product_tag-embolsadora-automatica-de-toallitas-humedas-dxdb-200-para-todo-el-pais","49":"product_tag-embolsadora-automatica-de-toallitas-humedas-dxdb-200-para-uso-industrial","50":"product_tag-embolsadora-automatica-de-toallitas-humedas-dxdb-200-precio","51":"product_tag-embolsadora-automatica-de-toallitas-humedas-dxdb-200-precio-mexico","52":"product_tag-embolsadora-automatica-de-toallitas-humedas-dxdb-200-tecnopack","53":"product_tag-embolsadora-automatica-de-toallitas-humedas-dxdb-200-tecnopack-guadalajara","54":"product_tag-embolsadora-automatica-de-toallitas-humedas-dxdb-200-tecnopack-monterrey","55":"product_tag-embolsadora-automatica-de-toallitas-humedas-dxdb-200-usada","56":"product_tag-embolsadora-automatica-de-toallitas-humedas-dxdb-200-venta","57":"product_tag-embolsadora-automatica-de-toallitas-humedas-dxdb-200-venta-nacional","59":"first","60":"instock","61":"shipping-taxable","62":"product-type-simple"},"_links":{"self":[{"href":"https:\/\/tecnopacks.com.mx\/empaque\/wp-json\/wp\/v2\/product\/2897","targetHints":{"allow":["GET"]}}],"collection":[{"href":"https:\/\/tecnopacks.com.mx\/empaque\/wp-json\/wp\/v2\/product"}],"about":[{"href":"https:\/\/tecnopacks.com.mx\/empaque\/wp-json\/wp\/v2\/types\/product"}],"wp:featuredmedia":[{"embeddable":true,"href":"https:\/\/tecnopacks.com.mx\/empaque\/wp-json\/wp\/v2\/media\/2951"}],"wp:attachment":[{"href":"https:\/\/tecnopacks.com.mx\/empaque\/wp-json\/wp\/v2\/media?parent=2897"}],"wp:term":[{"taxonomy":"product_brand","embeddable":true,"href":"https:\/\/tecnopacks.com.mx\/empaque\/wp-json\/wp\/v2\/product_brand?post=2897"},{"taxonomy":"product_cat","embeddable":true,"href":"https:\/\/tecnopacks.com.mx\/empaque\/wp-json\/wp\/v2\/product_cat?post=2897"},{"taxonomy":"product_tag","embeddable":true,"href":"https:\/\/tecnopacks.com.mx\/empaque\/wp-json\/wp\/v2\/product_tag?post=2897"}],"curies":[{"name":"wp","href":"https:\/\/api.w.org\/{rel}","templated":true}]}}