{"id":2899,"date":"2024-04-05T21:05:24","date_gmt":"2024-04-05T21:05:24","guid":{"rendered":"https:\/\/tecnopacks.com.mx\/empaque\/?post_type=product&#038;p=2899"},"modified":"2026-03-22T03:21:46","modified_gmt":"2026-03-22T03:21:46","slug":"maquina-embolsadora-de-liquidos-polietileno-dxdy-1000aiii","status":"publish","type":"product","link":"https:\/\/tecnopacks.com.mx\/empaque\/producto\/embolsadora-vertical\/maquina-embolsadora-de-liquidos-polietileno-dxdy-1000aiii\/","title":{"rendered":"Embolsadora de Liquidos  tipo bolis de Polietileno DXDY-1000AIII"},"content":{"rendered":"\n<h1><a href=\"https:\/\/tecnopacks.com.mx\/empaque\/\">M\u00e1quina Embolsadora de Liquidos Polietileno DXDY-1000AIII<\/a><\/h1>\n<p>Esta m\u00e1quina, apta para salsa de soja, vinagre, jugo, leche y otros l\u00edquidos, utiliza pel\u00edcula de PE. Todos los procesos, como el moldeado, la fabricaci\u00f3n de bolsas, el llenado cuantitativo, la impresi\u00f3n de tinta y el sellado son autom\u00e1ticos. La pel\u00edcula se desinfecta con UV antes del embalaje (OPCIONAL), y toda la m\u00e1quina cumple con los requisitos de salud alimentaria de la internacional.<\/p>\n<p>\u25cf Selecci\u00f3n de componentes de alta calidad, para garantizar que la m\u00e1quina funcione con alta estabilidad y poca falla.<\/p>\n<p>\u25cf Tantos tipos de modelos de sellado, como sellado medio, sellado de bordes, sellado de cuatro lados, bolsas de doble color, etc.<\/p>\n<p>\u25cf Puede ajustar la longitud de la bolsa y no necesita reemplazar el departamento.<\/p>\n<p><a href=\"https:\/\/impropack.com.mx\/contacto\/\"><strong>Par\u00e1metros:<\/strong><\/a><\/p>\n","protected":false},"excerpt":{"rendered":"<div>\n<p>&nbsp;<\/p>\n<table class=\"table\" border=\"0\" width=\"100%\" cellspacing=\"0\" cellpadding=\"0\">\n<tbody>\n<tr class=\"firstRow\">\n<td align=\"center\" valign=\"middle\"><\/td>\n<td align=\"center\" valign=\"middle\">DXDY-1000AIII<\/td>\n<\/tr>\n<tr>\n<td align=\"center\" valign=\"middle\">Voltaje (V\/Hz)<\/td>\n<td align=\"center\" valign=\"middle\">CA 220\/50 o 380\/50<\/td>\n<\/tr>\n<tr>\n<td align=\"center\" valign=\"middle\">Potencia (W)<\/td>\n<td align=\"center\" valign=\"middle\">1200<\/td>\n<\/tr>\n<tr>\n<td align=\"center\" valign=\"middle\">Capacidad (sacos\/h)<\/td>\n<td align=\"center\" valign=\"middle\">1000<\/td>\n<\/tr>\n<tr>\n<td align=\"center\" valign=\"middle\">Capacidad de embalaje (ml)<\/td>\n<td align=\"center\" valign=\"middle\">200-1000<\/td>\n<\/tr>\n<tr>\n<td align=\"center\" valign=\"middle\">Ancho de pel\u00edcula (mm)<\/td>\n<td align=\"center\" valign=\"middle\">240\/320<\/td>\n<\/tr>\n<tr>\n<td align=\"center\" valign=\"middle\">Tama\u00f1o de la bolsa (mm) (L*W)<\/td>\n<td align=\"center\" valign=\"middle\">(50-205) \u00d7(50-170)<\/td>\n<\/tr>\n<tr>\n<td align=\"center\" valign=\"middle\">material de pelicula<\/td>\n<td align=\"center\" valign=\"middle\">Pel\u00edcula de PE simple<\/td>\n<\/tr>\n<tr>\n<td align=\"center\" valign=\"middle\">Dimensiones externas (L\u00d7W\u00d7H) (mm)<\/td>\n<td align=\"center\" valign=\"middle\">950\u00d7850\u00d71900<\/td>\n<\/tr>\n<tr>\n<td align=\"center\" valign=\"middle\">Peso neto \/ kg)<\/td>\n<td align=\"center\" valign=\"middle\">420<\/td>\n<\/tr>\n<\/tbody>\n<\/table>\n<\/div>\n<div>M\u00e1quina Embolsadora de Liquidos Polietileno DXDY-1000AIII<\/div>\n<div class=\"pword\">Modelo:DXDY-1000AIII<br \/>\nEsta m\u00e1quina, apta para salsa de soja, vinagre, jugo, leche y otros l\u00edquidos, utiliza pel\u00edcula de PE. Todos los procesos, como el moldeado, la fabricaci\u00f3n de bolsas, el llenado cuantitativo, la impresi\u00f3n de tinta, el sellado son autom\u00e1ticos.<\/div>\n<div>hacemos envios a nivel nacional<\/div>\n<div><\/div>\n<div>sucursales\u00a0 Cuidad de mexico, Monterrey , Guadalajara y tijuana<\/div>\n","protected":false},"featured_media":2953,"template":"","meta":[],"product_brand":[],"product_cat":[217,10730,192],"product_tag":[],"class_list":{"0":"post-2899","1":"product","2":"type-product","3":"status-publish","4":"has-post-thumbnail","6":"product_cat-embolsadora-vertical","7":"product_cat-embolsadoras-automaticas","8":"product_cat-maquina-envasadora-de-liquidos","10":"first","11":"instock","12":"shipping-taxable","13":"product-type-simple"},"_links":{"self":[{"href":"https:\/\/tecnopacks.com.mx\/empaque\/wp-json\/wp\/v2\/product\/2899","targetHints":{"allow":["GET"]}}],"collection":[{"href":"https:\/\/tecnopacks.com.mx\/empaque\/wp-json\/wp\/v2\/product"}],"about":[{"href":"https:\/\/tecnopacks.com.mx\/empaque\/wp-json\/wp\/v2\/types\/product"}],"wp:featuredmedia":[{"embeddable":true,"href":"https:\/\/tecnopacks.com.mx\/empaque\/wp-json\/wp\/v2\/media\/2953"}],"wp:attachment":[{"href":"https:\/\/tecnopacks.com.mx\/empaque\/wp-json\/wp\/v2\/media?parent=2899"}],"wp:term":[{"taxonomy":"product_brand","embeddable":true,"href":"https:\/\/tecnopacks.com.mx\/empaque\/wp-json\/wp\/v2\/product_brand?post=2899"},{"taxonomy":"product_cat","embeddable":true,"href":"https:\/\/tecnopacks.com.mx\/empaque\/wp-json\/wp\/v2\/product_cat?post=2899"},{"taxonomy":"product_tag","embeddable":true,"href":"https:\/\/tecnopacks.com.mx\/empaque\/wp-json\/wp\/v2\/product_tag?post=2899"}],"curies":[{"name":"wp","href":"https:\/\/api.w.org\/{rel}","templated":true}]}}