{"id":2918,"date":"2024-04-05T21:05:46","date_gmt":"2024-04-05T21:05:46","guid":{"rendered":"https:\/\/tecnopacks.com.mx\/empaque\/?post_type=product&#038;p=2918"},"modified":"2026-03-22T03:20:46","modified_gmt":"2026-03-22T03:20:46","slug":"maquina-empacadora-de-bolsitas-de-te-piramidal","status":"publish","type":"product","link":"https:\/\/tecnopacks.com.mx\/empaque\/producto\/embolsadora-vertical\/maquina-empacadora-de-bolsitas-de-te-piramidal\/","title":{"rendered":"M\u00e1quina empacadora de bolsitas de t\u00e9 piramidal DXDK-100ZII"},"content":{"rendered":"\n<h1><a href=\"https:\/\/tecnopacks.com.mx\/empaque\/tienda\/\">M\u00e1quina empacadora de bolsitas de t\u00e9 piramidal DXDK-100ZII<\/a><\/h1>\n<p>\u25cf La forma de la bolsa terminada es piramidal.<\/p>\n<p>\u25cf Alto rendimiento<\/p>\n<p>\u25cf Fiabilidad y sencillez.<\/p>\n<p>\u25cf Funci\u00f3n de cambio de tama\u00f1o f\u00e1cil y r\u00e1pido<\/p>\n<p><a href=\"https:\/\/impropack.com.mx\/contacto\/\">\u25cf Cualquier aver\u00eda se puede localizar inmediatamente.<\/a><\/p>\n<p><strong>Sucursales: Guadalajara, Cuidad de mexico , Monterrey y Tijuana <\/strong><\/p>\n","protected":false},"excerpt":{"rendered":"<div>M\u00e1quina empacadora de bolsitas de t\u00e9 piramidal DXDK-100ZII<\/div>\n<div class=\"pword\">Modelo:DXDK-100ZII<br \/>\n\u25cf La forma de la bolsa terminada es piramidal.<br \/>\n\u25cf Alto rendimiento<br \/>\n\u25cf Fiabilidad y sencillez.<\/div>\n<div>\n<p><strong>Par\u00e1metros:<\/strong><\/p>\n<table class=\"table\" border=\"0\" width=\"100%\" cellspacing=\"0\" cellpadding=\"0\">\n<tbody>\n<tr class=\"firstRow\">\n<td align=\"center\" valign=\"middle\"><\/td>\n<td align=\"center\" valign=\"middle\">DXDK-100ZII<\/td>\n<\/tr>\n<tr>\n<td align=\"center\" valign=\"middle\">Voltaje (V\/Hz)<\/td>\n<td align=\"center\" valign=\"middle\">CA 220\/50 110\/60<\/td>\n<\/tr>\n<tr>\n<td align=\"center\" valign=\"middle\">Potencia (W)<\/td>\n<td align=\"center\" valign=\"middle\">2100<\/td>\n<\/tr>\n<tr>\n<td align=\"center\" valign=\"middle\">Capacidad de embalaje (ml)<\/td>\n<td align=\"center\" valign=\"middle\">15-100<\/td>\n<\/tr>\n<tr>\n<td align=\"center\" valign=\"middle\">Objeto de embalaje<\/td>\n<td align=\"center\" valign=\"middle\">gr\u00e1nulo<\/td>\n<\/tr>\n<tr>\n<td align=\"center\" valign=\"middle\">Capacidad del producto (bolsas\/min)<\/td>\n<td align=\"center\" valign=\"middle\">35-70<\/td>\n<\/tr>\n<tr>\n<td align=\"center\" valign=\"middle\">Longitud de la bolsa (mm)<\/td>\n<td align=\"center\" valign=\"middle\">50-80<\/td>\n<\/tr>\n<tr>\n<td align=\"center\" valign=\"middle\">Ancho de la bolsa (mm)<\/td>\n<td align=\"center\" valign=\"middle\">30-80<\/td>\n<\/tr>\n<tr>\n<td align=\"center\" valign=\"middle\">Dimensiones externas (L\u00d7W\u00d7H) (mm)<\/td>\n<td align=\"center\" valign=\"middle\">1100\u00d7950\u00d71900<\/td>\n<\/tr>\n<tr>\n<td align=\"center\" valign=\"middle\">Peso neto \/ kg)<\/td>\n<td align=\"center\" valign=\"middle\">450<\/td>\n<\/tr>\n<\/tbody>\n<\/table>\n<\/div>\n","protected":false},"featured_media":2960,"template":"","meta":[],"product_brand":[],"product_cat":[217,10730,193],"product_tag":[],"class_list":{"0":"post-2918","1":"product","2":"type-product","3":"status-publish","4":"has-post-thumbnail","6":"product_cat-embolsadora-vertical","7":"product_cat-embolsadoras-automaticas","8":"product_cat-maquina-de-embalaje-piramidal","10":"first","11":"instock","12":"shipping-taxable","13":"product-type-simple"},"_links":{"self":[{"href":"https:\/\/tecnopacks.com.mx\/empaque\/wp-json\/wp\/v2\/product\/2918","targetHints":{"allow":["GET"]}}],"collection":[{"href":"https:\/\/tecnopacks.com.mx\/empaque\/wp-json\/wp\/v2\/product"}],"about":[{"href":"https:\/\/tecnopacks.com.mx\/empaque\/wp-json\/wp\/v2\/types\/product"}],"wp:featuredmedia":[{"embeddable":true,"href":"https:\/\/tecnopacks.com.mx\/empaque\/wp-json\/wp\/v2\/media\/2960"}],"wp:attachment":[{"href":"https:\/\/tecnopacks.com.mx\/empaque\/wp-json\/wp\/v2\/media?parent=2918"}],"wp:term":[{"taxonomy":"product_brand","embeddable":true,"href":"https:\/\/tecnopacks.com.mx\/empaque\/wp-json\/wp\/v2\/product_brand?post=2918"},{"taxonomy":"product_cat","embeddable":true,"href":"https:\/\/tecnopacks.com.mx\/empaque\/wp-json\/wp\/v2\/product_cat?post=2918"},{"taxonomy":"product_tag","embeddable":true,"href":"https:\/\/tecnopacks.com.mx\/empaque\/wp-json\/wp\/v2\/product_tag?post=2918"}],"curies":[{"name":"wp","href":"https:\/\/api.w.org\/{rel}","templated":true}]}}