{"id":2920,"date":"2024-04-05T21:05:46","date_gmt":"2024-04-05T21:05:46","guid":{"rendered":"https:\/\/tecnopacks.com.mx\/empaque\/?post_type=product&#038;p=2920"},"modified":"2026-03-22T03:19:30","modified_gmt":"2026-03-22T03:19:30","slug":"maquina-automatica-de-envasado-piramidal-para-chocolates-o-semillas-dxdf-100zax","status":"publish","type":"product","link":"https:\/\/tecnopacks.com.mx\/empaque\/producto\/embolsadoras-automaticas\/maquina-automatica-de-envasado-piramidal-para-chocolates-o-semillas-dxdf-100zax\/","title":{"rendered":"Envasadora Vertical piramidal para chocolates o semillas DXDF-100ZAX"},"content":{"rendered":"\n<h1><a href=\"https:\/\/tecnopacks.com.mx\/empaque\/tienda\/\">M\u00e1quina autom\u00e1tica de envasado piramidal para chocolates o semillas DXDF-100ZAX<\/a><\/h1>\n<p>\u25cf Se realiza el pesaje continuo del material dispensado a trav\u00e9s del tornillo (llenado en la bolsa) y se env\u00eda la retroalimentaci\u00f3n al controlador de la unidad de tornillo. El software especialmente desarrollado para este equipo de embalaje controla con precisi\u00f3n el momento del tornillo dando as\u00ed un peso exacto.<\/p>\n<p>\u25cf Adopta un ajuste continuo de la longitud de la bolsa.<\/p>\n<p>\u25cf La forma de la bolsa terminada es piramidal.<\/p>\n<p>\u00a0<\/p>\n<p><a href=\"https:\/\/impropack.com.mx\/contacto\/\">Sucursales. guadalajara, Cuidad de Mexico, Tijuana y Monterrey\u00a0<\/a><\/p>\n","protected":false},"excerpt":{"rendered":"<div>\n<p><strong>Par\u00e1metros:<\/strong><\/p>\n<table class=\"table\" border=\"0\" width=\"100%\" cellspacing=\"0\" cellpadding=\"0\">\n<tbody>\n<tr class=\"firstRow\">\n<td align=\"center\" valign=\"middle\"><\/td>\n<td align=\"center\" valign=\"middle\">DXDF-100ZAX<\/td>\n<\/tr>\n<tr>\n<td align=\"center\" valign=\"middle\">Voltaje (V\/Hz)<\/td>\n<td align=\"center\" valign=\"middle\">CA 220\/50 110\/60<\/td>\n<\/tr>\n<tr>\n<td align=\"center\" valign=\"middle\">Potencia (W)<\/td>\n<td align=\"center\" valign=\"middle\">2000<\/td>\n<\/tr>\n<tr>\n<td align=\"center\" valign=\"middle\">Capacidad de embalaje (ml)<\/td>\n<td align=\"center\" valign=\"middle\">10-100<\/td>\n<\/tr>\n<tr>\n<td align=\"center\" valign=\"middle\">Objeto de embalaje<\/td>\n<td align=\"center\" valign=\"middle\">Polvo<\/td>\n<\/tr>\n<tr>\n<td align=\"center\" valign=\"middle\">Capacidad del producto (bolsas\/min)<\/td>\n<td align=\"center\" valign=\"middle\">20-40<\/td>\n<\/tr>\n<tr>\n<td align=\"center\" valign=\"middle\">Longitud de la bolsa (mm)<\/td>\n<td align=\"center\" valign=\"middle\">50-80<\/td>\n<\/tr>\n<tr>\n<td align=\"center\" valign=\"middle\">Ancho de la bolsa (mm)<\/td>\n<td align=\"center\" valign=\"middle\">30-80<\/td>\n<\/tr>\n<tr>\n<td align=\"center\" valign=\"middle\">Dimensiones externas (L\u00d7W\u00d7H) (mm)<\/td>\n<td align=\"center\" valign=\"middle\">1130\u00d7860\u00d71950<\/td>\n<\/tr>\n<tr>\n<td align=\"center\" valign=\"middle\">Peso neto \/ kg)<\/td>\n<td align=\"center\" valign=\"middle\">375<\/td>\n<\/tr>\n<\/tbody>\n<\/table>\n<\/div>\n<div>M\u00e1quina autom\u00e1tica de envasado piramidal para chocolates o semillas DXDF-100ZAX<\/div>\n<div class=\"pword\">Modelo:DXDF-100ZAX<br \/>\nSe realiza el pesaje continuo del material dispensado a trav\u00e9s del tornillo (llenado en la bolsa) y se env\u00eda la retroalimentaci\u00f3n al controlador de la unidad de tornillo.<\/div>\n<div><\/div>\n<div>hacemos envios a toda la republica mexicana<\/div>\n","protected":false},"featured_media":2974,"template":"","meta":[],"product_brand":[],"product_cat":[10730,193],"product_tag":[],"class_list":{"0":"post-2920","1":"product","2":"type-product","3":"status-publish","4":"has-post-thumbnail","6":"product_cat-embolsadoras-automaticas","7":"product_cat-maquina-de-embalaje-piramidal","9":"first","10":"instock","11":"shipping-taxable","12":"product-type-simple"},"_links":{"self":[{"href":"https:\/\/tecnopacks.com.mx\/empaque\/wp-json\/wp\/v2\/product\/2920","targetHints":{"allow":["GET"]}}],"collection":[{"href":"https:\/\/tecnopacks.com.mx\/empaque\/wp-json\/wp\/v2\/product"}],"about":[{"href":"https:\/\/tecnopacks.com.mx\/empaque\/wp-json\/wp\/v2\/types\/product"}],"wp:featuredmedia":[{"embeddable":true,"href":"https:\/\/tecnopacks.com.mx\/empaque\/wp-json\/wp\/v2\/media\/2974"}],"wp:attachment":[{"href":"https:\/\/tecnopacks.com.mx\/empaque\/wp-json\/wp\/v2\/media?parent=2920"}],"wp:term":[{"taxonomy":"product_brand","embeddable":true,"href":"https:\/\/tecnopacks.com.mx\/empaque\/wp-json\/wp\/v2\/product_brand?post=2920"},{"taxonomy":"product_cat","embeddable":true,"href":"https:\/\/tecnopacks.com.mx\/empaque\/wp-json\/wp\/v2\/product_cat?post=2920"},{"taxonomy":"product_tag","embeddable":true,"href":"https:\/\/tecnopacks.com.mx\/empaque\/wp-json\/wp\/v2\/product_tag?post=2920"}],"curies":[{"name":"wp","href":"https:\/\/api.w.org\/{rel}","templated":true}]}}