{"id":2922,"date":"2024-04-05T21:05:46","date_gmt":"2024-04-05T21:05:46","guid":{"rendered":"https:\/\/tecnopacks.com.mx\/empaque\/?post_type=product&#038;p=2922"},"modified":"2026-03-22T03:19:51","modified_gmt":"2026-03-22T03:19:51","slug":"maquina-embolsadora-para-multicabezal-heavy-duty","status":"publish","type":"product","link":"https:\/\/tecnopacks.com.mx\/empaque\/producto\/embolsadoras-automaticas\/maquina-embolsadora-para-multicabezal-heavy-duty\/","title":{"rendered":"Maquina Embolsadora para Multicabezal HEAVY DUTY"},"content":{"rendered":"\n<h1><a href=\"https:\/\/tecnopacks.com.mx\/empaque\/\"><span style=\"text-decoration: underline;\"><em><strong>Maquina Embolsadora para Multicabezal HEAVY DUTY<\/strong><\/em><\/span><\/a><\/h1>\n<p>Ha sido dise\u00f1ado para satisfacer la demanda de grandes tarifas. Flexibilidad, facilidad de mantenimiento, facilidad de configuraci\u00f3n, sincronizaci\u00f3n con los sistemas de potencia, flexibilidad y funcionamiento silencioso han sido nuestras prioridades en el dise\u00f1o de esta m\u00e1quina. Proporciona una producci\u00f3n de hasta 10-40 bolsas\/minuto.<\/p>\n<p>Es un sistema vertical para stick packs, que combina todas las caracter\u00edsticas de una m\u00e1quina de construcci\u00f3n s\u00f3lida, robusta y fiable. La posibilidad de equipar diferentes tipos de dosificadores espec\u00edficos para productos granulados la convierte en una m\u00e1quina extremadamente vers\u00e1til, apta para todos los uso<a href=\"https:\/\/www.youtube.com\/@tecno-pack765\">s<\/a>.<\/p>\n","protected":false},"excerpt":{"rendered":"<div>\n<p><strong>Par\u00e1metros:<\/strong><\/p>\n<table class=\"table\" border=\"0\" width=\"100%\" cellspacing=\"0\" cellpadding=\"0\">\n<tbody>\n<tr class=\"firstRow\">\n<td align=\"center\" valign=\"middle\" width=\"187\">Tipo<\/td>\n<td align=\"center\" valign=\"middle\" width=\"380\">\n<p style=\"text-align: center;\">HLNV-520<\/p>\n<\/td>\n<\/tr>\n<tr>\n<td align=\"center\" valign=\"middle\" width=\"187\">Ancho de pel\u00edcula<\/td>\n<td align=\"center\" valign=\"middle\" width=\"380\">\n<p style=\"text-align: center;\">250-520 mm (m\u00e1ximo)<\/p>\n<\/td>\n<\/tr>\n<tr>\n<td align=\"center\" valign=\"middle\" width=\"187\">Longitud del saco<\/td>\n<td align=\"center\" valign=\"middle\" width=\"380\">\n<p style=\"text-align: center;\">80-350 mm<\/p>\n<\/td>\n<\/tr>\n<tr>\n<td align=\"center\" valign=\"middle\" width=\"187\">Ancho de la bolsa<\/td>\n<td align=\"center\" valign=\"middle\" width=\"380\">\n<p style=\"text-align: center;\">80-150 mm<\/p>\n<\/td>\n<\/tr>\n<tr>\n<td align=\"center\" valign=\"middle\" width=\"187\">Di\u00e1metro del rollo de pel\u00edcula<\/td>\n<td align=\"center\" valign=\"middle\" width=\"380\">\n<p style=\"text-align: center;\">320 mm (m\u00e1ximo)<\/p>\n<\/td>\n<\/tr>\n<tr>\n<td align=\"center\" valign=\"middle\" width=\"187\">Velocidad de envasado<\/td>\n<td align=\"center\" valign=\"middle\" width=\"380\">\n<p style=\"text-align: center;\">10-40 bolsas\/minuto (seg\u00fan condiciones del producto)<\/p>\n<\/td>\n<\/tr>\n<tr>\n<td align=\"center\" valign=\"middle\" width=\"187\">Rango de medida<\/td>\n<td align=\"center\" valign=\"middle\" width=\"380\">\n<p style=\"text-align: center;\">150ml-2000ml<\/p>\n<\/td>\n<\/tr>\n<tr>\n<td align=\"center\" valign=\"middle\" width=\"187\">Fuerza<\/td>\n<td align=\"center\" valign=\"middle\" width=\"380\">\n<p style=\"text-align: center;\">220V, 50\/60H, 3kW<\/p>\n<\/td>\n<\/tr>\n<tr>\n<td align=\"center\" valign=\"middle\" width=\"187\">Tama\u00f1o de la m\u00e1quina (L x An x Al)<\/td>\n<td align=\"center\" valign=\"middle\" width=\"380\">\n<p style=\"text-align: center;\">1492x1255x2184mm<\/p>\n<\/td>\n<\/tr>\n<\/tbody>\n<\/table>\n<\/div>\n<div class=\"pword\">Modelo:HLNV-520<br \/>\nHa sido dise\u00f1ado para satisfacer la demanda de grandes tarifas. Flexibilidad, facilidad de mantenimiento, facilidad de configuraci\u00f3n, sincronizaci\u00f3n con los sistemas de potencia, flexibilidad y funcionamiento silencioso han sido nuestras prioridades en el dise\u00f1o de esta m\u00e1quina.<\/div>\n","protected":false},"featured_media":2976,"template":"","meta":[],"product_brand":[],"product_cat":[10730,194],"product_tag":[9184,9173,9132,9169,9137,9170,9131,9134,9153,9177,9149,9155,9165,9166,9167,9146,9147,9176,9143,9171,9181,9161,9163,9188,9142,9157,9174,9178,9159,9139,9144,9186,9154,9168,9175,9156,9160,9172,9145,9133,9158,9182,9180,9130,9141,9183,9136,9138,9189,9150,9135,9151,9148,9152,9179,9164,9140,9187,9162,9185],"class_list":{"0":"post-2922","1":"product","2":"type-product","3":"status-publish","4":"has-post-thumbnail","6":"product_cat-embolsadoras-automaticas","7":"product_cat-maquina-de-embalaje-de-pesaje","8":"product_tag-embaladora-con-multicabezal-integrada","9":"product_tag-embolsadora-acero-inoxidable-heavy-duty","10":"product_tag-embolsadora-automatica-para-multicabezal","11":"product_tag-embolsadora-con-pantalla-tactil-heavy-duty","12":"product_tag-embolsadora-de-alta-resistencia-para-multicabezal","13":"product_tag-embolsadora-de-precision-heavy-duty","14":"product_tag-embolsadora-heavy-duty-para-multicabezal","15":"product_tag-embolsadora-industrial-heavy-duty","16":"product_tag-embolsadora-industrial-tecnopacks","17":"product_tag-embolsadora-para-alimentos-empacados-heavy-duty","18":"product_tag-embolsadora-para-alimentos-secos-heavy-duty","19":"product_tag-embolsadora-para-alta-produccion-heavy-duty","20":"product_tag-embolsadora-para-bolsas-tipo-almohada","21":"product_tag-embolsadora-para-bolsas-tipo-fondo-plano","22":"product_tag-embolsadora-para-bolsas-tipo-sobre","23":"product_tag-embolsadora-para-cereales-multicabezal","24":"product_tag-embolsadora-para-confiteria-multicabezal","25":"product_tag-embolsadora-para-congelados-heavy-duty","26":"product_tag-embolsadora-para-frutos-secos-multicabezal","27":"product_tag-embolsadora-para-lineas-automaticas","28":"product_tag-embolsadora-para-plantas-empacadoras","29":"product_tag-embolsadora-para-plantas-industriales-heavy-duty","30":"product_tag-embolsadora-para-produccion-24-7-heavy-duty","31":"product_tag-embolsadora-para-produccion-masiva-heavy-duty","32":"product_tag-embolsadora-para-semillas-heavy-duty","33":"product_tag-embolsadora-para-snacks-y-botanas-heavy-duty","34":"product_tag-embolsadora-resistente-para-uso-industrial","35":"product_tag-embolsadora-vertical-compacta-heavy-duty","36":"product_tag-embolsadora-vertical-de-alta-capacidad","37":"product_tag-embolsadora-vertical-heavy-duty","38":"product_tag-empaquetadora-para-multicabezales-heavy-duty","39":"product_tag-equipo-de-envasado-automatico-heavy-duty","40":"product_tag-linea-de-empaque-con-multicabezal","41":"product_tag-maquina-con-plc-para-empaque-heavy-duty","42":"product_tag-maquina-de-embolsar-pellets-multicabezal","43":"product_tag-maquina-de-empaque-continua-heavy-duty","44":"product_tag-maquina-de-empaque-grado-alimenticio-heavy-duty","45":"product_tag-maquina-de-empaque-para-exportacion-heavy-duty","46":"product_tag-maquina-de-empaque-para-frituras-heavy-duty","47":"product_tag-maquina-de-empaque-para-multicabezales","48":"product_tag-maquina-de-empaque-sincronizada-con-multicabezal","49":"product_tag-maquina-embolsadora-para-empresas-de-snacks","50":"product_tag-maquina-embolsadora-para-industria-alimentaria","51":"product_tag-maquina-embolsadora-para-multicabezal-heavy-duty","52":"product_tag-maquina-embolsadora-profesional-para-snacks","53":"product_tag-maquina-embolsadora-robusta-heavy-duty","54":"product_tag-maquina-embolsadora-tecnopacks-heavy-duty","55":"product_tag-maquina-formadora-llenadora-selladora-heavy-duty","56":"product_tag-maquina-industrial-para-ensacado-multicabezal","57":"product_tag-maquina-para-empacar-arroz-heavy-duty","58":"product_tag-maquina-para-empacar-botanas-multicabezal","59":"product_tag-maquina-para-empacar-frijol-multicabezal","60":"product_tag-maquina-para-empacar-galletas-heavy-duty","61":"product_tag-maquina-para-empacar-nueces-heavy-duty","62":"product_tag-maquina-para-empaque-de-alta-velocidad-heavy-duty","63":"product_tag-maquina-para-formar-y-sellar-bolsas-heavy-duty","64":"product_tag-maquina-vffs-heavy-duty","65":"product_tag-maquinaria-de-empaque-profesional-heavy-duty","66":"product_tag-maquinaria-para-envasado-multicabezal-heavy-duty","67":"product_tag-solucion-de-empaque-heavy-duty-tecnopacks","69":"first","70":"instock","71":"shipping-taxable","72":"product-type-simple"},"_links":{"self":[{"href":"https:\/\/tecnopacks.com.mx\/empaque\/wp-json\/wp\/v2\/product\/2922","targetHints":{"allow":["GET"]}}],"collection":[{"href":"https:\/\/tecnopacks.com.mx\/empaque\/wp-json\/wp\/v2\/product"}],"about":[{"href":"https:\/\/tecnopacks.com.mx\/empaque\/wp-json\/wp\/v2\/types\/product"}],"wp:featuredmedia":[{"embeddable":true,"href":"https:\/\/tecnopacks.com.mx\/empaque\/wp-json\/wp\/v2\/media\/2976"}],"wp:attachment":[{"href":"https:\/\/tecnopacks.com.mx\/empaque\/wp-json\/wp\/v2\/media?parent=2922"}],"wp:term":[{"taxonomy":"product_brand","embeddable":true,"href":"https:\/\/tecnopacks.com.mx\/empaque\/wp-json\/wp\/v2\/product_brand?post=2922"},{"taxonomy":"product_cat","embeddable":true,"href":"https:\/\/tecnopacks.com.mx\/empaque\/wp-json\/wp\/v2\/product_cat?post=2922"},{"taxonomy":"product_tag","embeddable":true,"href":"https:\/\/tecnopacks.com.mx\/empaque\/wp-json\/wp\/v2\/product_tag?post=2922"}],"curies":[{"name":"wp","href":"https:\/\/api.w.org\/{rel}","templated":true}]}}