{"id":2937,"date":"2024-04-05T21:06:07","date_gmt":"2024-04-05T21:06:07","guid":{"rendered":"https:\/\/tecnopacks.com.mx\/empaque\/?post_type=product&#038;p=2937"},"modified":"2026-03-22T03:17:07","modified_gmt":"2026-03-22T03:17:07","slug":"linea-de-empaque-automatica-con-bascula-multicabezal-y-embolsadora-vertical","status":"publish","type":"product","link":"https:\/\/tecnopacks.com.mx\/empaque\/producto\/embolsadoras-automaticas\/linea-de-empaque-automatica-con-bascula-multicabezal-y-embolsadora-vertical\/","title":{"rendered":"L\u00ednea de Empaque Autom\u00e1tica con B\u00e1scula Multicabezal y Embolsadora Vertical"},"content":{"rendered":"\n<h1 data-section-id=\"we0o2a\" data-start=\"268\" data-end=\"345\"><span style=\"text-decoration: underline;\"><em><strong>L\u00ednea de Empaque Autom\u00e1tica con B\u00e1scula Multicabezal y Embolsadora Vertical<\/strong><\/em><\/span><\/h1>\n<p data-start=\"347\" data-end=\"937\">La <strong data-start=\"350\" data-end=\"429\">L\u00ednea de Empaque Autom\u00e1tica con B\u00e1scula Multicabezal y Embolsadora Vertical<\/strong> es una soluci\u00f3n avanzada dise\u00f1ada para automatizar completamente el proceso de pesaje y empaque de productos a granel. Este sistema permite integrar en un solo flujo de trabajo operaciones como alimentaci\u00f3n, pesaje, llenado de bolsas, sellado, impresi\u00f3n de fecha y transporte del producto terminado. Gracias a su dise\u00f1o industrial, una <strong data-start=\"766\" data-end=\"845\">L\u00ednea de Empaque Autom\u00e1tica con B\u00e1scula Multicabezal y Embolsadora Vertical<\/strong> ofrece alta precisi\u00f3n, eficiencia y confiabilidad para procesos de empaque de alto volumen.<\/p>\n<p data-start=\"939\" data-end=\"1630\">Este sistema autom\u00e1tico est\u00e1 compuesto por varios equipos que trabajan de forma sincronizada para lograr un empaque r\u00e1pido y preciso. Entre los componentes principales de una <strong data-start=\"1114\" data-end=\"1193\">L\u00ednea de Empaque Autom\u00e1tica con B\u00e1scula Multicabezal y Embolsadora Vertical<\/strong> se encuentran la embolsadora vertical autom\u00e1tica, la b\u00e1scula multicabezal para pesaje de alta precisi\u00f3n, el elevador de materiales tipo Z, el alimentador vibratorio, la plataforma de soporte y el transportador de producto terminado. La integraci\u00f3n de estos equipos permite que la <strong data-start=\"1474\" data-end=\"1553\">L\u00ednea de Empaque Autom\u00e1tica con B\u00e1scula Multicabezal y Embolsadora Vertical<\/strong> funcione de manera continua y estable durante largas jornadas de producci\u00f3n.<\/p>\n<p data-start=\"1632\" data-end=\"2231\">La <strong data-start=\"1635\" data-end=\"1659\">b\u00e1scula multicabezal<\/strong> es el sistema encargado de medir el peso del producto con gran exactitud. Sus m\u00faltiples cabezales de pesaje combinan diferentes cantidades hasta alcanzar el peso programado antes de enviarlo a la embolsadora vertical. Posteriormente, la <strong data-start=\"1897\" data-end=\"1921\">embolsadora vertical<\/strong> forma la bolsa a partir de una bobina de pel\u00edcula, dosifica el producto, realiza el sellado y puede incorporar impresi\u00f3n de fecha o lote autom\u00e1ticamente. Gracias a esta tecnolog\u00eda, una <strong data-start=\"2107\" data-end=\"2186\">L\u00ednea de Empaque Autom\u00e1tica con B\u00e1scula Multicabezal y Embolsadora Vertical<\/strong> garantiza un empaque uniforme y profesional.<\/p>\n<p data-start=\"2233\" data-end=\"2716\">La m\u00e1quina utiliza un sistema de control PLC con pantalla t\u00e1ctil de alta sensibilidad que act\u00faa como centro de control de toda la l\u00ednea. Este sistema permite ajustar par\u00e1metros, monitorear el funcionamiento y optimizar la precisi\u00f3n del proceso. Adem\u00e1s, la <strong data-start=\"2489\" data-end=\"2568\">L\u00ednea de Empaque Autom\u00e1tica con B\u00e1scula Multicabezal y Embolsadora Vertical<\/strong> est\u00e1 equipada con sistemas de seguridad que cumplen con est\u00e1ndares industriales, protegiendo tanto al operador como al equipo durante la operaci\u00f3n.<\/p>\n<p data-start=\"2718\" data-end=\"3207\">Una de las grandes ventajas de implementar una <strong data-start=\"2765\" data-end=\"2844\">L\u00ednea de Empaque Autom\u00e1tica con B\u00e1scula Multicabezal y Embolsadora Vertical<\/strong> es su versatilidad para diferentes tipos de productos. Este sistema es ampliamente utilizado en la industria alimentaria para empacar alimentos inflados, papas fritas, arroz inflado, dulces, gelatinas, frutos secos, pistachos, rodajas de manzana deshidratada, snacks, alimentos para mascotas y otros materiales granulados o fr\u00e1giles que requieren pesaje preciso.<\/p>\n<p data-start=\"3209\" data-end=\"3606\">La <strong data-start=\"3212\" data-end=\"3291\">L\u00ednea de Empaque Autom\u00e1tica con B\u00e1scula Multicabezal y Embolsadora Vertical<\/strong> permite mejorar la productividad, reducir errores de pesaje y aumentar la velocidad de empaque, lo que se traduce en una mayor eficiencia operativa para las empresas. Adem\u00e1s, su dise\u00f1o modular permite adaptar la l\u00ednea a diferentes capacidades de producci\u00f3n y tama\u00f1os de bolsa seg\u00fan las necesidades de cada cliente.<\/p>\n<p data-start=\"3608\" data-end=\"3887\">En <strong data-start=\"3611\" data-end=\"3624\">Tecnopack<\/strong> ofrecemos soluciones profesionales de <strong data-start=\"3663\" data-end=\"3742\">L\u00ednea de Empaque Autom\u00e1tica con B\u00e1scula Multicabezal y Embolsadora Vertical<\/strong>, incluyendo asesor\u00eda t\u00e9cnica, instalaci\u00f3n y env\u00edos a toda la Rep\u00fablica Mexicana para ayudar a las empresas a modernizar sus procesos de empaque.<\/p>\n<p class=\"productsTags\">Si deseas m\u00e1s informaci\u00f3n sobre nuestra <strong data-start=\"416\" data-end=\"495\">L\u00ednea de Empaque Autom\u00e1tica con B\u00e1scula Multicabezal y Embolsadora Vertical<\/strong>, cont\u00e1ctanos directamente por <a href=\"https:\/\/wa.me\/523323871319?text=Hola,%20necesito%20informaci%C3%B3n\">WhatsApp haciendo click aqu\u00ed<\/a><\/p>\n<p>\u00f3 si lo prefieres puedes dejar tus datos en nuestro apartado de <a href=\"https:\/\/tecnopacks.com.mx\/empaque\/contactanos\/\">Contacto.<\/a><\/p>\n","protected":false},"excerpt":{"rendered":"<p>La <strong data-start=\"350\" data-end=\"429\">L\u00ednea de Empaque Autom\u00e1tica con B\u00e1scula Multicabezal y Embolsadora Vertical<\/strong> es una soluci\u00f3n avanzada dise\u00f1ada para automatizar completamente el proceso de pesaje y empaque de productos a granel.<\/p>\n","protected":false},"featured_media":2979,"template":"","meta":[],"product_brand":[],"product_cat":[10730,194],"product_tag":[10627,220,10644,10649,10656,4938,3722,10657,10643,10668,10661,3650,10665,10659,10630,10638,10658,10652,10647,10628,10660,10635,10646,10645,10642,10633,10631,10632,10664,749,10650,10639,10648,10667,10654,10655,10637,10662,10669,10636,10640,10666,10629,10651,10653,10670,10641,10663,10634],"class_list":{"0":"post-2937","1":"product","2":"type-product","3":"status-publish","4":"has-post-thumbnail","6":"product_cat-embolsadoras-automaticas","7":"product_cat-maquina-de-embalaje-de-pesaje","8":"product_tag-bascula-multicabezal","9":"product_tag-embolsadora-vertical","10":"product_tag-embolsadora-vertical-industrial","11":"product_tag-empacadora-automatica-para-botanas","12":"product_tag-empacadora-para-snacks","13":"product_tag-equipo-automatico-de-empaque","14":"product_tag-equipo-de-empaque-automatico","15":"product_tag-equipo-de-pesaje-industrial","16":"product_tag-linea-automatica-de-empaque","17":"product_tag-linea-automatica-de-pesaje","18":"product_tag-linea-automatica-para-alimentos","19":"product_tag-linea-de-empaque-industrial","20":"product_tag-linea-de-empaque-para-alimentos","21":"product_tag-linea-de-empaque-para-arroz-inflado","22":"product_tag-linea-de-empaque-para-botanas","23":"product_tag-linea-de-empaque-para-frutos-secos","24":"product_tag-linea-de-empaque-para-galletas","25":"product_tag-linea-de-empaque-para-productos-granulados","26":"product_tag-linea-de-empaque-tecnopack","27":"product_tag-maquina-empacadora-automatica","28":"product_tag-maquina-empacadora-con-elevador-z","29":"product_tag-maquina-empacadora-con-multicabezal","30":"product_tag-maquina-empacadora-en-cdmx","31":"product_tag-maquina-empacadora-en-mexico","32":"product_tag-maquina-empacadora-para-alimentos","33":"product_tag-maquina-empacadora-para-dulces","34":"product_tag-maquina-empacadora-para-papas-fritas","35":"product_tag-maquina-empacadora-para-semillas","36":"product_tag-maquina-empacadora-profesional","37":"product_tag-maquina-empacadora-vertical","38":"product_tag-maquina-para-empacar-alimentos-granulados","39":"product_tag-maquina-para-empacar-arroz-inflado","40":"product_tag-maquina-para-empacar-dulces","41":"product_tag-maquina-para-empacar-frutos-secos","42":"product_tag-maquina-para-empacar-pistachos","43":"product_tag-maquina-para-empacar-semillas","44":"product_tag-maquina-para-empacar-snacks","45":"product_tag-maquinaria-de-empaque-industrial","46":"product_tag-maquinaria-para-empacar-botanas","47":"product_tag-maquinaria-para-empaque-de-alimentos","48":"product_tag-multicabezal-industrial","49":"product_tag-multicabezal-para-alimentos","50":"product_tag-multicabezal-para-snacks","51":"product_tag-pesadora-multicabezal-automatica","52":"product_tag-sistema-automatico-de-pesaje","53":"product_tag-sistema-completo-de-empaque","54":"product_tag-sistema-de-empaque-para-alimentos","55":"product_tag-sistema-de-empaque-para-snacks","56":"product_tag-sistema-de-pesaje-automatico","58":"first","59":"instock","60":"shipping-taxable","61":"product-type-simple"},"_links":{"self":[{"href":"https:\/\/tecnopacks.com.mx\/empaque\/wp-json\/wp\/v2\/product\/2937","targetHints":{"allow":["GET"]}}],"collection":[{"href":"https:\/\/tecnopacks.com.mx\/empaque\/wp-json\/wp\/v2\/product"}],"about":[{"href":"https:\/\/tecnopacks.com.mx\/empaque\/wp-json\/wp\/v2\/types\/product"}],"wp:featuredmedia":[{"embeddable":true,"href":"https:\/\/tecnopacks.com.mx\/empaque\/wp-json\/wp\/v2\/media\/2979"}],"wp:attachment":[{"href":"https:\/\/tecnopacks.com.mx\/empaque\/wp-json\/wp\/v2\/media?parent=2937"}],"wp:term":[{"taxonomy":"product_brand","embeddable":true,"href":"https:\/\/tecnopacks.com.mx\/empaque\/wp-json\/wp\/v2\/product_brand?post=2937"},{"taxonomy":"product_cat","embeddable":true,"href":"https:\/\/tecnopacks.com.mx\/empaque\/wp-json\/wp\/v2\/product_cat?post=2937"},{"taxonomy":"product_tag","embeddable":true,"href":"https:\/\/tecnopacks.com.mx\/empaque\/wp-json\/wp\/v2\/product_tag?post=2937"}],"curies":[{"name":"wp","href":"https:\/\/api.w.org\/{rel}","templated":true}]}}