{"id":2940,"date":"2024-04-05T21:06:07","date_gmt":"2024-04-05T21:06:07","guid":{"rendered":"https:\/\/tecnopacks.com.mx\/empaque\/?post_type=product&#038;p=2940"},"modified":"2026-03-22T03:17:19","modified_gmt":"2026-03-22T03:17:19","slug":"elevador-modelo-z","status":"publish","type":"product","link":"https:\/\/tecnopacks.com.mx\/empaque\/producto\/bandas-transportadoras\/elevador-modelo-z\/","title":{"rendered":"Elevador para productos tipo Z"},"content":{"rendered":"\n<h1><a href=\"https:\/\/tecnopacks.com.mx\/empaque\/tienda\/\">Elevador para productos tipo Z<\/a><\/h1>\n<p>\u25cf Elevaci\u00f3n vertical, transmisi\u00f3n de 90 grados, ahorra \u00e1rea de cobertura y reduce el consumo de energ\u00eda<\/p>\n<p>\u25cf Use la tolva para cargar materiales para evitar la dispersi\u00f3n; realice la alimentaci\u00f3n autom\u00e1tica de materiales mientras trabaja junto con la m\u00e1quina empacadora y el patio de acero m\u00faltiple.<\/p>\n<p>\u25cf Volumen de transporte 4000 (litros\/hora) 7200 (litros\/hora)<\/p>\n<p>\u25cf Altura: 2m-6m<\/p>\n<p class=\"productsTags\"><a href=\"https:\/\/impropack.com.mx\/contacto\/\">Sucursalers: Guadalajara, Cuidad de Mexico, Tijuana y Monterrey\u00a0<\/a><\/p>\n","protected":false},"excerpt":{"rendered":"<div>Elevador para productos tipo Z\u00e7<\/div>\n<div>Ideal Para Envasadora con Multicabezal , productos como frijol , arroz, frituras, grano, etc..<\/div>\n<div class=\"pword\">Elevaci\u00f3n vertical, transmisi\u00f3n de 90 grados, ahorra \u00e1rea de cobertura y reduce el consumo de energ\u00eda<\/div>\n","protected":false},"featured_media":2982,"template":"","meta":[],"product_brand":[],"product_cat":[10742,195],"product_tag":[],"class_list":{"0":"post-2940","1":"product","2":"type-product","3":"status-publish","4":"has-post-thumbnail","6":"product_cat-bandas-transportadoras","7":"product_cat-maquina-de-alimentacion","9":"first","10":"instock","11":"shipping-taxable","12":"product-type-simple"},"_links":{"self":[{"href":"https:\/\/tecnopacks.com.mx\/empaque\/wp-json\/wp\/v2\/product\/2940","targetHints":{"allow":["GET"]}}],"collection":[{"href":"https:\/\/tecnopacks.com.mx\/empaque\/wp-json\/wp\/v2\/product"}],"about":[{"href":"https:\/\/tecnopacks.com.mx\/empaque\/wp-json\/wp\/v2\/types\/product"}],"wp:featuredmedia":[{"embeddable":true,"href":"https:\/\/tecnopacks.com.mx\/empaque\/wp-json\/wp\/v2\/media\/2982"}],"wp:attachment":[{"href":"https:\/\/tecnopacks.com.mx\/empaque\/wp-json\/wp\/v2\/media?parent=2940"}],"wp:term":[{"taxonomy":"product_brand","embeddable":true,"href":"https:\/\/tecnopacks.com.mx\/empaque\/wp-json\/wp\/v2\/product_brand?post=2940"},{"taxonomy":"product_cat","embeddable":true,"href":"https:\/\/tecnopacks.com.mx\/empaque\/wp-json\/wp\/v2\/product_cat?post=2940"},{"taxonomy":"product_tag","embeddable":true,"href":"https:\/\/tecnopacks.com.mx\/empaque\/wp-json\/wp\/v2\/product_tag?post=2940"}],"curies":[{"name":"wp","href":"https:\/\/api.w.org\/{rel}","templated":true}]}}