{"id":2946,"date":"2024-04-05T21:06:08","date_gmt":"2024-04-05T21:06:08","guid":{"rendered":"https:\/\/tecnopacks.com.mx\/empaque\/?post_type=product&#038;p=2946"},"modified":"2026-03-22T03:16:20","modified_gmt":"2026-03-22T03:16:20","slug":"maquina-de-embalaje-de-pesaje-automatico","status":"publish","type":"product","link":"https:\/\/tecnopacks.com.mx\/empaque\/producto\/basculas-digitales\/maquina-de-embalaje-de-pesaje-automatico\/","title":{"rendered":"M\u00e1quina dosificadora con pesaje autom\u00e1tico"},"content":{"rendered":"\n<h1><a href=\"https:\/\/tecnopacks.com.mx\/empaque\/tienda\/\">M\u00e1quina dosificadora con pesaje autom\u00e1tico<\/a><\/h1>\n<p>Aplicaci\u00f3n Polvo, gr\u00e1nulos, hierbas medicinales, caf\u00e9, medicina tradicional china, t\u00e9, semillas, alimentos, semillas de s\u00e9samo, granos, goji chino, arroz, polvo gourmet, sal, especias, frijoles, especialidad, productos secos, componentes qu\u00edmicos, componentes electr\u00f3nicos, componentes de hardware y otros materiales s\u00f3lidos no pegajosos.<\/p>\n<p>\u25cf Auto-energ\u00eda de control de microordenador, de modo que una dispensaci\u00f3n m\u00e1s precisa y precisa, proceso de dispensaci\u00f3n r\u00e1pido y totalmente automatizado.<\/p>\n<p>\u25cf Las piezas del material de contacto son todas de acero inoxidable, sin material contaminado.<\/p>\n<p>\u25cf La m\u00e1quina funciona sin problemas, con poco ruido.<\/p>\n<p>\u25cf tama\u00f1o peque\u00f1o, peso ligero.<\/p>\n<p>\u25cf potencia m\u00ednima, conservaci\u00f3n de energ\u00eda.<\/p>\n<p>\u25cf alimentaci\u00f3n de lanzamiento oblicuo, no apriete el da\u00f1o material, especialmente para el embalaje de materiales fr\u00e1giles.<\/p>\n<p><a href=\"https:\/\/impropack.com.mx\/contacto\/\">Sucursales: Guadalajara, Monterrey , Cuidad de Mexico y Tijuana\u00a0<\/a><\/p>\n","protected":false},"excerpt":{"rendered":"<div><\/div>\n<div>\n<p><strong>Par\u00e1metros:<\/strong><\/p>\n<table class=\"table\" border=\"0\" width=\"100%\" cellspacing=\"0\" cellpadding=\"0\">\n<tbody>\n<tr class=\"firstRow\">\n<td><\/td>\n<td><strong>EWM-3000<\/strong><\/td>\n<\/tr>\n<tr>\n<td><strong>Voltaje (V\/Hz)<\/strong><\/td>\n<td>CA 220\/50 110\/60<\/td>\n<\/tr>\n<tr>\n<td><strong>Potencia (W)<\/strong><\/td>\n<td>900<\/td>\n<\/tr>\n<tr>\n<td><strong>m\u00e1x. Capacidad de medici\u00f3n (g)<\/strong><\/td>\n<td>3000<\/td>\n<\/tr>\n<tr>\n<td><strong>Velocidad de medici\u00f3n (veces\/min.)<\/strong><\/td>\n<td>12-22<\/td>\n<\/tr>\n<tr>\n<td><strong>Precisi\u00f3n de pesaje<\/strong><\/td>\n<td>\u00b10.5%<\/td>\n<\/tr>\n<tr>\n<td><strong>Dimensiones externas (L\u00d7W\u00d7H) (mm)<\/strong><\/td>\n<td>920\u00d7600\u00d71850<\/td>\n<\/tr>\n<tr>\n<td><strong>Peso neto \/ kg)<\/strong><\/td>\n<td>150<\/td>\n<\/tr>\n<\/tbody>\n<\/table>\n<\/div>\n<div><\/div>\n<div class=\"pword\">Modelo:EWM-3000<br \/>\nAplicaci\u00f3n Polvo, gr\u00e1nulos, hierbas medicinales, caf\u00e9, medicina tradicional china, t\u00e9, semillas, alimentos, semillas de s\u00e9samo, granos, goji chino, arroz, polvo gourmet, sal, especias, frijoles, especialidad, productos secos, componentes qu\u00edmicos, componentes electr\u00f3nicos, componentes de hardware y otros no pegajosos&#8230;<\/div>\n","protected":false},"featured_media":3000,"template":"","meta":[],"product_brand":[],"product_cat":[10734,197],"product_tag":[],"class_list":{"0":"post-2946","1":"product","2":"type-product","3":"status-publish","4":"has-post-thumbnail","6":"product_cat-basculas-digitales","7":"product_cat-maquina-de-llenado-de-pesaje-electronico","9":"first","10":"instock","11":"shipping-taxable","12":"product-type-simple"},"_links":{"self":[{"href":"https:\/\/tecnopacks.com.mx\/empaque\/wp-json\/wp\/v2\/product\/2946","targetHints":{"allow":["GET"]}}],"collection":[{"href":"https:\/\/tecnopacks.com.mx\/empaque\/wp-json\/wp\/v2\/product"}],"about":[{"href":"https:\/\/tecnopacks.com.mx\/empaque\/wp-json\/wp\/v2\/types\/product"}],"wp:featuredmedia":[{"embeddable":true,"href":"https:\/\/tecnopacks.com.mx\/empaque\/wp-json\/wp\/v2\/media\/3000"}],"wp:attachment":[{"href":"https:\/\/tecnopacks.com.mx\/empaque\/wp-json\/wp\/v2\/media?parent=2946"}],"wp:term":[{"taxonomy":"product_brand","embeddable":true,"href":"https:\/\/tecnopacks.com.mx\/empaque\/wp-json\/wp\/v2\/product_brand?post=2946"},{"taxonomy":"product_cat","embeddable":true,"href":"https:\/\/tecnopacks.com.mx\/empaque\/wp-json\/wp\/v2\/product_cat?post=2946"},{"taxonomy":"product_tag","embeddable":true,"href":"https:\/\/tecnopacks.com.mx\/empaque\/wp-json\/wp\/v2\/product_tag?post=2946"}],"curies":[{"name":"wp","href":"https:\/\/api.w.org\/{rel}","templated":true}]}}