{"id":2963,"date":"2024-04-05T21:06:29","date_gmt":"2024-04-05T21:06:29","guid":{"rendered":"https:\/\/tecnopacks.com.mx\/empaque\/?post_type=product&#038;p=2963"},"modified":"2026-03-22T03:16:08","modified_gmt":"2026-03-22T03:16:08","slug":"llenadora-de-polvos","status":"publish","type":"product","link":"https:\/\/tecnopacks.com.mx\/empaque\/producto\/basculas-digitales\/llenadora-de-polvos\/","title":{"rendered":"Llenadora de polvos (Talco, Natilla en polvo, Pesticida)"},"content":{"rendered":"\n<p><a href=\"https:\/\/tecnopacks.com.mx\/empaque\/tienda\/\">La llenadora semiautom\u00e1tica de polvo seco por barrena es una m\u00e1quina de llenado vers\u00e1til, ideal para polvos que no fluyen libremente, esponjosos y pegajosos, por ejemplo, polvos de talco, polvos dentales, natillas en polvo, pesticidas en polvo, especias molidas, etc.<\/a><\/p>\n<p><a href=\"https:\/\/impropack.com.mx\/contacto\/\">\u25cfllenadora de polvo\u00a0 El llenador de barrena semiautom\u00e1tico de polvo seco utiliza el principio de desplazamiento positivo del tornillo. El sinf\u00edn dise\u00f1ado con precisi\u00f3n desplaza el producto a trav\u00e9s del embudo.<\/a><\/p>\n<p>\u25cf la llenadora de polvos autmatica Los controles de temporizador digital se llenan con la cantidad requerida a trav\u00e9s de una unidad de freno-embrague electromagn\u00e9tico. La cantidad de llenado se puede ajustar mediante un temporizador digital configurando el llenado a tiempo y llena el material directamente en el contenedor desde la parte inferior del embudo.<\/p>\n<p>\u25cf la llenadora de polvos automatica El contenedor o las bolsas deben colocarse manualmente debajo del embudo.<\/p>\n<p>\u00a0<\/p>\n","protected":false},"excerpt":{"rendered":"<div>\n<div>\n<p><strong>Par\u00e1metros:<\/strong><\/p>\n<table class=\"table\" border=\"0\" width=\"100%\" cellspacing=\"0\" cellpadding=\"0\">\n<tbody>\n<tr class=\"firstRow\">\n<td align=\"center\" valign=\"middle\"><\/td>\n<td align=\"center\" valign=\"middle\">FLG-5000A<\/td>\n<\/tr>\n<tr>\n<td align=\"center\" valign=\"middle\">Voltaje (V\/Hz)<\/td>\n<td align=\"center\" valign=\"middle\">CA 220\/50 110\/60<\/td>\n<\/tr>\n<tr>\n<td align=\"center\" valign=\"middle\">Potencia (W)<\/td>\n<td align=\"center\" valign=\"middle\">1300<\/td>\n<\/tr>\n<tr>\n<td align=\"center\" valign=\"middle\">Capacidad de embalaje (ml)<\/td>\n<td align=\"center\" valign=\"middle\">500-5000<\/td>\n<\/tr>\n<tr>\n<td align=\"center\" valign=\"middle\">Capacidad (sacos\/min)<\/td>\n<td align=\"center\" valign=\"middle\">25<\/td>\n<\/tr>\n<tr>\n<td align=\"center\" valign=\"middle\">Dimensiones externas (L\u00d7W\u00d7H) (mm)<\/td>\n<td align=\"center\" valign=\"middle\">1060*600*2070<\/td>\n<\/tr>\n<tr>\n<td align=\"center\" valign=\"middle\">Peso neto \/ kg)<\/td>\n<td align=\"center\" valign=\"middle\"><\/td>\n<\/tr>\n<\/tbody>\n<\/table>\n<p>Un dosificador para polvos vol\u00e1tiles es un equipo especializado dise\u00f1ado para manejar de manera precisa y segura la dosificaci\u00f3n de polvos que tienden a dispersarse f\u00e1cilmente en el aire. Aqu\u00ed te presento algunas caracter\u00edsticas y consideraciones importantes sobre este tipo de dosificadores:<\/p>\n<p>1. **Control de dispersi\u00f3n**<\/p>\n<p>2. **Precisi\u00f3n en la dosificaci\u00f3n**<\/p>\n<p>3. **Protecci\u00f3n contra contaminaci\u00f3n**<\/p>\n<p>4. **Materiales y construcci\u00f3n especializados**<\/p>\n<p>5. **Sistemas de manejo de polvo**<\/p>\n<p>6. **Capacidad de adaptaci\u00f3n a diferentes tipos de polvo**<\/p>\n<p>7. **Control de procesos**<\/p>\n<p>Los dosificadores para polvos vol\u00e1tiles son equipos especializados que ofrecen precisi\u00f3n, seguridad y control en el manejo de materiales que son susceptibles a dispersarse f\u00e1cilmente. Su dise\u00f1o y caracter\u00edsticas est\u00e1n orientados a garantizar un proceso de dosificaci\u00f3n eficiente y seguro en entornos industriales espec\u00edficos.<\/p>\n<\/div>\n<\/div>\n<div class=\"pword\">Modelo:FLG-5000A<\/div>\n","protected":false},"featured_media":3005,"template":"","meta":[],"product_brand":[],"product_cat":[10734,198],"product_tag":[],"class_list":{"0":"post-2963","1":"product","2":"type-product","3":"status-publish","4":"has-post-thumbnail","6":"product_cat-basculas-digitales","7":"product_cat-maquina-de-llenado-de-polvo-de-obturacion-de-tornillo","9":"first","10":"instock","11":"shipping-taxable","12":"product-type-simple"},"_links":{"self":[{"href":"https:\/\/tecnopacks.com.mx\/empaque\/wp-json\/wp\/v2\/product\/2963","targetHints":{"allow":["GET"]}}],"collection":[{"href":"https:\/\/tecnopacks.com.mx\/empaque\/wp-json\/wp\/v2\/product"}],"about":[{"href":"https:\/\/tecnopacks.com.mx\/empaque\/wp-json\/wp\/v2\/types\/product"}],"wp:featuredmedia":[{"embeddable":true,"href":"https:\/\/tecnopacks.com.mx\/empaque\/wp-json\/wp\/v2\/media\/3005"}],"wp:attachment":[{"href":"https:\/\/tecnopacks.com.mx\/empaque\/wp-json\/wp\/v2\/media?parent=2963"}],"wp:term":[{"taxonomy":"product_brand","embeddable":true,"href":"https:\/\/tecnopacks.com.mx\/empaque\/wp-json\/wp\/v2\/product_brand?post=2963"},{"taxonomy":"product_cat","embeddable":true,"href":"https:\/\/tecnopacks.com.mx\/empaque\/wp-json\/wp\/v2\/product_cat?post=2963"},{"taxonomy":"product_tag","embeddable":true,"href":"https:\/\/tecnopacks.com.mx\/empaque\/wp-json\/wp\/v2\/product_tag?post=2963"}],"curies":[{"name":"wp","href":"https:\/\/api.w.org\/{rel}","templated":true}]}}