{"id":3008,"date":"2024-04-05T21:07:14","date_gmt":"2024-04-05T21:07:14","guid":{"rendered":"https:\/\/tecnopacks.com.mx\/empaque\/?post_type=product&#038;p=3008"},"modified":"2026-03-22T03:11:42","modified_gmt":"2026-03-22T03:11:42","slug":"maquina-de-codificacion-de-tinta-solida-de-bloqueo-y-seguimiento","status":"publish","type":"product","link":"https:\/\/tecnopacks.com.mx\/empaque\/producto\/codificadores-para-embolsadora-automatica\/maquina-de-codificacion-de-tinta-solida-de-bloqueo-y-seguimiento\/","title":{"rendered":"codificador por tinta solida ms-200"},"content":{"rendered":"\n<h3><a href=\"https:\/\/tecnopacks.com.mx\/empaque\/inicio\/\"><span style=\"text-decoration: underline;\"><strong><em>Codificador por tinta s\u00f3lida MS-200<\/em><\/strong><\/span><\/a><\/h3>\n<h4>Descripci\u00f3n del <strong><em>Codificador por tinta s\u00f3lida MS-200<\/em><\/strong>\n<\/h4>\n<p>El <span style=\"text-decoration: underline;\"><strong><em>codificador por tinta s\u00f3lida MS-200<\/em><\/strong> <\/span>es una herramienta imprescindible para las l\u00edneas de producci\u00f3n que necesitan marcar la fecha y el n\u00famero de lote de manera r\u00e1pida y precisa. Este equipo est\u00e1 dise\u00f1ado espec\u00edficamente para trabajar en pel\u00edculas continuas, lo que lo convierte en la elecci\u00f3n ideal para industrias de empaquetado y manufactura de alimentos y otros productos.<\/p>\n<p>Gracias a su capacidad de impresi\u00f3n de hasta 300 empaques por minuto, el <span style=\"text-decoration: underline;\"><strong><em>codificador por tinta s\u00f3lida MS-200<\/em><\/strong><\/span> ofrece una gran eficiencia, lo que mejora notablemente la productividad. Su tinta s\u00f3lida garantiza impresiones duraderas y de alta calidad, resistiendo condiciones adversas y asegurando que la informaci\u00f3n del empaque permanezca legible durante todo el proceso de distribuci\u00f3n.<\/p>\n<h4>Beneficios del <span style=\"text-decoration: underline;\"><strong><em>Codificador por tinta s\u00f3lida MS-200<\/em><\/strong><\/span>\n<\/h4>\n<ol>\n<li>\n<strong>Alta velocidad<\/strong>: El <span style=\"text-decoration: underline;\"><strong><em>codificador por tinta s\u00f3lida MS-200<\/em><\/strong><\/span> puede trabajar a un ritmo de 300 empaques por minuto, permitiendo un proceso continuo y sin interrupciones.<\/li>\n<li>\n<strong>Durabilidad de la tinta<\/strong>: La tinta s\u00f3lida utilizada por el <span style=\"text-decoration: underline;\"><strong><em>codificador por tinta s\u00f3lida MS-200<\/em><\/strong><\/span> proporciona impresiones resistentes que no se borran ni se difuminan.<\/li>\n<li>\n<strong>Versatilidad<\/strong>: El <span style=\"text-decoration: underline;\"><strong><em>codificador por tinta s\u00f3lida MS-200<\/em><\/strong><\/span> es ideal para diversas industrias que requieren marcar lotes y fechas en pel\u00edculas continuas.<\/li>\n<li>\n<strong>Facilidad de uso<\/strong>: Con un dise\u00f1o compacto y eficiente, el <span style=\"text-decoration: underline;\"><strong><em>codificador por tinta s\u00f3lida MS-200<\/em><\/strong><\/span> es sencillo de operar, lo que reduce la necesidad de capacitaci\u00f3n.<\/li>\n<li>\n<strong>Precisi\u00f3n<\/strong>: El<span style=\"text-decoration: underline;\"> <strong><em>codificador por tinta s\u00f3lida MS-200<\/em><\/strong> <\/span>garantiza la colocaci\u00f3n precisa de la informaci\u00f3n en cada empaque, asegurando la consistencia en cada uno de los productos.<\/li>\n<\/ol>\n<p>En resumen, el<span style=\"text-decoration: underline;\"> <strong><em>codificador por tinta s\u00f3lida MS-200<\/em><\/strong><\/span> es una soluci\u00f3n avanzada para el marcaje en la industria, ofreciendo velocidad, precisi\u00f3n y durabilidad.<\/p>\n<p>codificador\u00a0 por tinta solida ms-200<\/p>\n<p>\u25cf Adopta un motor paso a paso, estable en calidad, larga vida \u00fatil. Rastree autom\u00e1ticamente la velocidad de empaque y la velocidad de impresi\u00f3n puede seguir el ritmo de la velocidad de empaque.<\/p>\n<p>\u25cf Cabezal de impresi\u00f3n extra\u00edble y estructura de cambio de palabra especial, los caracteres son f\u00e1ciles de instalar y reemplazar.<\/p>\n<p>\u25cf Con rueda de impresi\u00f3n de doble uso, adecuada para arreglos tipo R y tipo T.<\/p>\n<p>Aplicaciones:<\/p>\n<p>Es adecuado para todo tipo de m\u00e1quinas empacadoras continuas horizontales y verticales para imprimir autom\u00e1ticamente la fecha de producci\u00f3n, el n\u00famero de lote y otra informaci\u00f3n relacionada.<\/p>\n<p><a href=\"https:\/\/impropack.com.mx\/\"><strong>Par\u00e1metros:<\/strong><\/a><\/p>\n","protected":false},"excerpt":{"rendered":"<div>\n<p><strong>Par\u00e1metros:<\/strong><\/p>\n<table class=\"table\" border=\"0\" width=\"100%\" cellspacing=\"0\" cellpadding=\"0\">\n<tbody>\n<tr class=\"firstRow\">\n<td align=\"center\" valign=\"middle\" width=\"197\"><\/td>\n<td colspan=\"3\" align=\"center\" valign=\"middle\" width=\"354\">\n<p style=\"text-align: center;\">MY-812A<\/p>\n<\/td>\n<\/tr>\n<tr>\n<td align=\"center\" valign=\"middle\" width=\"197\">Voltaje (V\/Hz)<\/td>\n<td colspan=\"3\" align=\"center\" valign=\"middle\" width=\"354\">\n<p style=\"text-align: center;\">CA 220\/50 110\/60<\/p>\n<\/td>\n<\/tr>\n<tr>\n<td align=\"center\" valign=\"middle\" width=\"197\">Potencia (W)<\/td>\n<td colspan=\"3\" align=\"center\" valign=\"middle\" width=\"354\">\n<p style=\"text-align: center;\">150<\/p>\n<\/td>\n<\/tr>\n<tr>\n<td align=\"center\" valign=\"middle\" width=\"197\">m\u00e1x. Velocidad de impresi\u00f3n (piezas\/min)<\/td>\n<td colspan=\"3\" align=\"center\" valign=\"middle\" width=\"354\">\n<p style=\"text-align: center;\">300<\/p>\n<\/td>\n<\/tr>\n<tr>\n<td align=\"center\" valign=\"middle\" width=\"197\">m\u00e1x. L\u00ednea de impresi\u00f3n<\/p>\n<p>rueda de impresi\u00f3n de 180\u00b0<\/p>\n<p>rueda de impresi\u00f3n de 120\u00b0<\/p>\n<p>rueda de impresi\u00f3n de 90\u00b0<\/td>\n<td colspan=\"3\" align=\"center\" valign=\"middle\" width=\"354\">\n<p style=\"text-align: center;\">Tipo T (10,5 puntos): 11 l\u00edneas (m\u00e1x. 10 caracteres\/l\u00ednea)<\/p>\n<p>Tipo R (10.5PT): 8 l\u00edneas (m\u00e1x. 11 caracteres\/l\u00ednea)<br \/>\nTipo T (10.5PT): 7 l\u00edneas (m\u00e1x. 10 caracteres\/l\u00ednea)<\/p>\n<p>Tipo R (10.5PT): 8 l\u00edneas (m\u00e1x. 7 caracteres\/l\u00ednea)<\/p>\n<p>Tipo T (10,5 puntos): 4 l\u00edneas (m\u00e1x. 10 caracteres\/l\u00ednea)<\/p>\n<p>Tipo R (10.5PT): 8 l\u00edneas (m\u00e1x. 4 caracteres\/l\u00ednea)<\/td>\n<\/tr>\n<tr>\n<td align=\"center\" valign=\"middle\" width=\"197\">Tama\u00f1o del car\u00e1cter (altura) (mm)<\/td>\n<td colspan=\"3\" align=\"center\" valign=\"middle\" width=\"354\">\n<p style=\"text-align: center;\">2 \u00d7 1,5 (8 puntos) 2,5 \u00d7 2 (9 puntos) 3 \u00d7 3 (10,5 puntos)<\/p>\n<\/td>\n<\/tr>\n<tr>\n<td align=\"center\" valign=\"middle\" width=\"197\">Tama\u00f1o del rodillo de tinta s\u00f3lida (mm)<\/td>\n<td colspan=\"3\" align=\"center\" valign=\"middle\" width=\"354\">\n<p style=\"text-align: center;\">\u044435\u00d732<\/p>\n<\/td>\n<\/tr>\n<tr>\n<td align=\"center\" valign=\"middle\" width=\"197\">Ancho del marco (mm)<\/td>\n<td align=\"center\" valign=\"middle\" width=\"92\">\n<p style=\"text-align: center;\">400<\/p>\n<\/td>\n<td align=\"center\" valign=\"middle\" width=\"128\">\n<p style=\"text-align: center;\">500<\/p>\n<\/td>\n<td align=\"center\" valign=\"middle\" width=\"133\">\n<p style=\"text-align: center;\">600<\/p>\n<\/td>\n<\/tr>\n<tr>\n<td align=\"center\" valign=\"middle\" width=\"197\">m\u00e1x. ancho de la pel\u00edcula (mm)<\/td>\n<td align=\"center\" valign=\"middle\" width=\"92\">\n<p style=\"text-align: center;\">280<\/p>\n<\/td>\n<td align=\"center\" valign=\"middle\" width=\"128\">\n<p style=\"text-align: center;\">380<\/p>\n<\/td>\n<td align=\"center\" valign=\"middle\" width=\"133\">\n<p style=\"text-align: center;\">480<\/p>\n<\/td>\n<\/tr>\n<tr>\n<td align=\"center\" valign=\"middle\" width=\"197\">m\u00e1x. Tama\u00f1o de ajuste horizontal para impresora<\/td>\n<td align=\"center\" valign=\"middle\" width=\"92\">\n<p style=\"text-align: center;\">170<\/p>\n<\/td>\n<td align=\"center\" valign=\"middle\" width=\"128\">\n<p style=\"text-align: center;\">270<\/p>\n<\/td>\n<td align=\"center\" valign=\"middle\" width=\"133\">\n<p style=\"text-align: center;\">370<\/p>\n<\/td>\n<\/tr>\n<tr>\n<td align=\"center\" valign=\"middle\" width=\"197\">Peso neto \/ kg)<\/td>\n<td align=\"center\" valign=\"middle\" width=\"92\">\n<p style=\"text-align: center;\">11<\/p>\n<\/td>\n<td align=\"center\" valign=\"middle\" width=\"128\">\n<p style=\"text-align: center;\">12<\/p>\n<\/td>\n<td align=\"center\" valign=\"middle\" width=\"133\">\n<p style=\"text-align: center;\">13<\/p>\n<\/td>\n<\/tr>\n<\/tbody>\n<\/table>\n<\/div>\n<div class=\"pword\">Modelo: Ms-200<br \/>\nAdopta motor paso a paso, estable en calidad, larga vida \u00fatil. Rastree autom\u00e1ticamente la velocidad de empaque y la velocidad de impresi\u00f3n puede seguir el ritmo de la velocidad de empaque.<\/div>\n","protected":false},"featured_media":3033,"template":"","meta":[],"product_brand":[],"product_cat":[205,10735],"product_tag":[842,845,843,844],"class_list":{"0":"post-3008","1":"product","2":"type-product","3":"status-publish","4":"has-post-thumbnail","6":"product_cat-codificadores-para-embolsadora-automatica","7":"product_cat-codificadores","8":"product_tag-codificador-de-flow-pack","9":"product_tag-impresion-de-codigos-automatico","10":"product_tag-lotificador-automatico","11":"product_tag-maquina-para-lote-y-fecha","13":"first","14":"instock","15":"shipping-taxable","16":"product-type-simple"},"_links":{"self":[{"href":"https:\/\/tecnopacks.com.mx\/empaque\/wp-json\/wp\/v2\/product\/3008","targetHints":{"allow":["GET"]}}],"collection":[{"href":"https:\/\/tecnopacks.com.mx\/empaque\/wp-json\/wp\/v2\/product"}],"about":[{"href":"https:\/\/tecnopacks.com.mx\/empaque\/wp-json\/wp\/v2\/types\/product"}],"wp:featuredmedia":[{"embeddable":true,"href":"https:\/\/tecnopacks.com.mx\/empaque\/wp-json\/wp\/v2\/media\/3033"}],"wp:attachment":[{"href":"https:\/\/tecnopacks.com.mx\/empaque\/wp-json\/wp\/v2\/media?parent=3008"}],"wp:term":[{"taxonomy":"product_brand","embeddable":true,"href":"https:\/\/tecnopacks.com.mx\/empaque\/wp-json\/wp\/v2\/product_brand?post=3008"},{"taxonomy":"product_cat","embeddable":true,"href":"https:\/\/tecnopacks.com.mx\/empaque\/wp-json\/wp\/v2\/product_cat?post=3008"},{"taxonomy":"product_tag","embeddable":true,"href":"https:\/\/tecnopacks.com.mx\/empaque\/wp-json\/wp\/v2\/product_tag?post=3008"}],"curies":[{"name":"wp","href":"https:\/\/api.w.org\/{rel}","templated":true}]}}