{"id":3009,"date":"2024-04-05T21:07:14","date_gmt":"2024-04-05T21:07:14","guid":{"rendered":"https:\/\/tecnopacks.com.mx\/empaque\/?post_type=product&#038;p=3009"},"modified":"2026-03-20T16:56:28","modified_gmt":"2026-03-20T16:56:28","slug":"maquina-de-impresion-para-embolsadora-flowpack","status":"publish","type":"product","link":"https:\/\/tecnopacks.com.mx\/empaque\/producto\/codificadores\/maquina-de-impresion-para-embolsadora-flowpack\/","title":{"rendered":"M\u00e1quina de impresi\u00f3n para embolsadora Flowpack MS200"},"content":{"rendered":"\n<h1>M\u00e1quina de impresi\u00f3n para Embolsadora Flowpack MS200<\/h1>\n<p>Aplicaci\u00f3n de codificador de rollo de tinta: esta <span style=\"text-decoration: underline;\"><em><strong>m\u00e1quina de impresi\u00f3n para embolsadora Flowpack<\/strong><\/em><\/span> puede equiparse con cada almohadilla o <a href=\"https:\/\/tecnopacks.com.mx\/empaque\/producto\/codificadores-para-embolsadora-automatica\/maquina-de-impresion-para-embolsadora-automatica\/\" target=\"_blank\" rel=\"noopener\">m\u00e1quina de envasado vertical<\/a>, fecha de producci\u00f3n de impresi\u00f3n autom\u00e1tica, n\u00famero de lote, fecha de vencimiento, peso, precio, tama\u00f1o, origen, composici\u00f3n, aditivos, composici\u00f3n, calidad, representaci\u00f3n, n\u00famero de tarjeta , n\u00famero de registro, fabricantes, distribuidores, etc.<\/p>\n<p>\u00a0<\/p>\n<p>\u25cf Emplea un controlador inteligente.<\/p>\n<p>\u25cf m\u00e1s estabilidad y funcionamiento con pulsador.<\/p>\n<p><a href=\"https:\/\/impropack.com.mx\/contacto\/\">\u25cf ajuste de par\u00e1metros simple y conveniente.<\/a><\/p>\n<p>\u00a0<\/p>\n","protected":false},"excerpt":{"rendered":"<div>\n<p>Aplicaci\u00f3n de codificador de rollo de tinta: esta m\u00e1quina puede equiparse con cada almohadilla o m\u00e1quina de envasado vertical, fecha de producci\u00f3n de impresi\u00f3n autom\u00e1tica, n\u00famero de lote, fecha de vencimiento, peso, precio, tama\u00f1o, origen, composici\u00f3n, aditivos, composici\u00f3n, calidad, representaci\u00f3n, n\u00famero de tarjeta , n\u00famero de registro, fabricantes, distribuidores, etc.<\/p>\n<\/div>\n","protected":false},"featured_media":3034,"template":"","meta":[],"product_brand":[],"product_cat":[10735,205,546],"product_tag":[740,737,739,741,736,738],"class_list":{"0":"post-3009","1":"product","2":"type-product","3":"status-publish","4":"has-post-thumbnail","6":"product_cat-codificadores","7":"product_cat-codificadores-para-embolsadora-automatica","8":"product_cat-embolsadora-horizontal-flowpack","9":"product_tag-empacadora-horizontal-flow-pack","10":"product_tag-envasadora-flow-pack","11":"product_tag-flow-pack-automatica","12":"product_tag-flowpack","13":"product_tag-maquina-de-impresion-para-embolsadora-flowpack","14":"product_tag-maquina-flow-pack","16":"first","17":"instock","18":"featured","19":"shipping-taxable","20":"product-type-simple"},"_links":{"self":[{"href":"https:\/\/tecnopacks.com.mx\/empaque\/wp-json\/wp\/v2\/product\/3009","targetHints":{"allow":["GET"]}}],"collection":[{"href":"https:\/\/tecnopacks.com.mx\/empaque\/wp-json\/wp\/v2\/product"}],"about":[{"href":"https:\/\/tecnopacks.com.mx\/empaque\/wp-json\/wp\/v2\/types\/product"}],"wp:featuredmedia":[{"embeddable":true,"href":"https:\/\/tecnopacks.com.mx\/empaque\/wp-json\/wp\/v2\/media\/3034"}],"wp:attachment":[{"href":"https:\/\/tecnopacks.com.mx\/empaque\/wp-json\/wp\/v2\/media?parent=3009"}],"wp:term":[{"taxonomy":"product_brand","embeddable":true,"href":"https:\/\/tecnopacks.com.mx\/empaque\/wp-json\/wp\/v2\/product_brand?post=3009"},{"taxonomy":"product_cat","embeddable":true,"href":"https:\/\/tecnopacks.com.mx\/empaque\/wp-json\/wp\/v2\/product_cat?post=3009"},{"taxonomy":"product_tag","embeddable":true,"href":"https:\/\/tecnopacks.com.mx\/empaque\/wp-json\/wp\/v2\/product_tag?post=3009"}],"curies":[{"name":"wp","href":"https:\/\/api.w.org\/{rel}","templated":true}]}}