{"id":4381,"date":"2024-11-25T13:36:27","date_gmt":"2024-11-25T13:36:27","guid":{"rendered":"https:\/\/tecnopacks.com.mx\/empaque\/?post_type=product&#038;p=4381"},"modified":"2026-03-22T03:09:26","modified_gmt":"2026-03-22T03:09:26","slug":"maquina-cerradora-de-cajas-automatica-con-cinta-de-papel-kraft","status":"publish","type":"product","link":"https:\/\/tecnopacks.com.mx\/empaque\/producto\/maquinas\/encintadoras\/maquina-cerradora-de-cajas-automatica-con-cinta-de-papel-kraft\/","title":{"rendered":"Maquina Cerradora de cajas automatica con cinta de  papel kraft"},"content":{"rendered":"\n<h1><em><strong><span style=\"text-decoration: underline;\">maquina cerradora de cajas automatica<\/span> con cinta de papel kraft: la mejor opcion para tu empresa\u00a0<\/strong><\/em><\/h1>\n<h1><a href=\"https:\/\/tecnopacks.com.mx\/\"><span style=\"text-decoration: underline;\"><em><strong>Maquina Cerradora de cajas automatica con cinta de papel kraft<\/strong><\/em><\/span><\/a><\/h1>\n<p><em><span style=\"text-decoration: underline;\"><strong>Maquina Cerradora de cajas automatica con cinta de papel kraft<\/strong><\/span><\/em><\/p>\n<p>En Tecnopacks, te ofrecemos la <span style=\"text-decoration: underline;\"><strong>m\u00e1quina cerradora de cajas autom\u00e1tica con cinta de papel kraft<\/strong><\/span>, una soluci\u00f3n avanzada para el cierre eficiente y profesional de cajas en tu negocio. Esta m\u00e1quina est\u00e1 dise\u00f1ada para sellar cajas de forma autom\u00e1tica utilizando cinta de papel kraft, ofreciendo un acabado limpio, seguro y ecol\u00f3gico, ideal para aquellos que buscan una alternativa sostenible en sus procesos de embalaje.<\/p>\n<p>La<span style=\"text-decoration: underline;\"><strong> m\u00e1quina cerradora de cajas autom\u00e1tica con cinta de papel kraft<\/strong><\/span> es perfecta para negocios que manejan altos vol\u00famenes de env\u00edos, ya que permite acelerar el proceso de empaquetado, reduciendo el tiempo y esfuerzo dedicados al cierre manual. Adem\u00e1s, al utilizar cinta de papel kraft, tus empaques tendr\u00e1n un aspecto profesional y m\u00e1s respetuoso con el medio ambiente.<\/p>\n<p>En Tecnopacks, no solo te ofrecemos maquinaria de alta calidad, sino que tambi\u00e9n te brindamos una experiencia de compra completa con beneficios \u00fanicos. Nuestro equipo est\u00e1 siempre disponible para resolver cualquier duda y brindarte asistencia t\u00e9cnica antes, durante y despu\u00e9s de tu compra, asegurando que saques el m\u00e1ximo provecho de tu cerradora autom\u00e1tica. Adem\u00e1s, contamos con un inventario completo de refacciones para todas nuestras m\u00e1quinas, garantizando que, en caso de necesitar alguna pieza, puedas obtenerla de manera r\u00e1pida y sencilla, minimizando cualquier tiempo de inactividad.<\/p>\n<p>En Tecnopacks, solo trabajamos con equipos que cumplen los m\u00e1s altos est\u00e1ndares de calidad. Cada m\u00e1quina cerradora pasa por rigurosos controles de calidad para asegurar su rendimiento \u00f3ptimo y durabilidad, d\u00e1ndote la confianza de que est\u00e1s adquiriendo un producto fiable.<\/p>\n<p>Invertir en la m\u00e1quina <strong>cerradora de cajas autom\u00e1tica<\/strong> con cinta de papel kraft de Tecnopacks es una decisi\u00f3n inteligente para optimizar tus procesos de embalaje y darle a tus productos un cierre seguro y de alta calidad. No comprometas la eficiencia ni la imagen de tus env\u00edos: conf\u00eda en Tecnopacks para obtener la mejor maquinaria del mercado.<\/p>\n<hr>\n<p>\u2b50\ufe0f\u2b50\ufe0f\u2b50\ufe0f\u2b50\ufe0f\u2b50\ufe0f<br>\nAlejandro Guti\u00e9rrez \u2013 Gerente de una f\u00e1brica de alimentos en Nuevo Le\u00f3n<br>\n\u201cDecid\u00ed comprar la m\u00e1quina cerradora de cajas autom\u00e1tica con cinta de papel kraft de Tecnopacks para optimizar el cierre de nuestros paquetes, y fue una excelente decisi\u00f3n. La velocidad y precisi\u00f3n con la que funciona nos han permitido aumentar la producci\u00f3n diaria, manteniendo un acabado limpio y profesional. Adem\u00e1s, el soporte de Tecnopacks fue incre\u00edble; desde el primer momento me explicaron todo lo que necesitaba saber y me dieron la confianza de que estaba eligiendo la m\u00e1quina correcta. Saber que tienen piezas de repuesto siempre disponibles me da la tranquilidad de que mi inversi\u00f3n est\u00e1 protegida. \u00a1Altamente recomendable<a href=\"https:\/\/www.youtube.com\/@tecno-pack765\">!\u201d<\/a><\/p>\n<h2>nuestra <em><span style=\"text-decoration: underline;\"><strong>Maquina Cerradora de cajas automatica con cinta de papel kraft<\/strong><\/span><\/em>\n<\/h2>\n","protected":false},"excerpt":{"rendered":"<p>VOLTAJE\u00a0 \u00a0220V<\/p>\n<p>POTENCIA\u00a0 \u00a0 700W<\/p>\n<p>MAX. TAMA\u00d1O DE CAJA\u00a0 \u00a0 \u00a0 LARGO ILIMITADO\u00a0 \u00a0 \u00a0ANCHO 50CM\u00a0 ALTO\u00a0 60CM<\/p>\n<p>MIN. TAMA\u00d1O DE CAJA\u00a0 \u00a0 \u00a0 17CM X 17CM X 13CM<\/p>\n<p>CINTA ADECUADA :\u00a0 \u00a0 \u00a0CINTA ACUATICA DE PAPEL KRAFT<\/p>\n<p>&nbsp;<\/p>\n<p>ANCHO DE LA CINTA\u00a0 \u00a048MM A 75MM<\/p>\n<p>MAX DIAMETRO DE LA CINTA :\u00a0 \u00a0420MM<\/p>\n","protected":false},"featured_media":4376,"template":"","meta":[],"product_brand":[],"product_cat":[10733,161,162,45],"product_tag":[1008,1011,1009,980,1010,979,1007],"class_list":{"0":"post-4381","1":"product","2":"type-product","3":"status-publish","4":"has-post-thumbnail","6":"product_cat-encintadoras-de-cajas","7":"product_cat-maquina-de-sellado-de-carton-semiautomatico","8":"product_cat-maquina-selladora-de-cajas-de-carton","9":"product_cat-encintadoras","10":"product_tag-cerradora-de-cajas-automatica","11":"product_tag-encintadora-amazon","12":"product_tag-encintadora-para-cinta-de-carton","13":"product_tag-encintadora-semiauotmatica","14":"product_tag-encintadora-tipo-mercado-libre","15":"product_tag-maquina-encintadora","16":"product_tag-maquina-encintadora-automatica","18":"first","19":"instock","20":"shipping-taxable","21":"product-type-simple"},"_links":{"self":[{"href":"https:\/\/tecnopacks.com.mx\/empaque\/wp-json\/wp\/v2\/product\/4381","targetHints":{"allow":["GET"]}}],"collection":[{"href":"https:\/\/tecnopacks.com.mx\/empaque\/wp-json\/wp\/v2\/product"}],"about":[{"href":"https:\/\/tecnopacks.com.mx\/empaque\/wp-json\/wp\/v2\/types\/product"}],"wp:featuredmedia":[{"embeddable":true,"href":"https:\/\/tecnopacks.com.mx\/empaque\/wp-json\/wp\/v2\/media\/4376"}],"wp:attachment":[{"href":"https:\/\/tecnopacks.com.mx\/empaque\/wp-json\/wp\/v2\/media?parent=4381"}],"wp:term":[{"taxonomy":"product_brand","embeddable":true,"href":"https:\/\/tecnopacks.com.mx\/empaque\/wp-json\/wp\/v2\/product_brand?post=4381"},{"taxonomy":"product_cat","embeddable":true,"href":"https:\/\/tecnopacks.com.mx\/empaque\/wp-json\/wp\/v2\/product_cat?post=4381"},{"taxonomy":"product_tag","embeddable":true,"href":"https:\/\/tecnopacks.com.mx\/empaque\/wp-json\/wp\/v2\/product_tag?post=4381"}],"curies":[{"name":"wp","href":"https:\/\/api.w.org\/{rel}","templated":true}]}}